{"id":6350,"date":"2025-04-29T21:35:45","date_gmt":"2025-04-29T21:35:45","guid":{"rendered":"https:\/\/imkanatinternational.com\/artificial-jewellery-from-india\/"},"modified":"2025-07-03T10:16:52","modified_gmt":"2025-07-03T10:16:52","slug":"artificial-jewellery-from-india","status":"publish","type":"page","link":"https:\/\/imkanatinternational.com\/fr\/artificial-jewellery-from-india\/","title":{"rendered":"Bijoux fantaisie en provenance d\u2019Inde"},"content":{"rendered":"\t\t<div data-elementor-type=\"wp-page\" data-elementor-id=\"6350\" class=\"elementor elementor-6350 elementor-2519\" data-elementor-post-type=\"page\">\n\t\t\t\t<div class=\"elementor-element elementor-element-097de94 e-flex e-con-boxed wpr-particle-no wpr-jarallax-no wpr-parallax-no wpr-sticky-section-no e-con e-parent\" data-id=\"097de94\" data-element_type=\"container\" data-settings=\"{&quot;background_background&quot;:&quot;classic&quot;}\">\n\t\t\t\t\t<div class=\"e-con-inner\">\n\t\t<div class=\"elementor-element elementor-element-468f77e e-con-full e-flex wpr-particle-no wpr-jarallax-no wpr-parallax-no wpr-sticky-section-no e-con e-child\" data-id=\"468f77e\" data-element_type=\"container\">\n\t\t<div class=\"elementor-element elementor-element-789b846 e-con-full e-flex wpr-particle-no wpr-jarallax-no wpr-parallax-no wpr-sticky-section-no e-con e-child\" data-id=\"789b846\" data-element_type=\"container\">\n\t\t\t\t<div class=\"elementor-element elementor-element-b3d9271 elementor-widget elementor-widget-text-editor\" data-id=\"b3d9271\" data-element_type=\"widget\" data-widget_type=\"text-editor.default\">\n\t\t\t\t<div class=\"elementor-widget-container\">\n\t\t\t\t\t\t\t\t\t<p><span style=\"font-weight: 400;\"><br \/><\/span>L\u2019Inde est r\u00e9put\u00e9e pour son savoir-faire exceptionnel dans la fabrication de bijoux fantaisie, alliant \u00e9l\u00e9gance traditionnelle et tendances modernes.<br data-start=\"719\" data-end=\"722\" \/>Notre gamme d\u2019exportation comprend des bijoux de mode abordables, de haute qualit\u00e9, qui s\u00e9duisent les march\u00e9s mondiaux.<br data-start=\"841\" data-end=\"844\" \/>Nos pi\u00e8ces offrent durabilit\u00e9, attrait esth\u00e9tique et qualit\u00e9 pr\u00eate \u00e0 l\u2019export \u2014 id\u00e9ales pour les boutiques, grossistes et d\u00e9taillants de mode \u00e0 l\u2019international.<\/p>\t\t\t\t\t\t\t\t<\/div>\n\t\t\t\t<\/div>\n\t\t\t\t<div class=\"elementor-element elementor-element-8a896a8 elementor-mobile-align-center elementor-widget elementor-widget-button\" data-id=\"8a896a8\" data-element_type=\"widget\" data-widget_type=\"button.default\">\n\t\t\t\t<div class=\"elementor-widget-container\">\n\t\t\t\t\t\t\t\t\t<div class=\"elementor-button-wrapper\">\n\t\t\t\t\t<a class=\"elementor-button elementor-button-link elementor-size-md\" href=\"https:\/\/imkanatinternational.com\/contact-us\/\">\n\t\t\t\t\t\t<span class=\"elementor-button-content-wrapper\">\n\t\t\t\t\t\t\t\t\t<span class=\"elementor-button-text\">En savoir plus<\/span>\n\t\t\t\t\t<\/span>\n\t\t\t\t\t<\/a>\n\t\t\t\t<\/div>\n\t\t\t\t\t\t\t\t<\/div>\n\t\t\t\t<\/div>\n\t\t\t\t<div class=\"elementor-element elementor-element-b0261f1 elementor-widget elementor-widget-heading\" data-id=\"b0261f1\" data-element_type=\"widget\" data-widget_type=\"heading.default\">\n\t\t\t\t<div class=\"elementor-widget-container\">\n\t\t\t\t\t<h2 class=\"elementor-heading-title elementor-size-default\">Bijoux fantaisie de l\u2019Inde<\/h2>\t\t\t\t<\/div>\n\t\t\t\t<\/div>\n\t\t\t\t<\/div>\n\t\t\t\t<\/div>\n\t\t\t\t\t<\/div>\n\t\t\t\t<\/div>\n\t\t<div class=\"elementor-element elementor-element-48c4e51 e-flex e-con-boxed wpr-particle-no wpr-jarallax-no wpr-parallax-no wpr-sticky-section-no e-con e-parent\" data-id=\"48c4e51\" data-element_type=\"container\">\n\t\t\t\t\t<div class=\"e-con-inner\">\n\t\t<div class=\"elementor-element elementor-element-d807381 e-con-full e-flex wpr-particle-no wpr-jarallax-no wpr-parallax-no wpr-sticky-section-no e-con e-child\" data-id=\"d807381\" data-element_type=\"container\">\n\t\t\t\t<\/div>\n\t\t<div class=\"elementor-element elementor-element-cc934ab e-con-full e-flex wpr-particle-no wpr-jarallax-no wpr-parallax-no wpr-sticky-section-no e-con e-child\" data-id=\"cc934ab\" data-element_type=\"container\">\n\t\t<div class=\"elementor-element elementor-element-8d1d2d3 e-con-full e-flex wpr-particle-no wpr-jarallax-no wpr-parallax-no wpr-sticky-section-no e-con e-child\" data-id=\"8d1d2d3\" data-element_type=\"container\">\n\t\t\t\t<div class=\"elementor-element elementor-element-dae0733 ekit-equal-height-disable elementor-widget elementor-widget-elementskit-image-box\" data-id=\"dae0733\" data-element_type=\"widget\" data-widget_type=\"elementskit-image-box.default\">\n\t\t\t\t<div class=\"elementor-widget-container\">\n\t\t\t\t\t<div class=\"ekit-wid-con\" >\n            <div class=\"elementskit-info-image-box ekit-image-box text-center simple-card\" >\n\n                \n                <div class=\"elementskit-box-header image-box-img-center\">\n\n                    <img fetchpriority=\"high\" decoding=\"async\" width=\"542\" height=\"295\" src=\"https:\/\/imkanatinternational.com\/wp-content\/uploads\/2025\/04\/Screenshot-2025-04-30-002822.png\" class=\"attachment-full size-full wp-image-2528\" alt=\"\" srcset=\"https:\/\/imkanatinternational.com\/wp-content\/uploads\/2025\/04\/Screenshot-2025-04-30-002822.png 542w, https:\/\/imkanatinternational.com\/wp-content\/uploads\/2025\/04\/Screenshot-2025-04-30-002822-300x163.png 300w\" sizes=\"(max-width: 542px) 100vw, 542px\" \/>\n                <\/div>\n                \n                <div class=\"elementskit-box-body ekit-image-box-body\">\n                    <div class=\"elementskit-box-content ekit-image-box-body-inner\">\n                                                                <div class=\"elementskit-box-style-content\">\n                        Bijoux dor\u00e9s fantaisie aux designs \u00e9l\u00e9gants et \u00e0 la finition proche de l\u2019or v\u00e9ritable.                    <\/div>\n                                    <\/div>\n\n                            <\/div>\n            <\/div>\n    <\/div>\t\t\t\t<\/div>\n\t\t\t\t<\/div>\n\t\t\t\t<\/div>\n\t\t<div class=\"elementor-element elementor-element-e4a4a96 e-con-full e-flex wpr-particle-no wpr-jarallax-no wpr-parallax-no wpr-sticky-section-no e-con e-child\" data-id=\"e4a4a96\" data-element_type=\"container\">\n\t\t\t\t<div class=\"elementor-element elementor-element-0b5023d ekit-equal-height-disable elementor-widget elementor-widget-elementskit-image-box\" data-id=\"0b5023d\" data-element_type=\"widget\" data-widget_type=\"elementskit-image-box.default\">\n\t\t\t\t<div class=\"elementor-widget-container\">\n\t\t\t\t\t<div class=\"ekit-wid-con\" >\n            <div class=\"elementskit-info-image-box ekit-image-box text-center simple-card\" >\n\n                \n                <div class=\"elementskit-box-header image-box-img-center\">\n\n                    <img decoding=\"async\" width=\"400\" height=\"332\" src=\"https:\/\/imkanatinternational.com\/wp-content\/uploads\/2025\/04\/Screenshot-2025-04-30-002847.png\" class=\"attachment-full size-full wp-image-2527\" alt=\"\" srcset=\"https:\/\/imkanatinternational.com\/wp-content\/uploads\/2025\/04\/Screenshot-2025-04-30-002847.png 400w, https:\/\/imkanatinternational.com\/wp-content\/uploads\/2025\/04\/Screenshot-2025-04-30-002847-300x249.png 300w\" sizes=\"(max-width: 400px) 100vw, 400px\" \/>\n                <\/div>\n                \n                <div class=\"elementskit-box-body ekit-image-box-body\">\n                    <div class=\"elementskit-box-content ekit-image-box-body-inner\">\n                                                                <div class=\"elementskit-box-style-content\">\n                        Parures Kundan &amp; Polki aux styles traditionnels, parfaites pour les f\u00eates et les mariages.                    <\/div>\n                                    <\/div>\n\n                            <\/div>\n            <\/div>\n    <\/div>\t\t\t\t<\/div>\n\t\t\t\t<\/div>\n\t\t\t\t<\/div>\n\t\t<div class=\"elementor-element elementor-element-7191150 e-con-full e-flex wpr-particle-no wpr-jarallax-no wpr-parallax-no wpr-sticky-section-no e-con e-child\" data-id=\"7191150\" data-element_type=\"container\">\n\t\t\t\t<div class=\"elementor-element elementor-element-2614094 ekit-equal-height-disable elementor-widget elementor-widget-elementskit-image-box\" data-id=\"2614094\" data-element_type=\"widget\" data-widget_type=\"elementskit-image-box.default\">\n\t\t\t\t<div class=\"elementor-widget-container\">\n\t\t\t\t\t<div class=\"ekit-wid-con\" >\n            <div class=\"elementskit-info-image-box ekit-image-box text-center simple-card\" >\n\n                \n                <div class=\"elementskit-box-header image-box-img-center\">\n\n                    <img decoding=\"async\" width=\"482\" height=\"363\" src=\"https:\/\/imkanatinternational.com\/wp-content\/uploads\/2025\/04\/Screenshot-2025-04-30-002922.png\" class=\"attachment-full size-full wp-image-2526\" alt=\"\" srcset=\"https:\/\/imkanatinternational.com\/wp-content\/uploads\/2025\/04\/Screenshot-2025-04-30-002922.png 482w, https:\/\/imkanatinternational.com\/wp-content\/uploads\/2025\/04\/Screenshot-2025-04-30-002922-300x226.png 300w\" sizes=\"(max-width: 482px) 100vw, 482px\" \/>\n                <\/div>\n                \n                <div class=\"elementskit-box-body ekit-image-box-body\">\n                    <div class=\"elementskit-box-content ekit-image-box-body-inner\">\n                                                                <div class=\"elementskit-box-style-content\">\n                        Bijoux oxyd\u00e9s au ton argent\u00e9 ethnique, id\u00e9als pour un look boh\u00e8me ou d\u00e9contract\u00e9.\n\n\n\n\n\n\n\n\nAsk ChatGPT\n\n\n\n\n\n\nAsk ChatGPT\n                    <\/div>\n                                    <\/div>\n\n                            <\/div>\n            <\/div>\n    <\/div>\t\t\t\t<\/div>\n\t\t\t\t<\/div>\n\t\t\t\t<\/div>\n\t\t\t\t<\/div>\n\t\t<div class=\"elementor-element elementor-element-4d753be e-con-full e-flex wpr-particle-no wpr-jarallax-no wpr-parallax-no wpr-sticky-section-no e-con e-child\" data-id=\"4d753be\" data-element_type=\"container\">\n\t\t<div class=\"elementor-element elementor-element-ee7ef0d e-con-full e-flex wpr-particle-no wpr-jarallax-no wpr-parallax-no wpr-sticky-section-no e-con e-child\" data-id=\"ee7ef0d\" data-element_type=\"container\">\n\t\t\t\t<div class=\"elementor-element elementor-element-185adf7 ekit-equal-height-disable elementor-widget elementor-widget-elementskit-image-box\" data-id=\"185adf7\" data-element_type=\"widget\" data-widget_type=\"elementskit-image-box.default\">\n\t\t\t\t<div class=\"elementor-widget-container\">\n\t\t\t\t\t<div class=\"ekit-wid-con\" >\n            <div class=\"elementskit-info-image-box ekit-image-box text-center simple-card\" >\n\n                \n                <div class=\"elementskit-box-header image-box-img-center\">\n\n                    <img loading=\"lazy\" decoding=\"async\" width=\"740\" height=\"437\" src=\"https:\/\/imkanatinternational.com\/wp-content\/uploads\/2025\/04\/luxury-shine-diamonds-digital-art_23-2151695039.avif\" class=\"attachment-full size-full wp-image-2535\" alt=\"\" srcset=\"https:\/\/imkanatinternational.com\/wp-content\/uploads\/2025\/04\/luxury-shine-diamonds-digital-art_23-2151695039.avif 740w, https:\/\/imkanatinternational.com\/wp-content\/uploads\/2025\/04\/luxury-shine-diamonds-digital-art_23-2151695039-300x177.avif 300w\" sizes=\"(max-width: 740px) 100vw, 740px\" \/>\n                <\/div>\n                \n                <div class=\"elementskit-box-body ekit-image-box-body\">\n                    <div class=\"elementskit-box-content ekit-image-box-body-inner\">\n                                                                <div class=\"elementskit-box-style-content\">\n                        Bijoux en diamant am\u00e9ricain avec des pierres scintillantes, au design moderne et classiquedesigns.\n\n                    <\/div>\n                                    <\/div>\n\n                            <\/div>\n            <\/div>\n    <\/div>\t\t\t\t<\/div>\n\t\t\t\t<\/div>\n\t\t\t\t<\/div>\n\t\t<div class=\"elementor-element elementor-element-5331a14 e-con-full e-flex wpr-particle-no wpr-jarallax-no wpr-parallax-no wpr-sticky-section-no e-con e-child\" data-id=\"5331a14\" data-element_type=\"container\">\n\t\t\t\t<div class=\"elementor-element elementor-element-2824f8c ekit-equal-height-disable elementor-widget elementor-widget-elementskit-image-box\" data-id=\"2824f8c\" data-element_type=\"widget\" data-widget_type=\"elementskit-image-box.default\">\n\t\t\t\t<div class=\"elementor-widget-container\">\n\t\t\t\t\t<div class=\"ekit-wid-con\" >\n            <div class=\"elementskit-info-image-box ekit-image-box text-center simple-card\" >\n\n                \n                <div class=\"elementskit-box-header image-box-img-center\">\n\n                    <img loading=\"lazy\" decoding=\"async\" width=\"531\" height=\"367\" src=\"https:\/\/imkanatinternational.com\/wp-content\/uploads\/2025\/04\/Screenshot-2025-04-30-003026.png\" class=\"attachment-full size-full wp-image-2524\" alt=\"\" srcset=\"https:\/\/imkanatinternational.com\/wp-content\/uploads\/2025\/04\/Screenshot-2025-04-30-003026.png 531w, https:\/\/imkanatinternational.com\/wp-content\/uploads\/2025\/04\/Screenshot-2025-04-30-003026-300x207.png 300w\" sizes=\"(max-width: 531px) 100vw, 531px\" \/>\n                <\/div>\n                \n                <div class=\"elementskit-box-body ekit-image-box-body\">\n                    <div class=\"elementskit-box-content ekit-image-box-body-inner\">\n                                                                <div class=\"elementskit-box-style-content\">\n                        Bijoux en perles et fils, faits main et color\u00e9s, parfaits pour la mode contemporaine                    <\/div>\n                                    <\/div>\n\n                            <\/div>\n            <\/div>\n    <\/div>\t\t\t\t<\/div>\n\t\t\t\t<\/div>\n\t\t\t\t<\/div>\n\t\t\t\t<\/div>\n\t\t<div class=\"elementor-element elementor-element-f0413ed e-con-full e-flex wpr-particle-no wpr-jarallax-no wpr-parallax-no wpr-sticky-section-no e-con e-child\" data-id=\"f0413ed\" data-element_type=\"container\">\n\t\t\t\t<\/div>\n\t\t\t\t\t<\/div>\n\t\t\t\t<\/div>\n\t\t\t\t<\/div>\n\t\t","protected":false},"excerpt":{"rendered":"<p>L\u2019Inde est r\u00e9put\u00e9e pour son savoir-faire exceptionnel dans la fabrication de bijoux fantaisie, alliant \u00e9l\u00e9gance traditionnelle et tendances modernes.Notre gamme d\u2019exportation comprend des bijoux de mode abordables, de haute qualit\u00e9, qui s\u00e9duisent les march\u00e9s mondiaux.Nos pi\u00e8ces offrent durabilit\u00e9, attrait esth\u00e9tique et qualit\u00e9 pr\u00eate \u00e0 l\u2019export \u2014 id\u00e9ales pour les boutiques, grossistes et d\u00e9taillants de mode \u00e0 l\u2019international. En savoir plus Bijoux fantaisie de l\u2019Inde Bijoux dor\u00e9s fantaisie aux designs \u00e9l\u00e9gants et \u00e0 la finition proche de l\u2019or v\u00e9ritable. Parures Kundan &amp; Polki aux styles traditionnels, parfaites pour les f\u00eates et les mariages. Bijoux oxyd\u00e9s au ton argent\u00e9 ethnique, id\u00e9als pour un look boh\u00e8me ou d\u00e9contract\u00e9. Ask ChatGPT Ask ChatGPT Bijoux en diamant am\u00e9ricain avec des pierres scintillantes, au design moderne et classiquedesigns. Bijoux en perles et fils, faits main et color\u00e9s, parfaits pour la mode contemporaine<\/p>\n","protected":false},"author":2,"featured_media":0,"parent":0,"menu_order":0,"comment_status":"closed","ping_status":"closed","template":"","meta":{"site-sidebar-layout":"no-sidebar","site-content-layout":"","ast-site-content-layout":"full-width-container","site-content-style":"default","site-sidebar-style":"default","ast-global-header-display":"","ast-banner-title-visibility":"","ast-main-header-display":"","ast-hfb-above-header-display":"","ast-hfb-below-header-display":"","ast-hfb-mobile-header-display":"","site-post-title":"disabled","ast-breadcrumbs-content":"","ast-featured-img":"disabled","footer-sml-layout":"","theme-transparent-header-meta":"","adv-header-id-meta":"","stick-header-meta":"","header-above-stick-meta":"","header-main-stick-meta":"","header-below-stick-meta":"","astra-migrate-meta-layouts":"default","ast-page-background-enabled":"default","ast-page-background-meta":{"desktop":{"background-color":"var(--ast-global-color-5)","background-image":"","background-repeat":"repeat","background-position":"center center","background-size":"auto","background-attachment":"scroll","background-type":"","background-media":"","overlay-type":"","overlay-color":"","overlay-opacity":"","overlay-gradient":""},"tablet":{"background-color":"","background-image":"","background-repeat":"repeat","background-position":"center center","background-size":"auto","background-attachment":"scroll","background-type":"","background-media":"","overlay-type":"","overlay-color":"","overlay-opacity":"","overlay-gradient":""},"mobile":{"background-color":"","background-image":"","background-repeat":"repeat","background-position":"center center","background-size":"auto","background-attachment":"scroll","background-type":"","background-media":"","overlay-type":"","overlay-color":"","overlay-opacity":"","overlay-gradient":""}},"ast-content-background-meta":{"desktop":{"background-color":"var(--ast-global-color-4)","background-image":"","background-repeat":"repeat","background-position":"center center","background-size":"auto","background-attachment":"scroll","background-type":"","background-media":"","overlay-type":"","overlay-color":"","overlay-opacity":"","overlay-gradient":""},"tablet":{"background-color":"var(--ast-global-color-4)","background-image":"","background-repeat":"repeat","background-position":"center center","background-size":"auto","background-attachment":"scroll","background-type":"","background-media":"","overlay-type":"","overlay-color":"","overlay-opacity":"","overlay-gradient":""},"mobile":{"background-color":"var(--ast-global-color-4)","background-image":"","background-repeat":"repeat","background-position":"center center","background-size":"auto","background-attachment":"scroll","background-type":"","background-media":"","overlay-type":"","overlay-color":"","overlay-opacity":"","overlay-gradient":""}},"footnotes":""},"class_list":["post-6350","page","type-page","status-publish","hentry"],"_links":{"self":[{"href":"https:\/\/imkanatinternational.com\/fr\/wp-json\/wp\/v2\/pages\/6350","targetHints":{"allow":["GET"]}}],"collection":[{"href":"https:\/\/imkanatinternational.com\/fr\/wp-json\/wp\/v2\/pages"}],"about":[{"href":"https:\/\/imkanatinternational.com\/fr\/wp-json\/wp\/v2\/types\/page"}],"author":[{"embeddable":true,"href":"https:\/\/imkanatinternational.com\/fr\/wp-json\/wp\/v2\/users\/2"}],"replies":[{"embeddable":true,"href":"https:\/\/imkanatinternational.com\/fr\/wp-json\/wp\/v2\/comments?post=6350"}],"version-history":[{"count":9,"href":"https:\/\/imkanatinternational.com\/fr\/wp-json\/wp\/v2\/pages\/6350\/revisions"}],"predecessor-version":[{"id":6370,"href":"https:\/\/imkanatinternational.com\/fr\/wp-json\/wp\/v2\/pages\/6350\/revisions\/6370"}],"wp:attachment":[{"href":"https:\/\/imkanatinternational.com\/fr\/wp-json\/wp\/v2\/media?parent=6350"}],"curies":[{"name":"wp","href":"https:\/\/api.w.org\/{rel}","templated":true}]}}