{"id":6423,"date":"2025-04-29T12:29:01","date_gmt":"2025-04-29T12:29:01","guid":{"rendered":"https:\/\/imkanatinternational.com\/building-material-construction-machinery\/"},"modified":"2025-07-03T11:06:37","modified_gmt":"2025-07-03T11:06:37","slug":"building-material-construction-machinery","status":"publish","type":"page","link":"https:\/\/imkanatinternational.com\/fr\/building-material-construction-machinery\/","title":{"rendered":"Mat\u00e9riaux de construction et machines de chantier"},"content":{"rendered":"\t\t<div data-elementor-type=\"wp-page\" data-elementor-id=\"6423\" class=\"elementor elementor-6423 elementor-2383\" data-elementor-post-type=\"page\">\n\t\t\t\t<div class=\"elementor-element elementor-element-c6d9084 e-flex e-con-boxed wpr-particle-no wpr-jarallax-no wpr-parallax-no wpr-sticky-section-no e-con e-parent\" data-id=\"c6d9084\" data-element_type=\"container\" data-settings=\"{&quot;background_background&quot;:&quot;classic&quot;}\">\n\t\t\t\t\t<div class=\"e-con-inner\">\n\t\t<div class=\"elementor-element elementor-element-8f6ac91 e-con-full e-flex wpr-particle-no wpr-jarallax-no wpr-parallax-no wpr-sticky-section-no e-con e-child\" data-id=\"8f6ac91\" data-element_type=\"container\">\n\t\t<div class=\"elementor-element elementor-element-c473111 e-con-full e-flex wpr-particle-no wpr-jarallax-no wpr-parallax-no wpr-sticky-section-no e-con e-child\" data-id=\"c473111\" data-element_type=\"container\">\n\t\t\t\t<div class=\"elementor-element elementor-element-66c3dc5 elementor-widget elementor-widget-text-editor\" data-id=\"66c3dc5\" data-element_type=\"widget\" data-widget_type=\"text-editor.default\">\n\t\t\t\t<div class=\"elementor-widget-container\">\n\t\t\t\t\t\t\t\t\t<p>Nous b\u00e2tissons le monde avec l\u2019excellence indienne.<br data-start=\"401\" data-end=\"404\" \/>L\u2019Inde est un leader dans l\u2019exportation de mat\u00e9riaux de construction de haute qualit\u00e9 et de machines fiables, id\u00e9ales pour les projets d\u2019infrastructure, de logement et industriels \u00e0 travers le monde.<\/p>\t\t\t\t\t\t\t\t<\/div>\n\t\t\t\t<\/div>\n\t\t\t\t<div class=\"elementor-element elementor-element-f77832a elementor-mobile-align-center elementor-widget elementor-widget-button\" data-id=\"f77832a\" data-element_type=\"widget\" data-widget_type=\"button.default\">\n\t\t\t\t<div class=\"elementor-widget-container\">\n\t\t\t\t\t\t\t\t\t<div class=\"elementor-button-wrapper\">\n\t\t\t\t\t<a class=\"elementor-button elementor-button-link elementor-size-md\" href=\"https:\/\/imkanatinternational.com\/contact-us\/\">\n\t\t\t\t\t\t<span class=\"elementor-button-content-wrapper\">\n\t\t\t\t\t\t\t\t\t<span class=\"elementor-button-text\">En savoir plus<\/span>\n\t\t\t\t\t<\/span>\n\t\t\t\t\t<\/a>\n\t\t\t\t<\/div>\n\t\t\t\t\t\t\t\t<\/div>\n\t\t\t\t<\/div>\n\t\t\t\t<\/div>\n\t\t\t\t<\/div>\n\t\t\t\t\t<\/div>\n\t\t\t\t<\/div>\n\t\t<div class=\"elementor-element elementor-element-c4e761b e-flex e-con-boxed wpr-particle-no wpr-jarallax-no wpr-parallax-no wpr-sticky-section-no e-con e-parent\" data-id=\"c4e761b\" data-element_type=\"container\">\n\t\t\t\t\t<div class=\"e-con-inner\">\n\t\t<div class=\"elementor-element elementor-element-b628d0d e-con-full e-flex wpr-particle-no wpr-jarallax-no wpr-parallax-no wpr-sticky-section-no e-con e-child\" data-id=\"b628d0d\" data-element_type=\"container\">\n\t\t\t\t<\/div>\n\t\t<div class=\"elementor-element elementor-element-10de12c e-con-full e-flex wpr-particle-no wpr-jarallax-no wpr-parallax-no wpr-sticky-section-no e-con e-child\" data-id=\"10de12c\" data-element_type=\"container\">\n\t\t<div class=\"elementor-element elementor-element-9aa3627 e-con-full e-flex wpr-particle-no wpr-jarallax-no wpr-parallax-no wpr-sticky-section-no e-con e-child\" data-id=\"9aa3627\" data-element_type=\"container\">\n\t\t\t\t<div class=\"elementor-element elementor-element-1645d93 ekit-equal-height-disable elementor-widget elementor-widget-elementskit-image-box\" data-id=\"1645d93\" data-element_type=\"widget\" data-widget_type=\"elementskit-image-box.default\">\n\t\t\t\t<div class=\"elementor-widget-container\">\n\t\t\t\t\t<div class=\"ekit-wid-con\" >\n            <div class=\"elementskit-info-image-box ekit-image-box text-center simple-card\" >\n\n                \n                <div class=\"elementskit-box-header image-box-img-center\">\n\n                    <img fetchpriority=\"high\" decoding=\"async\" width=\"786\" height=\"523\" src=\"https:\/\/imkanatinternational.com\/wp-content\/uploads\/2025\/05\/Screenshot-2025-05-02-144613.png\" class=\"attachment-full size-full wp-image-2750\" alt=\"\" srcset=\"https:\/\/imkanatinternational.com\/wp-content\/uploads\/2025\/05\/Screenshot-2025-05-02-144613.png 786w, https:\/\/imkanatinternational.com\/wp-content\/uploads\/2025\/05\/Screenshot-2025-05-02-144613-300x200.png 300w, https:\/\/imkanatinternational.com\/wp-content\/uploads\/2025\/05\/Screenshot-2025-05-02-144613-768x511.png 768w\" sizes=\"(max-width: 786px) 100vw, 786px\" \/>\n                <\/div>\n                \n                <div class=\"elementskit-box-body ekit-image-box-body\">\n                    <div class=\"elementskit-box-content ekit-image-box-body-inner\">\n                                                <h3 class=\"elementskit-info-box-title\">\n\n                        Machines textiles\n                        \n                    <\/h3>\n                                                            <div class=\"elementskit-box-style-content\">\n                        Des machines utilis\u00e9es dans la fabrication de tissus et de v\u00eatements, notamment le filage, le tissage, le tricotage, la teinture et la finition.\n\n                    <\/div>\n                                    <\/div>\n\n                            <\/div>\n            <\/div>\n    <\/div>\t\t\t\t<\/div>\n\t\t\t\t<\/div>\n\t\t\t\t<\/div>\n\t\t<div class=\"elementor-element elementor-element-864c541 e-con-full e-flex wpr-particle-no wpr-jarallax-no wpr-parallax-no wpr-sticky-section-no e-con e-child\" data-id=\"864c541\" data-element_type=\"container\">\n\t\t\t\t<div class=\"elementor-element elementor-element-8000882 ekit-equal-height-disable elementor-widget elementor-widget-elementskit-image-box\" data-id=\"8000882\" data-element_type=\"widget\" data-widget_type=\"elementskit-image-box.default\">\n\t\t\t\t<div class=\"elementor-widget-container\">\n\t\t\t\t\t<div class=\"ekit-wid-con\" >\n            <div class=\"elementskit-info-image-box ekit-image-box text-center simple-card\" >\n\n                \n                <div class=\"elementskit-box-header image-box-img-center\">\n\n                    <img decoding=\"async\" width=\"782\" height=\"435\" src=\"https:\/\/imkanatinternational.com\/wp-content\/uploads\/2025\/05\/Screenshot-2025-05-02-144620.png\" class=\"attachment-full size-full wp-image-2749\" alt=\"\" srcset=\"https:\/\/imkanatinternational.com\/wp-content\/uploads\/2025\/05\/Screenshot-2025-05-02-144620.png 782w, https:\/\/imkanatinternational.com\/wp-content\/uploads\/2025\/05\/Screenshot-2025-05-02-144620-300x167.png 300w, https:\/\/imkanatinternational.com\/wp-content\/uploads\/2025\/05\/Screenshot-2025-05-02-144620-768x427.png 768w\" sizes=\"(max-width: 782px) 100vw, 782px\" \/>\n                <\/div>\n                \n                <div class=\"elementskit-box-body ekit-image-box-body\">\n                    <div class=\"elementskit-box-content ekit-image-box-body-inner\">\n                                                <h3 class=\"elementskit-info-box-title\">\n\n                         Machines agricoles\n                        \n                    <\/h3>\n                                                            <div class=\"elementskit-box-style-content\">\n                        \u00c9quipements comme les tracteurs, moissonneuses, semoirs et syst\u00e8mes d\u2019irrigation con\u00e7us pour am\u00e9liorer l\u2019efficacit\u00e9 et la productivit\u00e9 agricoles.\n\n                    <\/div>\n                                    <\/div>\n\n                            <\/div>\n            <\/div>\n    <\/div>\t\t\t\t<\/div>\n\t\t\t\t<\/div>\n\t\t\t\t<\/div>\n\t\t<div class=\"elementor-element elementor-element-7d4426f e-con-full e-flex wpr-particle-no wpr-jarallax-no wpr-parallax-no wpr-sticky-section-no e-con e-child\" data-id=\"7d4426f\" data-element_type=\"container\">\n\t\t\t\t<div class=\"elementor-element elementor-element-b64d7a9 ekit-equal-height-disable elementor-widget elementor-widget-elementskit-image-box\" data-id=\"b64d7a9\" data-element_type=\"widget\" data-widget_type=\"elementskit-image-box.default\">\n\t\t\t\t<div class=\"elementor-widget-container\">\n\t\t\t\t\t<div class=\"ekit-wid-con\" >\n            <div class=\"elementskit-info-image-box ekit-image-box text-center simple-card\" >\n\n                \n                <div class=\"elementskit-box-header image-box-img-center\">\n\n                    <img decoding=\"async\" width=\"784\" height=\"493\" src=\"https:\/\/imkanatinternational.com\/wp-content\/uploads\/2025\/05\/Screenshot-2025-05-02-144628.png\" class=\"attachment-full size-full wp-image-2748\" alt=\"\" srcset=\"https:\/\/imkanatinternational.com\/wp-content\/uploads\/2025\/05\/Screenshot-2025-05-02-144628.png 784w, https:\/\/imkanatinternational.com\/wp-content\/uploads\/2025\/05\/Screenshot-2025-05-02-144628-300x189.png 300w, https:\/\/imkanatinternational.com\/wp-content\/uploads\/2025\/05\/Screenshot-2025-05-02-144628-768x483.png 768w\" sizes=\"(max-width: 784px) 100vw, 784px\" \/>\n                <\/div>\n                \n                <div class=\"elementskit-box-body ekit-image-box-body\">\n                    <div class=\"elementskit-box-content ekit-image-box-body-inner\">\n                                                <h3 class=\"elementskit-info-box-title\">\n\n                        \u00c9quipements de construction et de mines\n                        \n                    <\/h3>\n                                                            <div class=\"elementskit-box-style-content\">\n                        Comprend des grues, excavatrices, chargeuses et b\u00e9tonni\u00e8res utilis\u00e9es pour les infrastructures et les travaux publics.\n\n                    <\/div>\n                                    <\/div>\n\n                            <\/div>\n            <\/div>\n    <\/div>\t\t\t\t<\/div>\n\t\t\t\t<\/div>\n\t\t\t\t<\/div>\n\t\t\t\t<\/div>\n\t\t<div class=\"elementor-element elementor-element-3b4577e e-con-full e-flex wpr-particle-no wpr-jarallax-no wpr-parallax-no wpr-sticky-section-no e-con e-child\" data-id=\"3b4577e\" data-element_type=\"container\">\n\t\t<div class=\"elementor-element elementor-element-e88d7ec e-con-full e-flex wpr-particle-no wpr-jarallax-no wpr-parallax-no wpr-sticky-section-no e-con e-child\" data-id=\"e88d7ec\" data-element_type=\"container\">\n\t\t\t\t<div class=\"elementor-element elementor-element-7af2095 ekit-equal-height-disable elementor-widget elementor-widget-elementskit-image-box\" data-id=\"7af2095\" data-element_type=\"widget\" data-widget_type=\"elementskit-image-box.default\">\n\t\t\t\t<div class=\"elementor-widget-container\">\n\t\t\t\t\t<div class=\"ekit-wid-con\" >\n            <div class=\"elementskit-info-image-box ekit-image-box text-center simple-card\" >\n\n                \n                <div class=\"elementskit-box-header image-box-img-center\">\n\n                    <img loading=\"lazy\" decoding=\"async\" width=\"726\" height=\"614\" src=\"https:\/\/imkanatinternational.com\/wp-content\/uploads\/2025\/05\/Screenshot-2025-05-02-144637.png\" class=\"attachment-full size-full wp-image-2747\" alt=\"\" srcset=\"https:\/\/imkanatinternational.com\/wp-content\/uploads\/2025\/05\/Screenshot-2025-05-02-144637.png 726w, https:\/\/imkanatinternational.com\/wp-content\/uploads\/2025\/05\/Screenshot-2025-05-02-144637-300x254.png 300w\" sizes=\"(max-width: 726px) 100vw, 726px\" \/>\n                <\/div>\n                \n                <div class=\"elementskit-box-body ekit-image-box-body\">\n                    <div class=\"elementskit-box-content ekit-image-box-body-inner\">\n                                                <h3 class=\"elementskit-info-box-title\">\n\n                        Machines d'emballage\n                        \n                    <\/h3>\n                                                            <div class=\"elementskit-box-style-content\">\n                        Syst\u00e8mes automatis\u00e9s pour emballer les produits \u2014 incluant le remplissage, la fermeture, l\u2019\u00e9tiquetage et l\u2019emballage ; essentiels pour les secteurs alimentaire, pharmaceutique et des biens de consommation.\n\n                    <\/div>\n                                    <\/div>\n\n                            <\/div>\n            <\/div>\n    <\/div>\t\t\t\t<\/div>\n\t\t\t\t<\/div>\n\t\t\t\t<\/div>\n\t\t<div class=\"elementor-element elementor-element-189a0d1 e-con-full e-flex wpr-particle-no wpr-jarallax-no wpr-parallax-no wpr-sticky-section-no e-con e-child\" data-id=\"189a0d1\" data-element_type=\"container\">\n\t\t\t\t<div class=\"elementor-element elementor-element-bc9573b ekit-equal-height-disable elementor-widget elementor-widget-elementskit-image-box\" data-id=\"bc9573b\" data-element_type=\"widget\" data-widget_type=\"elementskit-image-box.default\">\n\t\t\t\t<div class=\"elementor-widget-container\">\n\t\t\t\t\t<div class=\"ekit-wid-con\" >\n            <div class=\"elementskit-info-image-box ekit-image-box text-center simple-card\" >\n\n                \n                <div class=\"elementskit-box-header image-box-img-center\">\n\n                    <img loading=\"lazy\" decoding=\"async\" width=\"628\" height=\"542\" src=\"https:\/\/imkanatinternational.com\/wp-content\/uploads\/2025\/05\/Screenshot-2025-05-02-144645.png\" class=\"attachment-full size-full wp-image-2746\" alt=\"\" srcset=\"https:\/\/imkanatinternational.com\/wp-content\/uploads\/2025\/05\/Screenshot-2025-05-02-144645.png 628w, https:\/\/imkanatinternational.com\/wp-content\/uploads\/2025\/05\/Screenshot-2025-05-02-144645-300x259.png 300w\" sizes=\"(max-width: 628px) 100vw, 628px\" \/>\n                <\/div>\n                \n                <div class=\"elementskit-box-body ekit-image-box-body\">\n                    <div class=\"elementskit-box-content ekit-image-box-body-inner\">\n                                                <h3 class=\"elementskit-info-box-title\">\n\n                        Machines de transformation alimentaire\n                        \n                    <\/h3>\n                                                            <div class=\"elementskit-box-style-content\">\n                        Utilis\u00e9es pour transformer les mati\u00e8res premi\u00e8res alimentaires en produits consommables ; incluent des m\u00e9langeurs, broyeurs, fours et unit\u00e9s d\u2019emballage.\n\n                    <\/div>\n                                    <\/div>\n\n                            <\/div>\n            <\/div>\n    <\/div>\t\t\t\t<\/div>\n\t\t\t\t<\/div>\n\t\t\t\t<\/div>\n\t\t<div class=\"elementor-element elementor-element-7d1817b e-con-full e-flex wpr-particle-no wpr-jarallax-no wpr-parallax-no wpr-sticky-section-no e-con e-child\" data-id=\"7d1817b\" data-element_type=\"container\">\n\t\t\t\t<div class=\"elementor-element elementor-element-eedfce5 ekit-equal-height-disable elementor-widget elementor-widget-elementskit-image-box\" data-id=\"eedfce5\" data-element_type=\"widget\" data-widget_type=\"elementskit-image-box.default\">\n\t\t\t\t<div class=\"elementor-widget-container\">\n\t\t\t\t\t<div class=\"ekit-wid-con\" >\n            <div class=\"elementskit-info-image-box ekit-image-box text-center simple-card\" >\n\n                \n                <div class=\"elementskit-box-header image-box-img-center\">\n\n                    <img loading=\"lazy\" decoding=\"async\" width=\"775\" height=\"331\" src=\"https:\/\/imkanatinternational.com\/wp-content\/uploads\/2025\/05\/Screenshot-2025-05-02-144655.png\" class=\"attachment-full size-full wp-image-2744\" alt=\"\" srcset=\"https:\/\/imkanatinternational.com\/wp-content\/uploads\/2025\/05\/Screenshot-2025-05-02-144655.png 775w, https:\/\/imkanatinternational.com\/wp-content\/uploads\/2025\/05\/Screenshot-2025-05-02-144655-300x128.png 300w, https:\/\/imkanatinternational.com\/wp-content\/uploads\/2025\/05\/Screenshot-2025-05-02-144655-768x328.png 768w\" sizes=\"(max-width: 775px) 100vw, 775px\" \/>\n                <\/div>\n                \n                <div class=\"elementskit-box-body ekit-image-box-body\">\n                    <div class=\"elementskit-box-content ekit-image-box-body-inner\">\n                                                <h3 class=\"elementskit-info-box-title\">\n\n                        Machines pharmaceutiques\n                        \n                    <\/h3>\n                                                            <div class=\"elementskit-box-style-content\">\n                        \u00c9quipements sp\u00e9cialis\u00e9s pour la fabrication des comprim\u00e9s, le remplissage des g\u00e9lules, leur enrobage et emballage, utilis\u00e9s dans la production pharmaceutique.\n\n                    <\/div>\n                                    <\/div>\n\n                            <\/div>\n            <\/div>\n    <\/div>\t\t\t\t<\/div>\n\t\t\t\t<\/div>\n\t\t\t\t<\/div>\n\t\t\t\t<\/div>\n\t\t<div class=\"elementor-element elementor-element-0aa2e9a e-con-full e-flex wpr-particle-no wpr-jarallax-no wpr-parallax-no wpr-sticky-section-no e-con e-child\" data-id=\"0aa2e9a\" data-element_type=\"container\">\n\t\t<div class=\"elementor-element elementor-element-f69e2cd e-con-full e-flex wpr-particle-no wpr-jarallax-no wpr-parallax-no wpr-sticky-section-no e-con e-child\" data-id=\"f69e2cd\" data-element_type=\"container\">\n\t\t\t\t<div class=\"elementor-element elementor-element-fd6de56 ekit-equal-height-disable elementor-widget elementor-widget-elementskit-image-box\" data-id=\"fd6de56\" data-element_type=\"widget\" data-widget_type=\"elementskit-image-box.default\">\n\t\t\t\t<div class=\"elementor-widget-container\">\n\t\t\t\t\t<div class=\"ekit-wid-con\" >\n            <div class=\"elementskit-info-image-box ekit-image-box text-center simple-card\" >\n\n                \n                <div class=\"elementskit-box-header image-box-img-center\">\n\n                    <img loading=\"lazy\" decoding=\"async\" width=\"773\" height=\"522\" src=\"https:\/\/imkanatinternational.com\/wp-content\/uploads\/2025\/05\/Screenshot-2025-05-02-144701.png\" class=\"attachment-full size-full wp-image-2743\" alt=\"\" srcset=\"https:\/\/imkanatinternational.com\/wp-content\/uploads\/2025\/05\/Screenshot-2025-05-02-144701.png 773w, https:\/\/imkanatinternational.com\/wp-content\/uploads\/2025\/05\/Screenshot-2025-05-02-144701-300x203.png 300w, https:\/\/imkanatinternational.com\/wp-content\/uploads\/2025\/05\/Screenshot-2025-05-02-144701-768x519.png 768w\" sizes=\"(max-width: 773px) 100vw, 773px\" \/>\n                <\/div>\n                \n                <div class=\"elementskit-box-body ekit-image-box-body\">\n                    <div class=\"elementskit-box-content ekit-image-box-body-inner\">\n                                                <h3 class=\"elementskit-info-box-title\">\n\n                        \u00c9quipements d'\u00e9nergie renouvelable\n                        \n                    <\/h3>\n                                                            <div class=\"elementskit-box-style-content\">\n                        Syst\u00e8mes tels que les machines de fabrication de panneaux solaires et les unit\u00e9s de traitement de la biomasse, soutenant la production d'\u00e9nergie verte.\n\n                    <\/div>\n                                    <\/div>\n\n                            <\/div>\n            <\/div>\n    <\/div>\t\t\t\t<\/div>\n\t\t\t\t<\/div>\n\t\t\t\t<\/div>\n\t\t\t\t<\/div>\n\t\t\t\t\t<\/div>\n\t\t\t\t<\/div>\n\t\t\t\t<\/div>\n\t\t","protected":false},"excerpt":{"rendered":"<p>Nous b\u00e2tissons le monde avec l\u2019excellence indienne.L\u2019Inde est un leader dans l\u2019exportation de mat\u00e9riaux de construction de haute qualit\u00e9 et de machines fiables, id\u00e9ales pour les projets d\u2019infrastructure, de logement et industriels \u00e0 travers le monde. En savoir plus Machines textiles Des machines utilis\u00e9es dans la fabrication de tissus et de v\u00eatements, notamment le filage, le tissage, le tricotage, la teinture et la finition. Machines agricoles \u00c9quipements comme les tracteurs, moissonneuses, semoirs et syst\u00e8mes d\u2019irrigation con\u00e7us pour am\u00e9liorer l\u2019efficacit\u00e9 et la productivit\u00e9 agricoles. \u00c9quipements de construction et de mines Comprend des grues, excavatrices, chargeuses et b\u00e9tonni\u00e8res utilis\u00e9es pour les infrastructures et les travaux publics. Machines d&#8217;emballage Syst\u00e8mes automatis\u00e9s pour emballer les produits \u2014 incluant le remplissage, la fermeture, l\u2019\u00e9tiquetage et l\u2019emballage ; essentiels pour les secteurs alimentaire, pharmaceutique et des biens de consommation. Machines de transformation alimentaire Utilis\u00e9es pour transformer les mati\u00e8res premi\u00e8res alimentaires en produits consommables ; incluent des m\u00e9langeurs, broyeurs, fours et unit\u00e9s d\u2019emballage. Machines pharmaceutiques \u00c9quipements sp\u00e9cialis\u00e9s pour la fabrication des comprim\u00e9s, le remplissage des g\u00e9lules, leur enrobage et emballage, utilis\u00e9s dans la production pharmaceutique. \u00c9quipements d&rsquo;\u00e9nergie renouvelable Syst\u00e8mes tels que les machines de fabrication de panneaux solaires et les unit\u00e9s de traitement de la biomasse, soutenant la production d&rsquo;\u00e9nergie verte.<\/p>\n","protected":false},"author":2,"featured_media":0,"parent":0,"menu_order":0,"comment_status":"closed","ping_status":"closed","template":"","meta":{"site-sidebar-layout":"no-sidebar","site-content-layout":"","ast-site-content-layout":"full-width-container","site-content-style":"default","site-sidebar-style":"default","ast-global-header-display":"","ast-banner-title-visibility":"","ast-main-header-display":"","ast-hfb-above-header-display":"","ast-hfb-below-header-display":"","ast-hfb-mobile-header-display":"","site-post-title":"disabled","ast-breadcrumbs-content":"","ast-featured-img":"disabled","footer-sml-layout":"","theme-transparent-header-meta":"","adv-header-id-meta":"","stick-header-meta":"","header-above-stick-meta":"","header-main-stick-meta":"","header-below-stick-meta":"","astra-migrate-meta-layouts":"default","ast-page-background-enabled":"default","ast-page-background-meta":{"desktop":{"background-color":"var(--ast-global-color-5)","background-image":"","background-repeat":"repeat","background-position":"center center","background-size":"auto","background-attachment":"scroll","background-type":"","background-media":"","overlay-type":"","overlay-color":"","overlay-opacity":"","overlay-gradient":""},"tablet":{"background-color":"","background-image":"","background-repeat":"repeat","background-position":"center center","background-size":"auto","background-attachment":"scroll","background-type":"","background-media":"","overlay-type":"","overlay-color":"","overlay-opacity":"","overlay-gradient":""},"mobile":{"background-color":"","background-image":"","background-repeat":"repeat","background-position":"center center","background-size":"auto","background-attachment":"scroll","background-type":"","background-media":"","overlay-type":"","overlay-color":"","overlay-opacity":"","overlay-gradient":""}},"ast-content-background-meta":{"desktop":{"background-color":"var(--ast-global-color-4)","background-image":"","background-repeat":"repeat","background-position":"center center","background-size":"auto","background-attachment":"scroll","background-type":"","background-media":"","overlay-type":"","overlay-color":"","overlay-opacity":"","overlay-gradient":""},"tablet":{"background-color":"var(--ast-global-color-4)","background-image":"","background-repeat":"repeat","background-position":"center center","background-size":"auto","background-attachment":"scroll","background-type":"","background-media":"","overlay-type":"","overlay-color":"","overlay-opacity":"","overlay-gradient":""},"mobile":{"background-color":"var(--ast-global-color-4)","background-image":"","background-repeat":"repeat","background-position":"center center","background-size":"auto","background-attachment":"scroll","background-type":"","background-media":"","overlay-type":"","overlay-color":"","overlay-opacity":"","overlay-gradient":""}},"footnotes":""},"class_list":["post-6423","page","type-page","status-publish","hentry"],"_links":{"self":[{"href":"https:\/\/imkanatinternational.com\/fr\/wp-json\/wp\/v2\/pages\/6423","targetHints":{"allow":["GET"]}}],"collection":[{"href":"https:\/\/imkanatinternational.com\/fr\/wp-json\/wp\/v2\/pages"}],"about":[{"href":"https:\/\/imkanatinternational.com\/fr\/wp-json\/wp\/v2\/types\/page"}],"author":[{"embeddable":true,"href":"https:\/\/imkanatinternational.com\/fr\/wp-json\/wp\/v2\/users\/2"}],"replies":[{"embeddable":true,"href":"https:\/\/imkanatinternational.com\/fr\/wp-json\/wp\/v2\/comments?post=6423"}],"version-history":[{"count":13,"href":"https:\/\/imkanatinternational.com\/fr\/wp-json\/wp\/v2\/pages\/6423\/revisions"}],"predecessor-version":[{"id":6450,"href":"https:\/\/imkanatinternational.com\/fr\/wp-json\/wp\/v2\/pages\/6423\/revisions\/6450"}],"wp:attachment":[{"href":"https:\/\/imkanatinternational.com\/fr\/wp-json\/wp\/v2\/media?parent=6423"}],"curies":[{"name":"wp","href":"https:\/\/api.w.org\/{rel}","templated":true}]}}