{"id":6590,"date":"2025-05-01T14:35:34","date_gmt":"2025-05-01T14:35:34","guid":{"rendered":"https:\/\/imkanatinternational.com\/events-exhibitions\/"},"modified":"2025-07-03T12:51:52","modified_gmt":"2025-07-03T12:51:52","slug":"events-exhibitions","status":"publish","type":"page","link":"https:\/\/imkanatinternational.com\/fr\/events-exhibitions\/","title":{"rendered":"\u00c9v\u00e9nements et expositions"},"content":{"rendered":"\t\t<div data-elementor-type=\"wp-page\" data-elementor-id=\"6590\" class=\"elementor elementor-6590 elementor-2611\" data-elementor-post-type=\"page\">\n\t\t\t\t<div class=\"elementor-element elementor-element-c6d9084 e-flex e-con-boxed wpr-particle-no wpr-jarallax-no wpr-parallax-no wpr-sticky-section-no e-con e-parent\" data-id=\"c6d9084\" data-element_type=\"container\" data-settings=\"{&quot;background_background&quot;:&quot;classic&quot;}\">\n\t\t\t\t\t<div class=\"e-con-inner\">\n\t\t<div class=\"elementor-element elementor-element-8f6ac91 e-con-full e-flex wpr-particle-no wpr-jarallax-no wpr-parallax-no wpr-sticky-section-no e-con e-child\" data-id=\"8f6ac91\" data-element_type=\"container\">\n\t\t<div class=\"elementor-element elementor-element-c473111 e-con-full e-flex wpr-particle-no wpr-jarallax-no wpr-parallax-no wpr-sticky-section-no e-con e-child\" data-id=\"c473111\" data-element_type=\"container\">\n\t\t\t\t<div class=\"elementor-element elementor-element-66c3dc5 elementor-widget elementor-widget-text-editor\" data-id=\"66c3dc5\" data-element_type=\"widget\" data-widget_type=\"text-editor.default\">\n\t\t\t\t<div class=\"elementor-widget-container\">\n\t\t\t\t\t\t\t\t\t<p>Nous sommes sp\u00e9cialis\u00e9s dans la fourniture d&rsquo;exp\u00e9riences fluides et percutantes gr\u00e2ce \u00e0 nos services complets de conf\u00e9rences, \u00e9v\u00e9nements et expositions. De la planification \u00e0 l&rsquo;ex\u00e9cution, nous veillons \u00e0 ce que chaque d\u00e9tail soit trait\u00e9 avec pr\u00e9cision pour vous aider \u00e0 atteindre vos objectifs et laisser une impression durable \u00e0 votre public.<\/p>\t\t\t\t\t\t\t\t<\/div>\n\t\t\t\t<\/div>\n\t\t\t\t<div class=\"elementor-element elementor-element-f77832a elementor-mobile-align-center elementor-widget elementor-widget-button\" data-id=\"f77832a\" data-element_type=\"widget\" data-widget_type=\"button.default\">\n\t\t\t\t<div class=\"elementor-widget-container\">\n\t\t\t\t\t\t\t\t\t<div class=\"elementor-button-wrapper\">\n\t\t\t\t\t<a class=\"elementor-button elementor-button-link elementor-size-md\" href=\"https:\/\/imkanatinternational.com\/contact-us\/\">\n\t\t\t\t\t\t<span class=\"elementor-button-content-wrapper\">\n\t\t\t\t\t\t\t\t\t<span class=\"elementor-button-text\">En savoir plus<\/span>\n\t\t\t\t\t<\/span>\n\t\t\t\t\t<\/a>\n\t\t\t\t<\/div>\n\t\t\t\t\t\t\t\t<\/div>\n\t\t\t\t<\/div>\n\t\t\t\t<div class=\"elementor-element elementor-element-10a9ab0 elementor-widget elementor-widget-heading\" data-id=\"10a9ab0\" data-element_type=\"widget\" data-widget_type=\"heading.default\">\n\t\t\t\t<div class=\"elementor-widget-container\">\n\t\t\t\t\t<h2 class=\"elementor-heading-title elementor-size-default\">Nos services : Conf\u00e9rences, \u00c9v\u00e9nements et Expositions<\/h2>\t\t\t\t<\/div>\n\t\t\t\t<\/div>\n\t\t\t\t<\/div>\n\t\t\t\t<\/div>\n\t\t\t\t\t<\/div>\n\t\t\t\t<\/div>\n\t\t\t\t<section class=\"elementor-section elementor-top-section elementor-element elementor-element-8556e7f elementor-section-height-min-height elementor-section-boxed elementor-section-height-default elementor-section-items-middle wpr-particle-no wpr-jarallax-no wpr-parallax-no wpr-sticky-section-no\" data-id=\"8556e7f\" data-element_type=\"section\" data-settings=\"{&quot;background_background&quot;:&quot;classic&quot;}\">\n\t\t\t\t\t\t\t<div class=\"elementor-background-overlay\"><\/div>\n\t\t\t\t\t\t\t<div class=\"elementor-container elementor-column-gap-default\">\n\t\t\t\t\t<div class=\"elementor-column elementor-col-100 elementor-top-column elementor-element elementor-element-8c06de4\" data-id=\"8c06de4\" data-element_type=\"column\">\n\t\t\t<div class=\"elementor-widget-wrap elementor-element-populated\">\n\t\t\t\t\t\t<section class=\"elementor-section elementor-inner-section elementor-element elementor-element-c0f57d9 elementor-section-boxed elementor-section-height-default elementor-section-height-default wpr-particle-no wpr-jarallax-no wpr-parallax-no wpr-sticky-section-no\" data-id=\"c0f57d9\" data-element_type=\"section\">\n\t\t\t\t\t\t<div class=\"elementor-container elementor-column-gap-default\">\n\t\t\t\t\t<div class=\"elementor-column elementor-col-50 elementor-inner-column elementor-element elementor-element-529cd83\" data-id=\"529cd83\" data-element_type=\"column\">\n\t\t\t<div class=\"elementor-widget-wrap elementor-element-populated\">\n\t\t\t\t\t\t<div class=\"elementor-element elementor-element-2801897 elementor-widget elementor-widget-image\" data-id=\"2801897\" data-element_type=\"widget\" data-widget_type=\"image.default\">\n\t\t\t\t<div class=\"elementor-widget-container\">\n\t\t\t\t\t\t\t\t\t\t\t\t\t\t\t<img fetchpriority=\"high\" decoding=\"async\" width=\"871\" height=\"526\" src=\"https:\/\/imkanatinternational.com\/wp-content\/uploads\/2025\/05\/Screenshot-2025-05-01-173647.png\" class=\"elementor-animation-hang attachment-large size-large wp-image-5824\" alt=\"\" srcset=\"https:\/\/imkanatinternational.com\/wp-content\/uploads\/2025\/05\/Screenshot-2025-05-01-173647.png 871w, https:\/\/imkanatinternational.com\/wp-content\/uploads\/2025\/05\/Screenshot-2025-05-01-173647-300x181.png 300w, https:\/\/imkanatinternational.com\/wp-content\/uploads\/2025\/05\/Screenshot-2025-05-01-173647-768x464.png 768w\" sizes=\"(max-width: 871px) 100vw, 871px\" \/>\t\t\t\t\t\t\t\t\t\t\t\t\t\t\t<\/div>\n\t\t\t\t<\/div>\n\t\t\t\t\t<\/div>\n\t\t<\/div>\n\t\t\t\t<div class=\"elementor-column elementor-col-50 elementor-inner-column elementor-element elementor-element-54fae65\" data-id=\"54fae65\" data-element_type=\"column\" data-settings=\"{&quot;background_background&quot;:&quot;classic&quot;}\">\n\t\t\t<div class=\"elementor-widget-wrap elementor-element-populated\">\n\t\t\t\t\t\t<div class=\"elementor-element elementor-element-7dfaf20 elementor-widget elementor-widget-heading\" data-id=\"7dfaf20\" data-element_type=\"widget\" data-widget_type=\"heading.default\">\n\t\t\t\t<div class=\"elementor-widget-container\">\n\t\t\t\t\t<h3 class=\"elementor-heading-title elementor-size-default\">Services de conf\u00e9rence<\/h3>\t\t\t\t<\/div>\n\t\t\t\t<\/div>\n\t\t\t\t<div class=\"elementor-element elementor-element-d6d647f elementor-widget elementor-widget-text-editor\" data-id=\"d6d647f\" data-element_type=\"widget\" data-widget_type=\"text-editor.default\">\n\t\t\t\t<div class=\"elementor-widget-container\">\n\t\t\t\t\t\t\t\t\t<p>Nos services de conf\u00e9rence sont professionnels, organis\u00e9s et adapt\u00e9s \u00e0 vos objectifs, couvrant tout, de la s\u00e9lection du lieu et la planification de l&rsquo;agenda \u00e0 la configuration technique et \u00e0 la coordination des intervenants. Qu&rsquo;il s&rsquo;agisse d&rsquo;un sommet d&rsquo;entreprise ou d&rsquo;un s\u00e9minaire industriel, nous garantissons une exp\u00e9rience fluide et engageante pour tous les participants.<\/p>\t\t\t\t\t\t\t\t<\/div>\n\t\t\t\t<\/div>\n\t\t\t\t\t<\/div>\n\t\t<\/div>\n\t\t\t\t\t<\/div>\n\t\t<\/section>\n\t\t\t\t<section class=\"elementor-section elementor-inner-section elementor-element elementor-element-f39d545 elementor-reverse-mobile elementor-section-boxed elementor-section-height-default elementor-section-height-default wpr-particle-no wpr-jarallax-no wpr-parallax-no wpr-sticky-section-no\" data-id=\"f39d545\" data-element_type=\"section\">\n\t\t\t\t\t\t<div class=\"elementor-container elementor-column-gap-default\">\n\t\t\t\t\t<div class=\"elementor-column elementor-col-50 elementor-inner-column elementor-element elementor-element-2e6c63a\" data-id=\"2e6c63a\" data-element_type=\"column\" data-settings=\"{&quot;background_background&quot;:&quot;classic&quot;}\">\n\t\t\t<div class=\"elementor-widget-wrap elementor-element-populated\">\n\t\t\t\t\t\t<div class=\"elementor-element elementor-element-4963632 elementor-widget elementor-widget-heading\" data-id=\"4963632\" data-element_type=\"widget\" data-widget_type=\"heading.default\">\n\t\t\t\t<div class=\"elementor-widget-container\">\n\t\t\t\t\t<h3 class=\"elementor-heading-title elementor-size-default\">Services d'\u00e9v\u00e9nements\n<\/h3>\t\t\t\t<\/div>\n\t\t\t\t<\/div>\n\t\t\t\t<div class=\"elementor-element elementor-element-89f431d elementor-widget elementor-widget-text-editor\" data-id=\"89f431d\" data-element_type=\"widget\" data-widget_type=\"text-editor.default\">\n\t\t\t\t<div class=\"elementor-widget-container\">\n\t\t\t\t\t\t\t\t\t<p>Rendez votre occasion inoubliable. Notre \u00e9quipe de gestion d&rsquo;\u00e9v\u00e9nements apporte cr\u00e9ativit\u00e9 et pr\u00e9cision aux \u00e9v\u00e9nements d&rsquo;entreprise, lancements de produits, c\u00e9r\u00e9monies de remise de prix, et plus encore. Nous g\u00e9rons la logistique, le design, le divertissement et le branding pour offrir une exp\u00e9rience vraiment m\u00e9morable.<\/p>\t\t\t\t\t\t\t\t<\/div>\n\t\t\t\t<\/div>\n\t\t\t\t\t<\/div>\n\t\t<\/div>\n\t\t\t\t<div class=\"elementor-column elementor-col-50 elementor-inner-column elementor-element elementor-element-a13efad\" data-id=\"a13efad\" data-element_type=\"column\">\n\t\t\t<div class=\"elementor-widget-wrap elementor-element-populated\">\n\t\t\t\t\t\t<div class=\"elementor-element elementor-element-2eef5d9 elementor-widget elementor-widget-image\" data-id=\"2eef5d9\" data-element_type=\"widget\" data-widget_type=\"image.default\">\n\t\t\t\t<div class=\"elementor-widget-container\">\n\t\t\t\t\t\t\t\t\t\t\t\t\t\t\t<img decoding=\"async\" width=\"1024\" height=\"683\" src=\"https:\/\/imkanatinternational.com\/wp-content\/uploads\/2025\/05\/resort-outdoor-concert-stage-summer-1024x683.jpg\" class=\"elementor-animation-hang attachment-large size-large wp-image-5826\" alt=\"\" srcset=\"https:\/\/imkanatinternational.com\/wp-content\/uploads\/2025\/05\/resort-outdoor-concert-stage-summer-1024x683.jpg 1024w, https:\/\/imkanatinternational.com\/wp-content\/uploads\/2025\/05\/resort-outdoor-concert-stage-summer-300x200.jpg 300w, https:\/\/imkanatinternational.com\/wp-content\/uploads\/2025\/05\/resort-outdoor-concert-stage-summer-768x512.jpg 768w, https:\/\/imkanatinternational.com\/wp-content\/uploads\/2025\/05\/resort-outdoor-concert-stage-summer-1536x1024.jpg 1536w, https:\/\/imkanatinternational.com\/wp-content\/uploads\/2025\/05\/resort-outdoor-concert-stage-summer-2048x1365.jpg 2048w\" sizes=\"(max-width: 1024px) 100vw, 1024px\" \/>\t\t\t\t\t\t\t\t\t\t\t\t\t\t\t<\/div>\n\t\t\t\t<\/div>\n\t\t\t\t\t<\/div>\n\t\t<\/div>\n\t\t\t\t\t<\/div>\n\t\t<\/section>\n\t\t\t\t\t<\/div>\n\t\t<\/div>\n\t\t\t\t\t<\/div>\n\t\t<\/section>\n\t\t\t\t<\/div>\n\t\t","protected":false},"excerpt":{"rendered":"<p>Nous sommes sp\u00e9cialis\u00e9s dans la fourniture d&rsquo;exp\u00e9riences fluides et percutantes gr\u00e2ce \u00e0 nos services complets de conf\u00e9rences, \u00e9v\u00e9nements et expositions. De la planification \u00e0 l&rsquo;ex\u00e9cution, nous veillons \u00e0 ce que chaque d\u00e9tail soit trait\u00e9 avec pr\u00e9cision pour vous aider \u00e0 atteindre vos objectifs et laisser une impression durable \u00e0 votre public. En savoir plus Nos services : Conf\u00e9rences, \u00c9v\u00e9nements et Expositions Services de conf\u00e9rence Nos services de conf\u00e9rence sont professionnels, organis\u00e9s et adapt\u00e9s \u00e0 vos objectifs, couvrant tout, de la s\u00e9lection du lieu et la planification de l&rsquo;agenda \u00e0 la configuration technique et \u00e0 la coordination des intervenants. Qu&rsquo;il s&rsquo;agisse d&rsquo;un sommet d&rsquo;entreprise ou d&rsquo;un s\u00e9minaire industriel, nous garantissons une exp\u00e9rience fluide et engageante pour tous les participants. Services d&rsquo;\u00e9v\u00e9nements Rendez votre occasion inoubliable. Notre \u00e9quipe de gestion d&rsquo;\u00e9v\u00e9nements apporte cr\u00e9ativit\u00e9 et pr\u00e9cision aux \u00e9v\u00e9nements d&rsquo;entreprise, lancements de produits, c\u00e9r\u00e9monies de remise de prix, et plus encore. Nous g\u00e9rons la logistique, le design, le divertissement et le branding pour offrir une exp\u00e9rience vraiment m\u00e9morable.<\/p>\n","protected":false},"author":2,"featured_media":0,"parent":0,"menu_order":0,"comment_status":"closed","ping_status":"closed","template":"","meta":{"site-sidebar-layout":"no-sidebar","site-content-layout":"","ast-site-content-layout":"full-width-container","site-content-style":"default","site-sidebar-style":"default","ast-global-header-display":"","ast-banner-title-visibility":"","ast-main-header-display":"","ast-hfb-above-header-display":"","ast-hfb-below-header-display":"","ast-hfb-mobile-header-display":"","site-post-title":"disabled","ast-breadcrumbs-content":"","ast-featured-img":"disabled","footer-sml-layout":"","theme-transparent-header-meta":"","adv-header-id-meta":"","stick-header-meta":"","header-above-stick-meta":"","header-main-stick-meta":"","header-below-stick-meta":"","astra-migrate-meta-layouts":"default","ast-page-background-enabled":"default","ast-page-background-meta":{"desktop":{"background-color":"var(--ast-global-color-5)","background-image":"","background-repeat":"repeat","background-position":"center center","background-size":"auto","background-attachment":"scroll","background-type":"","background-media":"","overlay-type":"","overlay-color":"","overlay-opacity":"","overlay-gradient":""},"tablet":{"background-color":"","background-image":"","background-repeat":"repeat","background-position":"center center","background-size":"auto","background-attachment":"scroll","background-type":"","background-media":"","overlay-type":"","overlay-color":"","overlay-opacity":"","overlay-gradient":""},"mobile":{"background-color":"","background-image":"","background-repeat":"repeat","background-position":"center center","background-size":"auto","background-attachment":"scroll","background-type":"","background-media":"","overlay-type":"","overlay-color":"","overlay-opacity":"","overlay-gradient":""}},"ast-content-background-meta":{"desktop":{"background-color":"var(--ast-global-color-4)","background-image":"","background-repeat":"repeat","background-position":"center center","background-size":"auto","background-attachment":"scroll","background-type":"","background-media":"","overlay-type":"","overlay-color":"","overlay-opacity":"","overlay-gradient":""},"tablet":{"background-color":"var(--ast-global-color-4)","background-image":"","background-repeat":"repeat","background-position":"center center","background-size":"auto","background-attachment":"scroll","background-type":"","background-media":"","overlay-type":"","overlay-color":"","overlay-opacity":"","overlay-gradient":""},"mobile":{"background-color":"var(--ast-global-color-4)","background-image":"","background-repeat":"repeat","background-position":"center center","background-size":"auto","background-attachment":"scroll","background-type":"","background-media":"","overlay-type":"","overlay-color":"","overlay-opacity":"","overlay-gradient":""}},"footnotes":""},"class_list":["post-6590","page","type-page","status-publish","hentry"],"_links":{"self":[{"href":"https:\/\/imkanatinternational.com\/fr\/wp-json\/wp\/v2\/pages\/6590","targetHints":{"allow":["GET"]}}],"collection":[{"href":"https:\/\/imkanatinternational.com\/fr\/wp-json\/wp\/v2\/pages"}],"about":[{"href":"https:\/\/imkanatinternational.com\/fr\/wp-json\/wp\/v2\/types\/page"}],"author":[{"embeddable":true,"href":"https:\/\/imkanatinternational.com\/fr\/wp-json\/wp\/v2\/users\/2"}],"replies":[{"embeddable":true,"href":"https:\/\/imkanatinternational.com\/fr\/wp-json\/wp\/v2\/comments?post=6590"}],"version-history":[{"count":10,"href":"https:\/\/imkanatinternational.com\/fr\/wp-json\/wp\/v2\/pages\/6590\/revisions"}],"predecessor-version":[{"id":6612,"href":"https:\/\/imkanatinternational.com\/fr\/wp-json\/wp\/v2\/pages\/6590\/revisions\/6612"}],"wp:attachment":[{"href":"https:\/\/imkanatinternational.com\/fr\/wp-json\/wp\/v2\/media?parent=6590"}],"curies":[{"name":"wp","href":"https:\/\/api.w.org\/{rel}","templated":true}]}}