{"id":6615,"date":"2025-04-27T16:33:37","date_gmt":"2025-04-27T16:33:37","guid":{"rendered":"https:\/\/imkanatinternational.com\/agro-products\/"},"modified":"2025-07-04T13:42:21","modified_gmt":"2025-07-04T13:42:21","slug":"agro-products","status":"publish","type":"page","link":"https:\/\/imkanatinternational.com\/fr\/agro-products\/","title":{"rendered":"Produits alimentaires et agricoles"},"content":{"rendered":"\t\t<div data-elementor-type=\"wp-page\" data-elementor-id=\"6615\" class=\"elementor elementor-6615 elementor-1849\" data-elementor-post-type=\"page\">\n\t\t\t\t<div class=\"elementor-element elementor-element-a56913d e-flex e-con-boxed wpr-particle-no wpr-jarallax-no wpr-parallax-no wpr-sticky-section-no e-con e-parent\" data-id=\"a56913d\" data-element_type=\"container\" data-settings=\"{&quot;background_background&quot;:&quot;classic&quot;}\">\n\t\t\t\t\t<div class=\"e-con-inner\">\n\t\t<div class=\"elementor-element elementor-element-be6d76a e-con-full e-flex wpr-particle-no wpr-jarallax-no wpr-parallax-no wpr-sticky-section-no e-con e-child\" data-id=\"be6d76a\" data-element_type=\"container\">\n\t\t<div class=\"elementor-element elementor-element-5a9de28 e-con-full e-flex wpr-particle-no wpr-jarallax-no wpr-parallax-no wpr-sticky-section-no e-con e-child\" data-id=\"5a9de28\" data-element_type=\"container\">\n\t\t\t\t<div class=\"elementor-element elementor-element-6fbd271 elementor-widget elementor-widget-text-editor\" data-id=\"6fbd271\" data-element_type=\"widget\" data-widget_type=\"text-editor.default\">\n\t\t\t\t<div class=\"elementor-widget-container\">\n\t\t\t\t\t\t\t\t\t<p>Le riche patrimoine agricole de l\u2019Inde et son climat diversifi\u00e9 en font un centre mondial pour les produits agricoles de haute qualit\u00e9. Des c\u00e9r\u00e9ales de base aux \u00e9pices exotiques, nous apportons le meilleur des fermes indiennes au monde.<\/p>\t\t\t\t\t\t\t\t<\/div>\n\t\t\t\t<\/div>\n\t\t\t\t<div class=\"elementor-element elementor-element-88e5777 elementor-widget elementor-widget-button\" data-id=\"88e5777\" data-element_type=\"widget\" data-widget_type=\"button.default\">\n\t\t\t\t<div class=\"elementor-widget-container\">\n\t\t\t\t\t\t\t\t\t<div class=\"elementor-button-wrapper\">\n\t\t\t\t\t<a class=\"elementor-button elementor-button-link elementor-size-md\" href=\"https:\/\/imkanatinternational.com\/contact-us\/\">\n\t\t\t\t\t\t<span class=\"elementor-button-content-wrapper\">\n\t\t\t\t\t\t\t\t\t<span class=\"elementor-button-text\">En savoir plus<\/span>\n\t\t\t\t\t<\/span>\n\t\t\t\t\t<\/a>\n\t\t\t\t<\/div>\n\t\t\t\t\t\t\t\t<\/div>\n\t\t\t\t<\/div>\n\t\t\t\t<div class=\"elementor-element elementor-element-9bb69cf elementor-widget elementor-widget-heading\" data-id=\"9bb69cf\" data-element_type=\"widget\" data-widget_type=\"heading.default\">\n\t\t\t\t<div class=\"elementor-widget-container\">\n\t\t\t\t\t<h2 class=\"elementor-heading-title elementor-size-default\">Produits agricoles<\/h2>\t\t\t\t<\/div>\n\t\t\t\t<\/div>\n\t\t\t\t<\/div>\n\t\t\t\t<\/div>\n\t\t\t\t\t<\/div>\n\t\t\t\t<\/div>\n\t\t<div class=\"elementor-element elementor-element-920108f e-flex e-con-boxed wpr-particle-no wpr-jarallax-no wpr-parallax-no wpr-sticky-section-no e-con e-parent\" data-id=\"920108f\" data-element_type=\"container\">\n\t\t\t\t\t<div class=\"e-con-inner\">\n\t\t<div class=\"elementor-element elementor-element-7f64166 e-con-full e-flex wpr-particle-no wpr-jarallax-no wpr-parallax-no wpr-sticky-section-no e-con e-child\" data-id=\"7f64166\" data-element_type=\"container\">\n\t\t\t\t<\/div>\n\t\t<div class=\"elementor-element elementor-element-06c98c0 e-con-full e-flex wpr-particle-no wpr-jarallax-no wpr-parallax-no wpr-sticky-section-no e-con e-child\" data-id=\"06c98c0\" data-element_type=\"container\">\n\t\t<div class=\"elementor-element elementor-element-f8fcf1a e-con-full e-flex wpr-particle-no wpr-jarallax-no wpr-parallax-no wpr-sticky-section-no e-con e-child\" data-id=\"f8fcf1a\" data-element_type=\"container\">\n\t\t\t\t<div class=\"elementor-element elementor-element-8820892 ekit-equal-height-disable elementor-widget elementor-widget-elementskit-image-box\" data-id=\"8820892\" data-element_type=\"widget\" data-widget_type=\"elementskit-image-box.default\">\n\t\t\t\t<div class=\"elementor-widget-container\">\n\t\t\t\t\t<div class=\"ekit-wid-con\" >\n            <div class=\"elementskit-info-image-box ekit-image-box text-center simple-card\" >\n\n                \n                <div class=\"elementskit-box-header image-box-img-center\">\n\n                    <img fetchpriority=\"high\" decoding=\"async\" width=\"740\" height=\"493\" src=\"https:\/\/imkanatinternational.com\/wp-content\/uploads\/2025\/04\/top-view-raw-rice-inside-plate-dark-desk_179666-27235.avif\" class=\"attachment-full size-full wp-image-1866\" alt=\"\" srcset=\"https:\/\/imkanatinternational.com\/wp-content\/uploads\/2025\/04\/top-view-raw-rice-inside-plate-dark-desk_179666-27235.avif 740w, https:\/\/imkanatinternational.com\/wp-content\/uploads\/2025\/04\/top-view-raw-rice-inside-plate-dark-desk_179666-27235-300x200.avif 300w\" sizes=\"(max-width: 740px) 100vw, 740px\" \/>\n                <\/div>\n                \n                <div class=\"elementskit-box-body ekit-image-box-body\">\n                    <div class=\"elementskit-box-content ekit-image-box-body-inner\">\n                                                <h3 class=\"elementskit-info-box-title\">\n\n                        Riz Basmati &amp; riz non-Basmati\n                        \n                    <\/h3>\n                                                            <div class=\"elementskit-box-style-content\">\n                        Notre riz Basmati et non Basmati est soigneusement transform\u00e9 et export\u00e9 mondialement.\n\n\n                    <\/div>\n                                    <\/div>\n\n                            <\/div>\n            <\/div>\n    <\/div>\t\t\t\t<\/div>\n\t\t\t\t<\/div>\n\t\t\t\t<\/div>\n\t\t<div class=\"elementor-element elementor-element-270a1d6 e-con-full e-flex wpr-particle-no wpr-jarallax-no wpr-parallax-no wpr-sticky-section-no e-con e-child\" data-id=\"270a1d6\" data-element_type=\"container\">\n\t\t\t\t<div class=\"elementor-element elementor-element-6eb817e ekit-equal-height-disable elementor-widget elementor-widget-elementskit-image-box\" data-id=\"6eb817e\" data-element_type=\"widget\" data-widget_type=\"elementskit-image-box.default\">\n\t\t\t\t<div class=\"elementor-widget-container\">\n\t\t\t\t\t<div class=\"ekit-wid-con\" >\n            <div class=\"elementskit-info-image-box ekit-image-box text-center simple-card\" >\n\n                \n                <div class=\"elementskit-box-header image-box-img-center\">\n\n                    <img decoding=\"async\" width=\"740\" height=\"493\" src=\"https:\/\/imkanatinternational.com\/wp-content\/uploads\/2025\/04\/view-allergens-commonly-found-grains_23-2150170288.avif\" class=\"attachment-full size-full wp-image-1865\" alt=\"\" srcset=\"https:\/\/imkanatinternational.com\/wp-content\/uploads\/2025\/04\/view-allergens-commonly-found-grains_23-2150170288.avif 740w, https:\/\/imkanatinternational.com\/wp-content\/uploads\/2025\/04\/view-allergens-commonly-found-grains_23-2150170288-300x200.avif 300w\" sizes=\"(max-width: 740px) 100vw, 740px\" \/>\n                <\/div>\n                \n                <div class=\"elementskit-box-body ekit-image-box-body\">\n                    <div class=\"elementskit-box-content ekit-image-box-body-inner\">\n                                                <h3 class=\"elementskit-info-box-title\">\n\n                        Grains &amp; C\u00e9r\u00e9ales\n                        \n                    <\/h3>\n                                                            <div class=\"elementskit-box-style-content\">\n                        Bl\u00e9, ma\u00efs et millet de qualit\u00e9, issus de fermes indiennes fiables, nettoy\u00e9s et emball\u00e9s pour la fra\u00eecheur.\n\n\n\n\n                    <\/div>\n                                    <\/div>\n\n                            <\/div>\n            <\/div>\n    <\/div>\t\t\t\t<\/div>\n\t\t\t\t<\/div>\n\t\t\t\t<\/div>\n\t\t<div class=\"elementor-element elementor-element-fb336d5 e-con-full e-flex wpr-particle-no wpr-jarallax-no wpr-parallax-no wpr-sticky-section-no e-con e-child\" data-id=\"fb336d5\" data-element_type=\"container\">\n\t\t\t\t<div class=\"elementor-element elementor-element-785dda9 ekit-equal-height-disable elementor-widget elementor-widget-elementskit-image-box\" data-id=\"785dda9\" data-element_type=\"widget\" data-widget_type=\"elementskit-image-box.default\">\n\t\t\t\t<div class=\"elementor-widget-container\">\n\t\t\t\t\t<div class=\"ekit-wid-con\" >\n            <div class=\"elementskit-info-image-box ekit-image-box text-center simple-card\" >\n\n                \n                <div class=\"elementskit-box-header image-box-img-center\">\n\n                    <img decoding=\"async\" width=\"740\" height=\"492\" src=\"https:\/\/imkanatinternational.com\/wp-content\/uploads\/2025\/04\/top-view-different-lentils-brown-bowls-wooden-spoons_176474-2188-e1745774044746.avif\" class=\"attachment-full size-full wp-image-1864\" alt=\"\" srcset=\"https:\/\/imkanatinternational.com\/wp-content\/uploads\/2025\/04\/top-view-different-lentils-brown-bowls-wooden-spoons_176474-2188-e1745774044746.avif 740w, https:\/\/imkanatinternational.com\/wp-content\/uploads\/2025\/04\/top-view-different-lentils-brown-bowls-wooden-spoons_176474-2188-e1745774044746-300x199.avif 300w\" sizes=\"(max-width: 740px) 100vw, 740px\" \/>\n                <\/div>\n                \n                <div class=\"elementskit-box-body ekit-image-box-body\">\n                    <div class=\"elementskit-box-content ekit-image-box-body-inner\">\n                                                <h3 class=\"elementskit-info-box-title\">\n\n                        L\u00e9gumineuses &amp; Lentilles\n                        \n                    <\/h3>\n                                                            <div class=\"elementskit-box-style-content\">\n                        Lentilles, pois chiches et haricots riches en prot\u00e9ines, soigneusement trait\u00e9s et pr\u00eats pour la demande mondiale.\n                    <\/div>\n                                    <\/div>\n\n                            <\/div>\n            <\/div>\n    <\/div>\t\t\t\t<\/div>\n\t\t\t\t<\/div>\n\t\t\t\t<\/div>\n\t\t\t\t<\/div>\n\t\t<div class=\"elementor-element elementor-element-710db31 e-con-full e-flex wpr-particle-no wpr-jarallax-no wpr-parallax-no wpr-sticky-section-no e-con e-child\" data-id=\"710db31\" data-element_type=\"container\">\n\t\t<div class=\"elementor-element elementor-element-2bec917 e-con-full e-flex wpr-particle-no wpr-jarallax-no wpr-parallax-no wpr-sticky-section-no e-con e-child\" data-id=\"2bec917\" data-element_type=\"container\">\n\t\t\t\t<div class=\"elementor-element elementor-element-4a07b02 ekit-equal-height-disable elementor-widget elementor-widget-elementskit-image-box\" data-id=\"4a07b02\" data-element_type=\"widget\" data-widget_type=\"elementskit-image-box.default\">\n\t\t\t\t<div class=\"elementor-widget-container\">\n\t\t\t\t\t<div class=\"ekit-wid-con\" >\n            <div class=\"elementskit-info-image-box ekit-image-box text-center simple-card\" >\n\n                \n                <div class=\"elementskit-box-header image-box-img-center\">\n\n                    <img loading=\"lazy\" decoding=\"async\" width=\"740\" height=\"493\" src=\"https:\/\/imkanatinternational.com\/wp-content\/uploads\/2025\/04\/background-variety-different-vivid-spices-wooden-spoons-view-from_93675-92617.avif\" class=\"attachment-full size-full wp-image-1888\" alt=\"\" srcset=\"https:\/\/imkanatinternational.com\/wp-content\/uploads\/2025\/04\/background-variety-different-vivid-spices-wooden-spoons-view-from_93675-92617.avif 740w, https:\/\/imkanatinternational.com\/wp-content\/uploads\/2025\/04\/background-variety-different-vivid-spices-wooden-spoons-view-from_93675-92617-300x200.avif 300w\" sizes=\"(max-width: 740px) 100vw, 740px\" \/>\n                <\/div>\n                \n                <div class=\"elementskit-box-body ekit-image-box-body\">\n                    <div class=\"elementskit-box-content ekit-image-box-body-inner\">\n                                                <h3 class=\"elementskit-info-box-title\">\n\n                        \u00c9pices et Herbes\n                        \n                    <\/h3>\n                                                            <div class=\"elementskit-box-style-content\">\n                        \u00c9pices indiennes c\u00e9l\u00e8bres \u2014 curcuma, cumin, cardamome, piment, etc. Aromatiques, authentiques, et export\u00e9es sous contr\u00f4le qualit\u00e9 strict.                    <\/div>\n                                    <\/div>\n\n                            <\/div>\n            <\/div>\n    <\/div>\t\t\t\t<\/div>\n\t\t\t\t<\/div>\n\t\t\t\t<\/div>\n\t\t<div class=\"elementor-element elementor-element-d040196 e-con-full e-flex wpr-particle-no wpr-jarallax-no wpr-parallax-no wpr-sticky-section-no e-con e-child\" data-id=\"d040196\" data-element_type=\"container\">\n\t\t\t\t<div class=\"elementor-element elementor-element-7d0b45c ekit-equal-height-disable elementor-widget elementor-widget-elementskit-image-box\" data-id=\"7d0b45c\" data-element_type=\"widget\" data-widget_type=\"elementskit-image-box.default\">\n\t\t\t\t<div class=\"elementor-widget-container\">\n\t\t\t\t\t<div class=\"ekit-wid-con\" >\n            <div class=\"elementskit-info-image-box ekit-image-box text-center simple-card\" >\n\n                \n                <div class=\"elementskit-box-header image-box-img-center\">\n\n                    <img loading=\"lazy\" decoding=\"async\" width=\"740\" height=\"493\" src=\"https:\/\/imkanatinternational.com\/wp-content\/uploads\/2025\/04\/front-view-vegetable_140725-103355.avif\" class=\"attachment-full size-full wp-image-1862\" alt=\"\" srcset=\"https:\/\/imkanatinternational.com\/wp-content\/uploads\/2025\/04\/front-view-vegetable_140725-103355.avif 740w, https:\/\/imkanatinternational.com\/wp-content\/uploads\/2025\/04\/front-view-vegetable_140725-103355-300x200.avif 300w\" sizes=\"(max-width: 740px) 100vw, 740px\" \/>\n                <\/div>\n                \n                <div class=\"elementskit-box-body ekit-image-box-body\">\n                    <div class=\"elementskit-box-content ekit-image-box-body-inner\">\n                                                <h3 class=\"elementskit-info-box-title\">\n\n                        Fruits et L\u00e9gumes\n                        \n                    <\/h3>\n                                                            <div class=\"elementskit-box-style-content\">\n                        Fruits et l\u00e9gumes saisonniers frais et naturellement cultiv\u00e9s. Export\u00e9s sous cha\u00eene du froid optimale pour pr\u00e9server go\u00fbt et dur\u00e9e de conservation comme la banane, la mangue, etc.\n                    <\/div>\n                                    <\/div>\n\n                            <\/div>\n            <\/div>\n    <\/div>\t\t\t\t<\/div>\n\t\t\t\t<\/div>\n\t\t\t\t<\/div>\n\t\t<div class=\"elementor-element elementor-element-bfe54e2 e-con-full e-flex wpr-particle-no wpr-jarallax-no wpr-parallax-no wpr-sticky-section-no e-con e-child\" data-id=\"bfe54e2\" data-element_type=\"container\">\n\t\t\t\t<div class=\"elementor-element elementor-element-ccdd4a1 ekit-equal-height-disable elementor-widget elementor-widget-elementskit-image-box\" data-id=\"ccdd4a1\" data-element_type=\"widget\" data-widget_type=\"elementskit-image-box.default\">\n\t\t\t\t<div class=\"elementor-widget-container\">\n\t\t\t\t\t<div class=\"ekit-wid-con\" >\n            <div class=\"elementskit-info-image-box ekit-image-box text-center simple-card\" >\n\n                \n                <div class=\"elementskit-box-header image-box-img-center\">\n\n                    <img loading=\"lazy\" decoding=\"async\" width=\"740\" height=\"493\" src=\"https:\/\/imkanatinternational.com\/wp-content\/uploads\/2025\/04\/png-oil-jars-bottles-seeds-sunflowers-wooden-bucket-isolated-white-background_185193-164263.avif\" class=\"attachment-full size-full wp-image-1861\" alt=\"\" srcset=\"https:\/\/imkanatinternational.com\/wp-content\/uploads\/2025\/04\/png-oil-jars-bottles-seeds-sunflowers-wooden-bucket-isolated-white-background_185193-164263.avif 740w, https:\/\/imkanatinternational.com\/wp-content\/uploads\/2025\/04\/png-oil-jars-bottles-seeds-sunflowers-wooden-bucket-isolated-white-background_185193-164263-300x200.avif 300w\" sizes=\"(max-width: 740px) 100vw, 740px\" \/>\n                <\/div>\n                \n                <div class=\"elementskit-box-body ekit-image-box-body\">\n                    <div class=\"elementskit-box-content ekit-image-box-body-inner\">\n                                                <h3 class=\"elementskit-info-box-title\">\n\n                        Ol\u00e9agineux et Huiles Comestibles\n                        \n                    <\/h3>\n                                                            <div class=\"elementskit-box-style-content\">\n                        Huiles de tournesol, moutarde, s\u00e9same, et arachide, brutes et raffin\u00e9es. Issues de r\u00e9gions \u00e0 haut rendement et trait\u00e9es selon les normes internationales.\n\n\n                    <\/div>\n                                    <\/div>\n\n                            <\/div>\n            <\/div>\n    <\/div>\t\t\t\t<\/div>\n\t\t\t\t<\/div>\n\t\t\t\t<\/div>\n\t\t\t\t<\/div>\n\t\t<div class=\"elementor-element elementor-element-b784b2a e-con-full e-flex wpr-particle-no wpr-jarallax-no wpr-parallax-no wpr-sticky-section-no e-con e-child\" data-id=\"b784b2a\" data-element_type=\"container\">\n\t\t<div class=\"elementor-element elementor-element-730f02e e-con-full e-flex wpr-particle-no wpr-jarallax-no wpr-parallax-no wpr-sticky-section-no e-con e-child\" data-id=\"730f02e\" data-element_type=\"container\">\n\t\t\t\t<div class=\"elementor-element elementor-element-296289d ekit-equal-height-disable elementor-widget elementor-widget-elementskit-image-box\" data-id=\"296289d\" data-element_type=\"widget\" data-widget_type=\"elementskit-image-box.default\">\n\t\t\t\t<div class=\"elementor-widget-container\">\n\t\t\t\t\t<div class=\"ekit-wid-con\" >\n            <div class=\"elementskit-info-image-box ekit-image-box text-center simple-card\" >\n\n                \n                <div class=\"elementskit-box-header image-box-img-center\">\n\n                    <img loading=\"lazy\" decoding=\"async\" width=\"740\" height=\"493\" src=\"https:\/\/imkanatinternational.com\/wp-content\/uploads\/2025\/04\/jug-coconut-oil-whit-coconut-put-dark-background_1150-28252.avif\" class=\"attachment-full size-full wp-image-1860\" alt=\"\" srcset=\"https:\/\/imkanatinternational.com\/wp-content\/uploads\/2025\/04\/jug-coconut-oil-whit-coconut-put-dark-background_1150-28252.avif 740w, https:\/\/imkanatinternational.com\/wp-content\/uploads\/2025\/04\/jug-coconut-oil-whit-coconut-put-dark-background_1150-28252-300x200.avif 300w\" sizes=\"(max-width: 740px) 100vw, 740px\" \/>\n                <\/div>\n                \n                <div class=\"elementskit-box-body ekit-image-box-body\">\n                    <div class=\"elementskit-box-content ekit-image-box-body-inner\">\n                                                <h3 class=\"elementskit-info-box-title\">\n\n                        Noix de coco, huile de coco et poudre de coco\n                        \n                    <\/h3>\n                                                            <div class=\"elementskit-box-style-content\">\n                        Nous sommes sp\u00e9cialis\u00e9s dans l'exportation de noix de coco, d'huile de coco et de poudre de coco de haute qualit\u00e9, provenant de fermes fiables. Nos produits sont 100 % naturels, riches en nutriments et parfaits pour les applications alimentaires, cosm\u00e9tiques et industrielles. Gr\u00e2ce \u00e0 un contr\u00f4le qualit\u00e9 strict et des prix comp\u00e9titifs, nous garantissons la livraison de produits frais et purs de noix de coco dans le monde entier. Partenaire fiable pour une fourniture constante et une qualit\u00e9 sup\u00e9rieure !\n                    <\/div>\n                                    <\/div>\n\n                            <\/div>\n            <\/div>\n    <\/div>\t\t\t\t<\/div>\n\t\t\t\t<\/div>\n\t\t\t\t<\/div>\n\t\t<div class=\"elementor-element elementor-element-a851a9e e-con-full e-flex wpr-particle-no wpr-jarallax-no wpr-parallax-no wpr-sticky-section-no e-con e-child\" data-id=\"a851a9e\" data-element_type=\"container\">\n\t\t\t\t<\/div>\n\t\t<div class=\"elementor-element elementor-element-6574960 e-con-full e-flex wpr-particle-no wpr-jarallax-no wpr-parallax-no wpr-sticky-section-no e-con e-child\" data-id=\"6574960\" data-element_type=\"container\">\n\t\t\t\t<\/div>\n\t\t\t\t<\/div>\n\t\t<div class=\"elementor-element elementor-element-316b641 e-con-full e-flex wpr-particle-no wpr-jarallax-no wpr-parallax-no wpr-sticky-section-no e-con e-child\" data-id=\"316b641\" data-element_type=\"container\">\n\t\t\t\t<\/div>\n\t\t\t\t\t<\/div>\n\t\t\t\t<\/div>\n\t\t\t\t<\/div>\n\t\t","protected":false},"excerpt":{"rendered":"<p>Le riche patrimoine agricole de l\u2019Inde et son climat diversifi\u00e9 en font un centre mondial pour les produits agricoles de haute qualit\u00e9. Des c\u00e9r\u00e9ales de base aux \u00e9pices exotiques, nous apportons le meilleur des fermes indiennes au monde. En savoir plus Produits agricoles Riz Basmati &amp; riz non-Basmati Notre riz Basmati et non Basmati est soigneusement transform\u00e9 et export\u00e9 mondialement. Grains &amp; C\u00e9r\u00e9ales Bl\u00e9, ma\u00efs et millet de qualit\u00e9, issus de fermes indiennes fiables, nettoy\u00e9s et emball\u00e9s pour la fra\u00eecheur. L\u00e9gumineuses &amp; Lentilles Lentilles, pois chiches et haricots riches en prot\u00e9ines, soigneusement trait\u00e9s et pr\u00eats pour la demande mondiale. \u00c9pices et Herbes \u00c9pices indiennes c\u00e9l\u00e8bres \u2014 curcuma, cumin, cardamome, piment, etc. Aromatiques, authentiques, et export\u00e9es sous contr\u00f4le qualit\u00e9 strict. Fruits et L\u00e9gumes Fruits et l\u00e9gumes saisonniers frais et naturellement cultiv\u00e9s. Export\u00e9s sous cha\u00eene du froid optimale pour pr\u00e9server go\u00fbt et dur\u00e9e de conservation comme la banane, la mangue, etc. Ol\u00e9agineux et Huiles Comestibles Huiles de tournesol, moutarde, s\u00e9same, et arachide, brutes et raffin\u00e9es. Issues de r\u00e9gions \u00e0 haut rendement et trait\u00e9es selon les normes internationales. Noix de coco, huile de coco et poudre de coco Nous sommes sp\u00e9cialis\u00e9s dans l&rsquo;exportation de noix de coco, d&rsquo;huile de coco et de poudre de coco de haute qualit\u00e9, provenant de fermes fiables. Nos produits sont 100 % naturels, riches en nutriments et parfaits pour les applications alimentaires, cosm\u00e9tiques et industrielles. Gr\u00e2ce \u00e0 un contr\u00f4le qualit\u00e9 strict et des prix comp\u00e9titifs, nous garantissons la livraison de produits frais et purs de noix de coco dans le monde entier. Partenaire fiable pour une fourniture constante et une qualit\u00e9 sup\u00e9rieure !<\/p>\n","protected":false},"author":2,"featured_media":0,"parent":0,"menu_order":0,"comment_status":"closed","ping_status":"closed","template":"","meta":{"site-sidebar-layout":"no-sidebar","site-content-layout":"","ast-site-content-layout":"full-width-container","site-content-style":"default","site-sidebar-style":"default","ast-global-header-display":"","ast-banner-title-visibility":"","ast-main-header-display":"","ast-hfb-above-header-display":"","ast-hfb-below-header-display":"","ast-hfb-mobile-header-display":"","site-post-title":"disabled","ast-breadcrumbs-content":"","ast-featured-img":"disabled","footer-sml-layout":"","theme-transparent-header-meta":"","adv-header-id-meta":"","stick-header-meta":"","header-above-stick-meta":"","header-main-stick-meta":"","header-below-stick-meta":"","astra-migrate-meta-layouts":"default","ast-page-background-enabled":"default","ast-page-background-meta":{"desktop":{"background-color":"var(--ast-global-color-5)","background-image":"","background-repeat":"repeat","background-position":"center center","background-size":"auto","background-attachment":"scroll","background-type":"","background-media":"","overlay-type":"","overlay-color":"","overlay-opacity":"","overlay-gradient":""},"tablet":{"background-color":"","background-image":"","background-repeat":"repeat","background-position":"center center","background-size":"auto","background-attachment":"scroll","background-type":"","background-media":"","overlay-type":"","overlay-color":"","overlay-opacity":"","overlay-gradient":""},"mobile":{"background-color":"","background-image":"","background-repeat":"repeat","background-position":"center center","background-size":"auto","background-attachment":"scroll","background-type":"","background-media":"","overlay-type":"","overlay-color":"","overlay-opacity":"","overlay-gradient":""}},"ast-content-background-meta":{"desktop":{"background-color":"var(--ast-global-color-4)","background-image":"","background-repeat":"repeat","background-position":"center center","background-size":"auto","background-attachment":"scroll","background-type":"","background-media":"","overlay-type":"","overlay-color":"","overlay-opacity":"","overlay-gradient":""},"tablet":{"background-color":"var(--ast-global-color-4)","background-image":"","background-repeat":"repeat","background-position":"center center","background-size":"auto","background-attachment":"scroll","background-type":"","background-media":"","overlay-type":"","overlay-color":"","overlay-opacity":"","overlay-gradient":""},"mobile":{"background-color":"var(--ast-global-color-4)","background-image":"","background-repeat":"repeat","background-position":"center center","background-size":"auto","background-attachment":"scroll","background-type":"","background-media":"","overlay-type":"","overlay-color":"","overlay-opacity":"","overlay-gradient":""}},"footnotes":""},"class_list":["post-6615","page","type-page","status-publish","hentry"],"_links":{"self":[{"href":"https:\/\/imkanatinternational.com\/fr\/wp-json\/wp\/v2\/pages\/6615","targetHints":{"allow":["GET"]}}],"collection":[{"href":"https:\/\/imkanatinternational.com\/fr\/wp-json\/wp\/v2\/pages"}],"about":[{"href":"https:\/\/imkanatinternational.com\/fr\/wp-json\/wp\/v2\/types\/page"}],"author":[{"embeddable":true,"href":"https:\/\/imkanatinternational.com\/fr\/wp-json\/wp\/v2\/users\/2"}],"replies":[{"embeddable":true,"href":"https:\/\/imkanatinternational.com\/fr\/wp-json\/wp\/v2\/comments?post=6615"}],"version-history":[{"count":16,"href":"https:\/\/imkanatinternational.com\/fr\/wp-json\/wp\/v2\/pages\/6615\/revisions"}],"predecessor-version":[{"id":6645,"href":"https:\/\/imkanatinternational.com\/fr\/wp-json\/wp\/v2\/pages\/6615\/revisions\/6645"}],"wp:attachment":[{"href":"https:\/\/imkanatinternational.com\/fr\/wp-json\/wp\/v2\/media?parent=6615"}],"curies":[{"name":"wp","href":"https:\/\/api.w.org\/{rel}","templated":true}]}}