{"id":6757,"date":"2025-04-29T18:25:48","date_gmt":"2025-04-29T18:25:48","guid":{"rendered":"https:\/\/imkanatinternational.com\/indian-handicrafts\/"},"modified":"2025-07-04T17:42:35","modified_gmt":"2025-07-04T17:42:35","slug":"indian-handicrafts","status":"publish","type":"page","link":"https:\/\/imkanatinternational.com\/fr\/indian-handicrafts\/","title":{"rendered":"Artisanat Indien"},"content":{"rendered":"\t\t<div data-elementor-type=\"wp-page\" data-elementor-id=\"6757\" class=\"elementor elementor-6757 elementor-2456\" data-elementor-post-type=\"page\">\n\t\t\t\t<div class=\"elementor-element elementor-element-097de94 e-flex e-con-boxed wpr-particle-no wpr-jarallax-no wpr-parallax-no wpr-sticky-section-no e-con e-parent\" data-id=\"097de94\" data-element_type=\"container\" data-settings=\"{&quot;background_background&quot;:&quot;classic&quot;}\">\n\t\t\t\t\t<div class=\"e-con-inner\">\n\t\t<div class=\"elementor-element elementor-element-468f77e e-con-full e-flex wpr-particle-no wpr-jarallax-no wpr-parallax-no wpr-sticky-section-no e-con e-child\" data-id=\"468f77e\" data-element_type=\"container\">\n\t\t<div class=\"elementor-element elementor-element-789b846 e-con-full e-flex wpr-particle-no wpr-jarallax-no wpr-parallax-no wpr-sticky-section-no e-con e-child\" data-id=\"789b846\" data-element_type=\"container\">\n\t\t\t\t<div class=\"elementor-element elementor-element-b3d9271 elementor-widget elementor-widget-text-editor\" data-id=\"b3d9271\" data-element_type=\"widget\" data-widget_type=\"text-editor.default\">\n\t\t\t\t<div class=\"elementor-widget-container\">\n\t\t\t\t\t\t\t\t\t<p data-start=\"231\" data-end=\"1253\">Les artisanats indiens refl\u00e8tent des si\u00e8cles de tradition, de culture et de savoir-faire qualifi\u00e9. Nous exportons une grande vari\u00e9t\u00e9 d&rsquo;articles faits main racontant chacun une histoire unique de l&rsquo;art et du patrimoine r\u00e9gionaux. Nos artisanats allient authenticit\u00e9 et qualit\u00e9 d&rsquo;exportation, parfaits pour les march\u00e9s mondiaux recherchant l&rsquo;\u00e9l\u00e9gance traditionnelle et le charme fait main.<\/p>\t\t\t\t\t\t\t\t<\/div>\n\t\t\t\t<\/div>\n\t\t\t\t<div class=\"elementor-element elementor-element-8a896a8 elementor-mobile-align-center elementor-widget elementor-widget-button\" data-id=\"8a896a8\" data-element_type=\"widget\" data-widget_type=\"button.default\">\n\t\t\t\t<div class=\"elementor-widget-container\">\n\t\t\t\t\t\t\t\t\t<div class=\"elementor-button-wrapper\">\n\t\t\t\t\t<a class=\"elementor-button elementor-button-link elementor-size-md\" href=\"https:\/\/imkanatinternational.com\/contact-us\/\">\n\t\t\t\t\t\t<span class=\"elementor-button-content-wrapper\">\n\t\t\t\t\t\t\t\t\t<span class=\"elementor-button-text\">En savoir plus<\/span>\n\t\t\t\t\t<\/span>\n\t\t\t\t\t<\/a>\n\t\t\t\t<\/div>\n\t\t\t\t\t\t\t\t<\/div>\n\t\t\t\t<\/div>\n\t\t\t\t<div class=\"elementor-element elementor-element-b0261f1 elementor-widget elementor-widget-heading\" data-id=\"b0261f1\" data-element_type=\"widget\" data-widget_type=\"heading.default\">\n\t\t\t\t<div class=\"elementor-widget-container\">\n\t\t\t\t\t<h2 class=\"elementor-heading-title elementor-size-default\">Artisanat indien\n\n\n\n\n\n\n\n\n<\/h2>\t\t\t\t<\/div>\n\t\t\t\t<\/div>\n\t\t\t\t<\/div>\n\t\t\t\t<\/div>\n\t\t\t\t\t<\/div>\n\t\t\t\t<\/div>\n\t\t<div class=\"elementor-element elementor-element-48c4e51 e-flex e-con-boxed wpr-particle-no wpr-jarallax-no wpr-parallax-no wpr-sticky-section-no e-con e-parent\" data-id=\"48c4e51\" data-element_type=\"container\">\n\t\t\t\t\t<div class=\"e-con-inner\">\n\t\t<div class=\"elementor-element elementor-element-d807381 e-con-full e-flex wpr-particle-no wpr-jarallax-no wpr-parallax-no wpr-sticky-section-no e-con e-child\" data-id=\"d807381\" data-element_type=\"container\">\n\t\t\t\t<\/div>\n\t\t<div class=\"elementor-element elementor-element-cc934ab e-con-full e-flex wpr-particle-no wpr-jarallax-no wpr-parallax-no wpr-sticky-section-no e-con e-child\" data-id=\"cc934ab\" data-element_type=\"container\">\n\t\t<div class=\"elementor-element elementor-element-8d1d2d3 e-con-full e-flex wpr-particle-no wpr-jarallax-no wpr-parallax-no wpr-sticky-section-no e-con e-child\" data-id=\"8d1d2d3\" data-element_type=\"container\">\n\t\t\t\t<div class=\"elementor-element elementor-element-dae0733 ekit-equal-height-disable elementor-widget elementor-widget-elementskit-image-box\" data-id=\"dae0733\" data-element_type=\"widget\" data-widget_type=\"elementskit-image-box.default\">\n\t\t\t\t<div class=\"elementor-widget-container\">\n\t\t\t\t\t<div class=\"ekit-wid-con\" >\n            <div class=\"elementskit-info-image-box ekit-image-box text-center simple-card\" >\n\n                \n                <div class=\"elementskit-box-header image-box-img-center\">\n\n                    <img fetchpriority=\"high\" decoding=\"async\" width=\"432\" height=\"282\" src=\"https:\/\/imkanatinternational.com\/wp-content\/uploads\/2025\/04\/Screenshot-2025-04-29-212234.png\" class=\"attachment-full size-full wp-image-2509\" alt=\"\" srcset=\"https:\/\/imkanatinternational.com\/wp-content\/uploads\/2025\/04\/Screenshot-2025-04-29-212234.png 432w, https:\/\/imkanatinternational.com\/wp-content\/uploads\/2025\/04\/Screenshot-2025-04-29-212234-300x196.png 300w\" sizes=\"(max-width: 432px) 100vw, 432px\" \/>\n                <\/div>\n                \n                <div class=\"elementskit-box-body ekit-image-box-body\">\n                    <div class=\"elementskit-box-content ekit-image-box-body-inner\">\n                                                                <div class=\"elementskit-box-style-content\">\n                        Artisanat en bois\n \u2013D\u00e9corations d'int\u00e9rieur, meubles et articles utilitaires finement sculpt\u00e9s.\n\n                    <\/div>\n                                    <\/div>\n\n                            <\/div>\n            <\/div>\n    <\/div>\t\t\t\t<\/div>\n\t\t\t\t<\/div>\n\t\t\t\t<\/div>\n\t\t<div class=\"elementor-element elementor-element-e4a4a96 e-con-full e-flex wpr-particle-no wpr-jarallax-no wpr-parallax-no wpr-sticky-section-no e-con e-child\" data-id=\"e4a4a96\" data-element_type=\"container\">\n\t\t\t\t<div class=\"elementor-element elementor-element-0b5023d ekit-equal-height-disable elementor-widget elementor-widget-elementskit-image-box\" data-id=\"0b5023d\" data-element_type=\"widget\" data-widget_type=\"elementskit-image-box.default\">\n\t\t\t\t<div class=\"elementor-widget-container\">\n\t\t\t\t\t<div class=\"ekit-wid-con\" >\n            <div class=\"elementskit-info-image-box ekit-image-box text-center simple-card\" >\n\n                \n                <div class=\"elementskit-box-header image-box-img-center\">\n\n                    <img decoding=\"async\" width=\"421\" height=\"302\" src=\"https:\/\/imkanatinternational.com\/wp-content\/uploads\/2025\/04\/Screenshot-2025-04-29-212241.png\" class=\"attachment-full size-full wp-image-2508\" alt=\"\" srcset=\"https:\/\/imkanatinternational.com\/wp-content\/uploads\/2025\/04\/Screenshot-2025-04-29-212241.png 421w, https:\/\/imkanatinternational.com\/wp-content\/uploads\/2025\/04\/Screenshot-2025-04-29-212241-300x215.png 300w\" sizes=\"(max-width: 421px) 100vw, 421px\" \/>\n                <\/div>\n                \n                <div class=\"elementskit-box-body ekit-image-box-body\">\n                    <div class=\"elementskit-box-content ekit-image-box-body-inner\">\n                                                                <div class=\"elementskit-box-style-content\">\n                        Artisanat m\u00e9tallique\n \u2013 Objets d'art, idoles et pi\u00e8ces d\u00e9coratives en laiton, cuivre et aluminium.\n\n                    <\/div>\n                                    <\/div>\n\n                            <\/div>\n            <\/div>\n    <\/div>\t\t\t\t<\/div>\n\t\t\t\t<\/div>\n\t\t\t\t<\/div>\n\t\t<div class=\"elementor-element elementor-element-7191150 e-con-full e-flex wpr-particle-no wpr-jarallax-no wpr-parallax-no wpr-sticky-section-no e-con e-child\" data-id=\"7191150\" data-element_type=\"container\">\n\t\t\t\t<div class=\"elementor-element elementor-element-2614094 ekit-equal-height-disable elementor-widget elementor-widget-elementskit-image-box\" data-id=\"2614094\" data-element_type=\"widget\" data-widget_type=\"elementskit-image-box.default\">\n\t\t\t\t<div class=\"elementor-widget-container\">\n\t\t\t\t\t<div class=\"ekit-wid-con\" >\n            <div class=\"elementskit-info-image-box ekit-image-box text-center simple-card\" >\n\n                \n                <div class=\"elementskit-box-header image-box-img-center\">\n\n                    <img decoding=\"async\" width=\"438\" height=\"340\" src=\"https:\/\/imkanatinternational.com\/wp-content\/uploads\/2025\/04\/Screenshot-2025-04-29-212249.png\" class=\"attachment-full size-full wp-image-2507\" alt=\"\" srcset=\"https:\/\/imkanatinternational.com\/wp-content\/uploads\/2025\/04\/Screenshot-2025-04-29-212249.png 438w, https:\/\/imkanatinternational.com\/wp-content\/uploads\/2025\/04\/Screenshot-2025-04-29-212249-300x233.png 300w\" sizes=\"(max-width: 438px) 100vw, 438px\" \/>\n                <\/div>\n                \n                <div class=\"elementskit-box-body ekit-image-box-body\">\n                    <div class=\"elementskit-box-content ekit-image-box-body-inner\">\n                                                                <div class=\"elementskit-box-style-content\">\n                        Artisanat textile\n \u2013 Articles brod\u00e9s \u00e0 la main, imprim\u00e9s au tampon et tiss\u00e9s, comme des tentures murales et des housses de coussin.                    <\/div>\n                                    <\/div>\n\n                            <\/div>\n            <\/div>\n    <\/div>\t\t\t\t<\/div>\n\t\t\t\t<\/div>\n\t\t\t\t<\/div>\n\t\t\t\t<\/div>\n\t\t<div class=\"elementor-element elementor-element-4d753be e-con-full e-flex wpr-particle-no wpr-jarallax-no wpr-parallax-no wpr-sticky-section-no e-con e-child\" data-id=\"4d753be\" data-element_type=\"container\">\n\t\t<div class=\"elementor-element elementor-element-ee7ef0d e-con-full e-flex wpr-particle-no wpr-jarallax-no wpr-parallax-no wpr-sticky-section-no e-con e-child\" data-id=\"ee7ef0d\" data-element_type=\"container\">\n\t\t\t\t<div class=\"elementor-element elementor-element-185adf7 ekit-equal-height-disable elementor-widget elementor-widget-elementskit-image-box\" data-id=\"185adf7\" data-element_type=\"widget\" data-widget_type=\"elementskit-image-box.default\">\n\t\t\t\t<div class=\"elementor-widget-container\">\n\t\t\t\t\t<div class=\"ekit-wid-con\" >\n            <div class=\"elementskit-info-image-box ekit-image-box text-center simple-card\" >\n\n                \n                <div class=\"elementskit-box-header image-box-img-center\">\n\n                    <img loading=\"lazy\" decoding=\"async\" width=\"173\" height=\"181\" src=\"https:\/\/imkanatinternational.com\/wp-content\/uploads\/2025\/04\/Screenshot-2025-04-29-212256.png\" class=\"attachment-full size-full wp-image-2506\" alt=\"\" \/>\n                <\/div>\n                \n                <div class=\"elementskit-box-body ekit-image-box-body\">\n                    <div class=\"elementskit-box-content ekit-image-box-body-inner\">\n                                                                <div class=\"elementskit-box-style-content\">\n                        Terre cuite et poterie \u2013 Pi\u00e8ces artistiques en terre fa\u00e7onn\u00e9es et peintes \u00e0 la main.\n\n                    <\/div>\n                                    <\/div>\n\n                            <\/div>\n            <\/div>\n    <\/div>\t\t\t\t<\/div>\n\t\t\t\t<\/div>\n\t\t\t\t<\/div>\n\t\t<div class=\"elementor-element elementor-element-5331a14 e-con-full e-flex wpr-particle-no wpr-jarallax-no wpr-parallax-no wpr-sticky-section-no e-con e-child\" data-id=\"5331a14\" data-element_type=\"container\">\n\t\t\t\t<div class=\"elementor-element elementor-element-2824f8c ekit-equal-height-disable elementor-widget elementor-widget-elementskit-image-box\" data-id=\"2824f8c\" data-element_type=\"widget\" data-widget_type=\"elementskit-image-box.default\">\n\t\t\t\t<div class=\"elementor-widget-container\">\n\t\t\t\t\t<div class=\"ekit-wid-con\" >\n            <div class=\"elementskit-info-image-box ekit-image-box text-center simple-card\" >\n\n                \n                <div class=\"elementskit-box-header image-box-img-center\">\n\n                    <img loading=\"lazy\" decoding=\"async\" width=\"445\" height=\"267\" src=\"https:\/\/imkanatinternational.com\/wp-content\/uploads\/2025\/04\/Screenshot-2025-04-29-212302.png\" class=\"attachment-full size-full wp-image-2505\" alt=\"\" srcset=\"https:\/\/imkanatinternational.com\/wp-content\/uploads\/2025\/04\/Screenshot-2025-04-29-212302.png 445w, https:\/\/imkanatinternational.com\/wp-content\/uploads\/2025\/04\/Screenshot-2025-04-29-212302-300x180.png 300w\" sizes=\"(max-width: 445px) 100vw, 445px\" \/>\n                <\/div>\n                \n                <div class=\"elementskit-box-body ekit-image-box-body\">\n                    <div class=\"elementskit-box-content ekit-image-box-body-inner\">\n                                                                <div class=\"elementskit-box-style-content\">\n                        Produits en jute et rotin\n\u2013 Paniers, sacs et objets d\u00e9coratifs \u00e9cologiques.\n\n                    <\/div>\n                                    <\/div>\n\n                            <\/div>\n            <\/div>\n    <\/div>\t\t\t\t<\/div>\n\t\t\t\t<\/div>\n\t\t\t\t<\/div>\n\t\t\t\t<\/div>\n\t\t<div class=\"elementor-element elementor-element-f0413ed e-con-full e-flex wpr-particle-no wpr-jarallax-no wpr-parallax-no wpr-sticky-section-no e-con e-child\" data-id=\"f0413ed\" data-element_type=\"container\">\n\t\t\t\t<\/div>\n\t\t\t\t\t<\/div>\n\t\t\t\t<\/div>\n\t\t\t\t<\/div>\n\t\t","protected":false},"excerpt":{"rendered":"<p>Les artisanats indiens refl\u00e8tent des si\u00e8cles de tradition, de culture et de savoir-faire qualifi\u00e9. Nous exportons une grande vari\u00e9t\u00e9 d&rsquo;articles faits main racontant chacun une histoire unique de l&rsquo;art et du patrimoine r\u00e9gionaux. Nos artisanats allient authenticit\u00e9 et qualit\u00e9 d&rsquo;exportation, parfaits pour les march\u00e9s mondiaux recherchant l&rsquo;\u00e9l\u00e9gance traditionnelle et le charme fait main. En savoir plus Artisanat indien Artisanat en bois \u2013D\u00e9corations d&rsquo;int\u00e9rieur, meubles et articles utilitaires finement sculpt\u00e9s. Artisanat m\u00e9tallique \u2013 Objets d&rsquo;art, idoles et pi\u00e8ces d\u00e9coratives en laiton, cuivre et aluminium. Artisanat textile \u2013 Articles brod\u00e9s \u00e0 la main, imprim\u00e9s au tampon et tiss\u00e9s, comme des tentures murales et des housses de coussin. Terre cuite et poterie \u2013 Pi\u00e8ces artistiques en terre fa\u00e7onn\u00e9es et peintes \u00e0 la main. Produits en jute et rotin \u2013 Paniers, sacs et objets d\u00e9coratifs \u00e9cologiques.<\/p>\n","protected":false},"author":2,"featured_media":0,"parent":0,"menu_order":0,"comment_status":"closed","ping_status":"closed","template":"","meta":{"site-sidebar-layout":"no-sidebar","site-content-layout":"","ast-site-content-layout":"full-width-container","site-content-style":"default","site-sidebar-style":"default","ast-global-header-display":"","ast-banner-title-visibility":"","ast-main-header-display":"","ast-hfb-above-header-display":"","ast-hfb-below-header-display":"","ast-hfb-mobile-header-display":"","site-post-title":"disabled","ast-breadcrumbs-content":"","ast-featured-img":"disabled","footer-sml-layout":"","theme-transparent-header-meta":"","adv-header-id-meta":"","stick-header-meta":"","header-above-stick-meta":"","header-main-stick-meta":"","header-below-stick-meta":"","astra-migrate-meta-layouts":"default","ast-page-background-enabled":"default","ast-page-background-meta":{"desktop":{"background-color":"var(--ast-global-color-5)","background-image":"","background-repeat":"repeat","background-position":"center center","background-size":"auto","background-attachment":"scroll","background-type":"","background-media":"","overlay-type":"","overlay-color":"","overlay-opacity":"","overlay-gradient":""},"tablet":{"background-color":"","background-image":"","background-repeat":"repeat","background-position":"center center","background-size":"auto","background-attachment":"scroll","background-type":"","background-media":"","overlay-type":"","overlay-color":"","overlay-opacity":"","overlay-gradient":""},"mobile":{"background-color":"","background-image":"","background-repeat":"repeat","background-position":"center center","background-size":"auto","background-attachment":"scroll","background-type":"","background-media":"","overlay-type":"","overlay-color":"","overlay-opacity":"","overlay-gradient":""}},"ast-content-background-meta":{"desktop":{"background-color":"var(--ast-global-color-4)","background-image":"","background-repeat":"repeat","background-position":"center center","background-size":"auto","background-attachment":"scroll","background-type":"","background-media":"","overlay-type":"","overlay-color":"","overlay-opacity":"","overlay-gradient":""},"tablet":{"background-color":"var(--ast-global-color-4)","background-image":"","background-repeat":"repeat","background-position":"center center","background-size":"auto","background-attachment":"scroll","background-type":"","background-media":"","overlay-type":"","overlay-color":"","overlay-opacity":"","overlay-gradient":""},"mobile":{"background-color":"var(--ast-global-color-4)","background-image":"","background-repeat":"repeat","background-position":"center center","background-size":"auto","background-attachment":"scroll","background-type":"","background-media":"","overlay-type":"","overlay-color":"","overlay-opacity":"","overlay-gradient":""}},"footnotes":""},"class_list":["post-6757","page","type-page","status-publish","hentry"],"_links":{"self":[{"href":"https:\/\/imkanatinternational.com\/fr\/wp-json\/wp\/v2\/pages\/6757","targetHints":{"allow":["GET"]}}],"collection":[{"href":"https:\/\/imkanatinternational.com\/fr\/wp-json\/wp\/v2\/pages"}],"about":[{"href":"https:\/\/imkanatinternational.com\/fr\/wp-json\/wp\/v2\/types\/page"}],"author":[{"embeddable":true,"href":"https:\/\/imkanatinternational.com\/fr\/wp-json\/wp\/v2\/users\/2"}],"replies":[{"embeddable":true,"href":"https:\/\/imkanatinternational.com\/fr\/wp-json\/wp\/v2\/comments?post=6757"}],"version-history":[{"count":7,"href":"https:\/\/imkanatinternational.com\/fr\/wp-json\/wp\/v2\/pages\/6757\/revisions"}],"predecessor-version":[{"id":6769,"href":"https:\/\/imkanatinternational.com\/fr\/wp-json\/wp\/v2\/pages\/6757\/revisions\/6769"}],"wp:attachment":[{"href":"https:\/\/imkanatinternational.com\/fr\/wp-json\/wp\/v2\/media?parent=6757"}],"curies":[{"name":"wp","href":"https:\/\/api.w.org\/{rel}","templated":true}]}}