{"id":6775,"date":"2025-05-05T07:45:12","date_gmt":"2025-05-05T07:45:12","guid":{"rendered":"https:\/\/imkanatinternational.com\/empowering-businesses-with-scalable-it-solutions\/"},"modified":"2025-07-04T20:20:01","modified_gmt":"2025-07-04T20:20:01","slug":"empowering-businesses-with-scalable-it-solutions","status":"publish","type":"page","link":"https:\/\/imkanatinternational.com\/fr\/empowering-businesses-with-scalable-it-solutions\/","title":{"rendered":"Solutions informatiques et logicielles"},"content":{"rendered":"\t\t<div data-elementor-type=\"wp-page\" data-elementor-id=\"6775\" class=\"elementor elementor-6775 elementor-3118\" data-elementor-post-type=\"page\">\n\t\t\t\t<div class=\"elementor-element elementor-element-c6d9084 e-flex e-con-boxed wpr-particle-no wpr-jarallax-no wpr-parallax-no wpr-sticky-section-no e-con e-parent\" data-id=\"c6d9084\" data-element_type=\"container\" data-settings=\"{&quot;background_background&quot;:&quot;classic&quot;}\">\n\t\t\t\t\t<div class=\"e-con-inner\">\n\t\t<div class=\"elementor-element elementor-element-8f6ac91 e-con-full e-flex wpr-particle-no wpr-jarallax-no wpr-parallax-no wpr-sticky-section-no e-con e-child\" data-id=\"8f6ac91\" data-element_type=\"container\">\n\t\t<div class=\"elementor-element elementor-element-c473111 e-con-full e-flex wpr-particle-no wpr-jarallax-no wpr-parallax-no wpr-sticky-section-no e-con e-child\" data-id=\"c473111\" data-element_type=\"container\">\n\t\t\t\t<div class=\"elementor-element elementor-element-66c3dc5 elementor-widget elementor-widget-text-editor\" data-id=\"66c3dc5\" data-element_type=\"widget\" data-widget_type=\"text-editor.default\">\n\t\t\t\t<div class=\"elementor-widget-container\">\n\t\t\t\t\t\t\t\t\t<p>Bas\u00e9s en Inde, nous fournissons des solutions informatiques dynamiques et une soci\u00e9t\u00e9 de services logiciels d\u00e9di\u00e9e \u00e0 aider les entreprises \u00e0 exploiter la technologie pour stimuler l&rsquo;innovation, rationaliser les op\u00e9rations et atteindre une croissance durable. Avec une compr\u00e9hension approfondie des divers domaines industriels et des technologies de pointe, nous livrons des solutions num\u00e9riques personnalis\u00e9es, rentables et pr\u00eates pour l&rsquo;avenir.<\/p>\t\t\t\t\t\t\t\t<\/div>\n\t\t\t\t<\/div>\n\t\t\t\t<div class=\"elementor-element elementor-element-f77832a elementor-widget elementor-widget-button\" data-id=\"f77832a\" data-element_type=\"widget\" data-widget_type=\"button.default\">\n\t\t\t\t<div class=\"elementor-widget-container\">\n\t\t\t\t\t\t\t\t\t<div class=\"elementor-button-wrapper\">\n\t\t\t\t\t<a class=\"elementor-button elementor-button-link elementor-size-md\" href=\"https:\/\/imkanatinternational.com\/contact-us\/\">\n\t\t\t\t\t\t<span class=\"elementor-button-content-wrapper\">\n\t\t\t\t\t\t\t\t\t<span class=\"elementor-button-text\">En savoir plus<\/span>\n\t\t\t\t\t<\/span>\n\t\t\t\t\t<\/a>\n\t\t\t\t<\/div>\n\t\t\t\t\t\t\t\t<\/div>\n\t\t\t\t<\/div>\n\t\t\t\t<div class=\"elementor-element elementor-element-10a9ab0 elementor-widget elementor-widget-heading\" data-id=\"10a9ab0\" data-element_type=\"widget\" data-widget_type=\"heading.default\">\n\t\t\t\t<div class=\"elementor-widget-container\">\n\t\t\t\t\t<h2 class=\"elementor-heading-title elementor-size-default\">Autonomiser les entreprises avec des solutions informatiques \u00e9volutives<\/h2>\t\t\t\t<\/div>\n\t\t\t\t<\/div>\n\t\t\t\t<\/div>\n\t\t\t\t<\/div>\n\t\t\t\t\t<\/div>\n\t\t\t\t<\/div>\n\t\t\t\t<section class=\"elementor-section elementor-top-section elementor-element elementor-element-8556e7f elementor-section-height-min-height elementor-section-boxed elementor-section-height-default elementor-section-items-middle wpr-particle-no wpr-jarallax-no wpr-parallax-no wpr-sticky-section-no\" data-id=\"8556e7f\" data-element_type=\"section\" data-settings=\"{&quot;background_background&quot;:&quot;classic&quot;}\">\n\t\t\t\t\t\t\t<div class=\"elementor-background-overlay\"><\/div>\n\t\t\t\t\t\t\t<div class=\"elementor-container elementor-column-gap-default\">\n\t\t\t\t\t<div class=\"elementor-column elementor-col-100 elementor-top-column elementor-element elementor-element-8c06de4\" data-id=\"8c06de4\" data-element_type=\"column\">\n\t\t\t<div class=\"elementor-widget-wrap elementor-element-populated\">\n\t\t\t\t\t\t<section class=\"elementor-section elementor-inner-section elementor-element elementor-element-c0f57d9 elementor-section-boxed elementor-section-height-default elementor-section-height-default wpr-particle-no wpr-jarallax-no wpr-parallax-no wpr-sticky-section-no\" data-id=\"c0f57d9\" data-element_type=\"section\">\n\t\t\t\t\t\t<div class=\"elementor-container elementor-column-gap-default\">\n\t\t\t\t\t<div class=\"elementor-column elementor-col-50 elementor-inner-column elementor-element elementor-element-529cd83\" data-id=\"529cd83\" data-element_type=\"column\">\n\t\t\t<div class=\"elementor-widget-wrap elementor-element-populated\">\n\t\t\t\t\t\t<div class=\"elementor-element elementor-element-2801897 elementor-widget elementor-widget-image\" data-id=\"2801897\" data-element_type=\"widget\" data-widget_type=\"image.default\">\n\t\t\t\t<div class=\"elementor-widget-container\">\n\t\t\t\t\t\t\t\t\t\t\t\t\t\t\t<img fetchpriority=\"high\" decoding=\"async\" width=\"446\" height=\"320\" src=\"https:\/\/imkanatinternational.com\/wp-content\/uploads\/2025\/05\/Screenshot-2025-05-05-104340.png\" class=\"elementor-animation-hang attachment-large size-large wp-image-5976\" alt=\"\" srcset=\"https:\/\/imkanatinternational.com\/wp-content\/uploads\/2025\/05\/Screenshot-2025-05-05-104340.png 446w, https:\/\/imkanatinternational.com\/wp-content\/uploads\/2025\/05\/Screenshot-2025-05-05-104340-300x215.png 300w\" sizes=\"(max-width: 446px) 100vw, 446px\" \/>\t\t\t\t\t\t\t\t\t\t\t\t\t\t\t<\/div>\n\t\t\t\t<\/div>\n\t\t\t\t\t<\/div>\n\t\t<\/div>\n\t\t\t\t<div class=\"elementor-column elementor-col-50 elementor-inner-column elementor-element elementor-element-54fae65\" data-id=\"54fae65\" data-element_type=\"column\" data-settings=\"{&quot;background_background&quot;:&quot;classic&quot;}\">\n\t\t\t<div class=\"elementor-widget-wrap elementor-element-populated\">\n\t\t\t\t\t\t<div class=\"elementor-element elementor-element-d6d647f elementor-widget elementor-widget-text-editor\" data-id=\"d6d647f\" data-element_type=\"widget\" data-widget_type=\"text-editor.default\">\n\t\t\t\t<div class=\"elementor-widget-container\">\n\t\t\t\t\t\t\t\t\t<ul><li aria-level=\"1\"><strong>D\u00e9veloppement de logiciels personnalis\u00e9s<\/strong><br \/><p data-start=\"184\" data-end=\"383\">Solutions logicielles sur mesure pour r\u00e9pondre aux besoins uniques de votre entreprise, des applications web et mobiles aux syst\u00e8mes de niveau entreprise.<\/p><\/li><\/ul>\t\t\t\t\t\t\t\t<\/div>\n\t\t\t\t<\/div>\n\t\t\t\t\t<\/div>\n\t\t<\/div>\n\t\t\t\t\t<\/div>\n\t\t<\/section>\n\t\t\t\t<section class=\"elementor-section elementor-inner-section elementor-element elementor-element-f39d545 elementor-reverse-mobile elementor-section-boxed elementor-section-height-default elementor-section-height-default wpr-particle-no wpr-jarallax-no wpr-parallax-no wpr-sticky-section-no\" data-id=\"f39d545\" data-element_type=\"section\">\n\t\t\t\t\t\t<div class=\"elementor-container elementor-column-gap-default\">\n\t\t\t\t\t<div class=\"elementor-column elementor-col-50 elementor-inner-column elementor-element elementor-element-2e6c63a\" data-id=\"2e6c63a\" data-element_type=\"column\" data-settings=\"{&quot;background_background&quot;:&quot;classic&quot;}\">\n\t\t\t<div class=\"elementor-widget-wrap elementor-element-populated\">\n\t\t\t\t\t\t<div class=\"elementor-element elementor-element-89f431d elementor-widget elementor-widget-text-editor\" data-id=\"89f431d\" data-element_type=\"widget\" data-widget_type=\"text-editor.default\">\n\t\t\t\t<div class=\"elementor-widget-container\">\n\t\t\t\t\t\t\t\t\t<ul><li style=\"font-weight: 400;\" aria-level=\"1\"><span style=\"font-weight: 400;\"><strong>D\u00e9veloppement d&rsquo;applications web et mobiles<\/strong><br data-start=\"603\" data-end=\"606\" \/><\/span><p data-start=\"560\" data-end=\"745\">Applications performantes, r\u00e9actives et centr\u00e9es sur l&rsquo;utilisateur qui fonctionnent parfaitement sur diff\u00e9rents appareils et plateformes.<\/p><\/li><\/ul>\t\t\t\t\t\t\t\t<\/div>\n\t\t\t\t<\/div>\n\t\t\t\t\t<\/div>\n\t\t<\/div>\n\t\t\t\t<div class=\"elementor-column elementor-col-50 elementor-inner-column elementor-element elementor-element-a13efad\" data-id=\"a13efad\" data-element_type=\"column\">\n\t\t\t<div class=\"elementor-widget-wrap elementor-element-populated\">\n\t\t\t\t\t\t<div class=\"elementor-element elementor-element-2eef5d9 elementor-widget elementor-widget-image\" data-id=\"2eef5d9\" data-element_type=\"widget\" data-widget_type=\"image.default\">\n\t\t\t\t<div class=\"elementor-widget-container\">\n\t\t\t\t\t\t\t\t\t\t\t\t\t\t\t<img decoding=\"async\" width=\"533\" height=\"349\" src=\"https:\/\/imkanatinternational.com\/wp-content\/uploads\/2025\/05\/Screenshot-2025-05-05-104350.png\" class=\"elementor-animation-hang attachment-large size-large wp-image-5974\" alt=\"\" srcset=\"https:\/\/imkanatinternational.com\/wp-content\/uploads\/2025\/05\/Screenshot-2025-05-05-104350.png 533w, https:\/\/imkanatinternational.com\/wp-content\/uploads\/2025\/05\/Screenshot-2025-05-05-104350-300x196.png 300w\" sizes=\"(max-width: 533px) 100vw, 533px\" \/>\t\t\t\t\t\t\t\t\t\t\t\t\t\t\t<\/div>\n\t\t\t\t<\/div>\n\t\t\t\t\t<\/div>\n\t\t<\/div>\n\t\t\t\t\t<\/div>\n\t\t<\/section>\n\t\t\t\t\t<\/div>\n\t\t<\/div>\n\t\t\t\t\t<\/div>\n\t\t<\/section>\n\t\t\t\t<section class=\"elementor-section elementor-top-section elementor-element elementor-element-5847528 elementor-section-height-min-height elementor-section-boxed elementor-section-height-default elementor-section-items-middle wpr-particle-no wpr-jarallax-no wpr-parallax-no wpr-sticky-section-no\" data-id=\"5847528\" data-element_type=\"section\" data-settings=\"{&quot;background_background&quot;:&quot;classic&quot;}\">\n\t\t\t\t\t\t\t<div class=\"elementor-background-overlay\"><\/div>\n\t\t\t\t\t\t\t<div class=\"elementor-container elementor-column-gap-default\">\n\t\t\t\t\t<div class=\"elementor-column elementor-col-100 elementor-top-column elementor-element elementor-element-5d3174e\" data-id=\"5d3174e\" data-element_type=\"column\">\n\t\t\t<div class=\"elementor-widget-wrap elementor-element-populated\">\n\t\t\t\t\t\t<section class=\"elementor-section elementor-inner-section elementor-element elementor-element-7b4392f elementor-section-boxed elementor-section-height-default elementor-section-height-default wpr-particle-no wpr-jarallax-no wpr-parallax-no wpr-sticky-section-no\" data-id=\"7b4392f\" data-element_type=\"section\">\n\t\t\t\t\t\t<div class=\"elementor-container elementor-column-gap-default\">\n\t\t\t\t\t<div class=\"elementor-column elementor-col-50 elementor-inner-column elementor-element elementor-element-d2ac03e\" data-id=\"d2ac03e\" data-element_type=\"column\">\n\t\t\t<div class=\"elementor-widget-wrap elementor-element-populated\">\n\t\t\t\t\t\t<div class=\"elementor-element elementor-element-dceff0e elementor-widget elementor-widget-image\" data-id=\"dceff0e\" data-element_type=\"widget\" data-widget_type=\"image.default\">\n\t\t\t\t<div class=\"elementor-widget-container\">\n\t\t\t\t\t\t\t\t\t\t\t\t\t\t\t<img decoding=\"async\" width=\"513\" height=\"349\" src=\"https:\/\/imkanatinternational.com\/wp-content\/uploads\/2025\/05\/Screenshot-2025-05-05-104358.png\" class=\"elementor-animation-hang attachment-large size-large wp-image-5972\" alt=\"\" srcset=\"https:\/\/imkanatinternational.com\/wp-content\/uploads\/2025\/05\/Screenshot-2025-05-05-104358.png 513w, https:\/\/imkanatinternational.com\/wp-content\/uploads\/2025\/05\/Screenshot-2025-05-05-104358-300x204.png 300w\" sizes=\"(max-width: 513px) 100vw, 513px\" \/>\t\t\t\t\t\t\t\t\t\t\t\t\t\t\t<\/div>\n\t\t\t\t<\/div>\n\t\t\t\t\t<\/div>\n\t\t<\/div>\n\t\t\t\t<div class=\"elementor-column elementor-col-50 elementor-inner-column elementor-element elementor-element-51ef8cb\" data-id=\"51ef8cb\" data-element_type=\"column\" data-settings=\"{&quot;background_background&quot;:&quot;classic&quot;}\">\n\t\t\t<div class=\"elementor-widget-wrap elementor-element-populated\">\n\t\t\t\t\t\t<div class=\"elementor-element elementor-element-bca12e4 elementor-widget elementor-widget-text-editor\" data-id=\"bca12e4\" data-element_type=\"widget\" data-widget_type=\"text-editor.default\">\n\t\t\t\t<div class=\"elementor-widget-container\">\n\t\t\t\t\t\t\t\t\t<ul><li style=\"font-weight: 400;\" aria-level=\"1\"><b><b> Solutions Cloud &amp; DevOps<\/b><\/b><span style=\"font-weight: 400;\"><br \/><\/span>Migration vers le cloud, configuration de l&rsquo;infrastructure et services d&rsquo;automatisation pour am\u00e9liorer l&rsquo;\u00e9volutivit\u00e9, la performance et la s\u00e9curit\u00e9.<\/li><\/ul>\t\t\t\t\t\t\t\t<\/div>\n\t\t\t\t<\/div>\n\t\t\t\t\t<\/div>\n\t\t<\/div>\n\t\t\t\t\t<\/div>\n\t\t<\/section>\n\t\t\t\t<section class=\"elementor-section elementor-inner-section elementor-element elementor-element-179ae2c elementor-reverse-mobile elementor-section-boxed elementor-section-height-default elementor-section-height-default wpr-particle-no wpr-jarallax-no wpr-parallax-no wpr-sticky-section-no\" data-id=\"179ae2c\" data-element_type=\"section\">\n\t\t\t\t\t\t<div class=\"elementor-container elementor-column-gap-default\">\n\t\t\t\t\t<div class=\"elementor-column elementor-col-50 elementor-inner-column elementor-element elementor-element-f67e58b\" data-id=\"f67e58b\" data-element_type=\"column\" data-settings=\"{&quot;background_background&quot;:&quot;classic&quot;}\">\n\t\t\t<div class=\"elementor-widget-wrap elementor-element-populated\">\n\t\t\t\t\t\t<div class=\"elementor-element elementor-element-7df2746 elementor-widget elementor-widget-text-editor\" data-id=\"7df2746\" data-element_type=\"widget\" data-widget_type=\"text-editor.default\">\n\t\t\t\t<div class=\"elementor-widget-container\">\n\t\t\t\t\t\t\t\t\t<ul><li style=\"font-weight: 400;\" aria-level=\"1\"><strong>Maintenance &amp; Support<\/strong><br data-start=\"159\" data-end=\"162\" \/><p data-start=\"138\" data-end=\"291\">Support fiable apr\u00e8s d\u00e9ploiement, mises \u00e0 jour et maintenance pour assurer un fonctionnement fluide et une am\u00e9lioration continue.<\/p><\/li><\/ul>\t\t\t\t\t\t\t\t<\/div>\n\t\t\t\t<\/div>\n\t\t\t\t\t<\/div>\n\t\t<\/div>\n\t\t\t\t<div class=\"elementor-column elementor-col-50 elementor-inner-column elementor-element elementor-element-d9f5aa3\" data-id=\"d9f5aa3\" data-element_type=\"column\">\n\t\t\t<div class=\"elementor-widget-wrap elementor-element-populated\">\n\t\t\t\t\t\t<div class=\"elementor-element elementor-element-dd2b94f elementor-widget elementor-widget-image\" data-id=\"dd2b94f\" data-element_type=\"widget\" data-widget_type=\"image.default\">\n\t\t\t\t<div class=\"elementor-widget-container\">\n\t\t\t\t\t\t\t\t\t\t\t\t\t\t\t<img loading=\"lazy\" decoding=\"async\" width=\"462\" height=\"308\" src=\"https:\/\/imkanatinternational.com\/wp-content\/uploads\/2025\/05\/Screenshot-2025-05-05-104413.png\" class=\"elementor-animation-hang attachment-large size-large wp-image-5970\" alt=\"\" srcset=\"https:\/\/imkanatinternational.com\/wp-content\/uploads\/2025\/05\/Screenshot-2025-05-05-104413.png 462w, https:\/\/imkanatinternational.com\/wp-content\/uploads\/2025\/05\/Screenshot-2025-05-05-104413-300x200.png 300w\" sizes=\"(max-width: 462px) 100vw, 462px\" \/>\t\t\t\t\t\t\t\t\t\t\t\t\t\t\t<\/div>\n\t\t\t\t<\/div>\n\t\t\t\t\t<\/div>\n\t\t<\/div>\n\t\t\t\t\t<\/div>\n\t\t<\/section>\n\t\t\t\t\t<\/div>\n\t\t<\/div>\n\t\t\t\t\t<\/div>\n\t\t<\/section>\n\t\t\t\t<section class=\"elementor-section elementor-top-section elementor-element elementor-element-45e2919 elementor-section-height-min-height elementor-section-boxed elementor-section-height-default elementor-section-items-middle wpr-particle-no wpr-jarallax-no wpr-parallax-no wpr-sticky-section-no\" data-id=\"45e2919\" data-element_type=\"section\" data-settings=\"{&quot;background_background&quot;:&quot;classic&quot;}\">\n\t\t\t\t\t\t\t<div class=\"elementor-background-overlay\"><\/div>\n\t\t\t\t\t\t\t<div class=\"elementor-container elementor-column-gap-default\">\n\t\t\t\t\t<div class=\"elementor-column elementor-col-100 elementor-top-column elementor-element elementor-element-ab851ba\" data-id=\"ab851ba\" data-element_type=\"column\">\n\t\t\t<div class=\"elementor-widget-wrap elementor-element-populated\">\n\t\t\t\t\t\t<section class=\"elementor-section elementor-inner-section elementor-element elementor-element-fe6c982 elementor-section-boxed elementor-section-height-default elementor-section-height-default wpr-particle-no wpr-jarallax-no wpr-parallax-no wpr-sticky-section-no\" data-id=\"fe6c982\" data-element_type=\"section\">\n\t\t\t\t\t\t<div class=\"elementor-container elementor-column-gap-default\">\n\t\t\t\t\t<div class=\"elementor-column elementor-col-50 elementor-inner-column elementor-element elementor-element-f05f2f4\" data-id=\"f05f2f4\" data-element_type=\"column\">\n\t\t\t<div class=\"elementor-widget-wrap elementor-element-populated\">\n\t\t\t\t\t\t<div class=\"elementor-element elementor-element-a12bd96 elementor-widget elementor-widget-image\" data-id=\"a12bd96\" data-element_type=\"widget\" data-widget_type=\"image.default\">\n\t\t\t\t<div class=\"elementor-widget-container\">\n\t\t\t\t\t\t\t\t\t\t\t\t\t\t\t<img loading=\"lazy\" decoding=\"async\" width=\"528\" height=\"341\" src=\"https:\/\/imkanatinternational.com\/wp-content\/uploads\/2025\/05\/Screenshot-2025-05-05-104429.png\" class=\"elementor-animation-hang attachment-large size-large wp-image-5968\" alt=\"\" srcset=\"https:\/\/imkanatinternational.com\/wp-content\/uploads\/2025\/05\/Screenshot-2025-05-05-104429.png 528w, https:\/\/imkanatinternational.com\/wp-content\/uploads\/2025\/05\/Screenshot-2025-05-05-104429-300x194.png 300w\" sizes=\"(max-width: 528px) 100vw, 528px\" \/>\t\t\t\t\t\t\t\t\t\t\t\t\t\t\t<\/div>\n\t\t\t\t<\/div>\n\t\t\t\t\t<\/div>\n\t\t<\/div>\n\t\t\t\t<div class=\"elementor-column elementor-col-50 elementor-inner-column elementor-element elementor-element-f3500f1\" data-id=\"f3500f1\" data-element_type=\"column\" data-settings=\"{&quot;background_background&quot;:&quot;classic&quot;}\">\n\t\t\t<div class=\"elementor-widget-wrap elementor-element-populated\">\n\t\t\t\t\t\t<div class=\"elementor-element elementor-element-174182a elementor-widget elementor-widget-text-editor\" data-id=\"174182a\" data-element_type=\"widget\" data-widget_type=\"text-editor.default\">\n\t\t\t\t<div class=\"elementor-widget-container\">\n\t\t\t\t\t\t\t\t\t<ul><li style=\"font-weight: 400;\" aria-level=\"1\"><b>Maintenance &amp; Support<\/b><span style=\"font-weight: 400;\"><br \/><\/span><span style=\"font-weight: 400;\">Reliable post-deployment support, upgrades, and maintenance to ensure smooth operation and continued improvement.<\/span><\/li><\/ul>\t\t\t\t\t\t\t\t<\/div>\n\t\t\t\t<\/div>\n\t\t\t\t\t<\/div>\n\t\t<\/div>\n\t\t\t\t\t<\/div>\n\t\t<\/section>\n\t\t\t\t\t<\/div>\n\t\t<\/div>\n\t\t\t\t\t<\/div>\n\t\t<\/section>\n\t\t\t\t<\/div>\n\t\t","protected":false},"excerpt":{"rendered":"<p>Bas\u00e9s en Inde, nous fournissons des solutions informatiques dynamiques et une soci\u00e9t\u00e9 de services logiciels d\u00e9di\u00e9e \u00e0 aider les entreprises \u00e0 exploiter la technologie pour stimuler l&rsquo;innovation, rationaliser les op\u00e9rations et atteindre une croissance durable. Avec une compr\u00e9hension approfondie des divers domaines industriels et des technologies de pointe, nous livrons des solutions num\u00e9riques personnalis\u00e9es, rentables et pr\u00eates pour l&rsquo;avenir. En savoir plus Autonomiser les entreprises avec des solutions informatiques \u00e9volutives D\u00e9veloppement de logiciels personnalis\u00e9s Solutions logicielles sur mesure pour r\u00e9pondre aux besoins uniques de votre entreprise, des applications web et mobiles aux syst\u00e8mes de niveau entreprise. D\u00e9veloppement d&rsquo;applications web et mobiles Applications performantes, r\u00e9actives et centr\u00e9es sur l&rsquo;utilisateur qui fonctionnent parfaitement sur diff\u00e9rents appareils et plateformes. Solutions Cloud &amp; DevOpsMigration vers le cloud, configuration de l&rsquo;infrastructure et services d&rsquo;automatisation pour am\u00e9liorer l&rsquo;\u00e9volutivit\u00e9, la performance et la s\u00e9curit\u00e9. Maintenance &amp; Support Support fiable apr\u00e8s d\u00e9ploiement, mises \u00e0 jour et maintenance pour assurer un fonctionnement fluide et une am\u00e9lioration continue. Maintenance &amp; SupportReliable post-deployment support, upgrades, and maintenance to ensure smooth operation and continued improvement.<\/p>\n","protected":false},"author":2,"featured_media":0,"parent":0,"menu_order":0,"comment_status":"closed","ping_status":"closed","template":"","meta":{"site-sidebar-layout":"no-sidebar","site-content-layout":"","ast-site-content-layout":"full-width-container","site-content-style":"default","site-sidebar-style":"default","ast-global-header-display":"","ast-banner-title-visibility":"","ast-main-header-display":"","ast-hfb-above-header-display":"","ast-hfb-below-header-display":"","ast-hfb-mobile-header-display":"","site-post-title":"disabled","ast-breadcrumbs-content":"","ast-featured-img":"disabled","footer-sml-layout":"","theme-transparent-header-meta":"","adv-header-id-meta":"","stick-header-meta":"","header-above-stick-meta":"","header-main-stick-meta":"","header-below-stick-meta":"","astra-migrate-meta-layouts":"default","ast-page-background-enabled":"default","ast-page-background-meta":{"desktop":{"background-color":"var(--ast-global-color-5)","background-image":"","background-repeat":"repeat","background-position":"center center","background-size":"auto","background-attachment":"scroll","background-type":"","background-media":"","overlay-type":"","overlay-color":"","overlay-opacity":"","overlay-gradient":""},"tablet":{"background-color":"","background-image":"","background-repeat":"repeat","background-position":"center center","background-size":"auto","background-attachment":"scroll","background-type":"","background-media":"","overlay-type":"","overlay-color":"","overlay-opacity":"","overlay-gradient":""},"mobile":{"background-color":"","background-image":"","background-repeat":"repeat","background-position":"center center","background-size":"auto","background-attachment":"scroll","background-type":"","background-media":"","overlay-type":"","overlay-color":"","overlay-opacity":"","overlay-gradient":""}},"ast-content-background-meta":{"desktop":{"background-color":"var(--ast-global-color-4)","background-image":"","background-repeat":"repeat","background-position":"center center","background-size":"auto","background-attachment":"scroll","background-type":"","background-media":"","overlay-type":"","overlay-color":"","overlay-opacity":"","overlay-gradient":""},"tablet":{"background-color":"var(--ast-global-color-4)","background-image":"","background-repeat":"repeat","background-position":"center center","background-size":"auto","background-attachment":"scroll","background-type":"","background-media":"","overlay-type":"","overlay-color":"","overlay-opacity":"","overlay-gradient":""},"mobile":{"background-color":"var(--ast-global-color-4)","background-image":"","background-repeat":"repeat","background-position":"center center","background-size":"auto","background-attachment":"scroll","background-type":"","background-media":"","overlay-type":"","overlay-color":"","overlay-opacity":"","overlay-gradient":""}},"footnotes":""},"class_list":["post-6775","page","type-page","status-publish","hentry"],"_links":{"self":[{"href":"https:\/\/imkanatinternational.com\/fr\/wp-json\/wp\/v2\/pages\/6775","targetHints":{"allow":["GET"]}}],"collection":[{"href":"https:\/\/imkanatinternational.com\/fr\/wp-json\/wp\/v2\/pages"}],"about":[{"href":"https:\/\/imkanatinternational.com\/fr\/wp-json\/wp\/v2\/types\/page"}],"author":[{"embeddable":true,"href":"https:\/\/imkanatinternational.com\/fr\/wp-json\/wp\/v2\/users\/2"}],"replies":[{"embeddable":true,"href":"https:\/\/imkanatinternational.com\/fr\/wp-json\/wp\/v2\/comments?post=6775"}],"version-history":[{"count":7,"href":"https:\/\/imkanatinternational.com\/fr\/wp-json\/wp\/v2\/pages\/6775\/revisions"}],"predecessor-version":[{"id":6791,"href":"https:\/\/imkanatinternational.com\/fr\/wp-json\/wp\/v2\/pages\/6775\/revisions\/6791"}],"wp:attachment":[{"href":"https:\/\/imkanatinternational.com\/fr\/wp-json\/wp\/v2\/media?parent=6775"}],"curies":[{"name":"wp","href":"https:\/\/api.w.org\/{rel}","templated":true}]}}