{"id":6970,"date":"2025-05-05T08:53:59","date_gmt":"2025-05-05T08:53:59","guid":{"rendered":"https:\/\/imkanatinternational.com\/quality-control-services-with-top-world-class-agencies\/"},"modified":"2025-07-05T01:34:51","modified_gmt":"2025-07-05T01:34:51","slug":"quality-control-services-with-top-world-class-agencies","status":"publish","type":"page","link":"https:\/\/imkanatinternational.com\/fr\/quality-control-services-with-top-world-class-agencies\/","title":{"rendered":"Services de contr\u00f4le qualit\u00e9 avec des agences de classe mondiale"},"content":{"rendered":"\t\t<div data-elementor-type=\"wp-page\" data-elementor-id=\"6970\" class=\"elementor elementor-6970 elementor-3206\" data-elementor-post-type=\"page\">\n\t\t\t\t<div class=\"elementor-element elementor-element-c6d9084 e-flex e-con-boxed wpr-particle-no wpr-jarallax-no wpr-parallax-no wpr-sticky-section-no e-con e-parent\" data-id=\"c6d9084\" data-element_type=\"container\" data-settings=\"{&quot;background_background&quot;:&quot;classic&quot;}\">\n\t\t\t\t\t<div class=\"e-con-inner\">\n\t\t<div class=\"elementor-element elementor-element-8f6ac91 e-con-full e-flex wpr-particle-no wpr-jarallax-no wpr-parallax-no wpr-sticky-section-no e-con e-child\" data-id=\"8f6ac91\" data-element_type=\"container\">\n\t\t<div class=\"elementor-element elementor-element-c473111 e-con-full e-flex wpr-particle-no wpr-jarallax-no wpr-parallax-no wpr-sticky-section-no e-con e-child\" data-id=\"c473111\" data-element_type=\"container\">\n\t\t\t\t<div class=\"elementor-element elementor-element-66c3dc5 elementor-widget elementor-widget-text-editor\" data-id=\"66c3dc5\" data-element_type=\"widget\" data-widget_type=\"text-editor.default\">\n\t\t\t\t<div class=\"elementor-widget-container\">\n\t\t\t\t\t\t\t\t\t<p data-start=\"209\" data-end=\"932\">Notre \u00e9quipe d\u00e9vou\u00e9e g\u00e8re soigneusement chaque \u00e9tape du processus d\u2019exportation, de l\u2019approvisionnement \u00e0 l\u2019emballage. Pour garantir que vos produits respectent les normes mondiales, nous proposons des services de contr\u00f4le qualit\u00e9 premium, r\u00e9alis\u00e9s en collaboration avec des agences reconnues internationalement en Inde. Nous garantissons pr\u00e9cision, coh\u00e9rence et conformit\u00e9 \u00e0 chaque \u00e9tape de votre cha\u00eene d\u2019approvisionnement<\/p>\t\t\t\t\t\t\t\t<\/div>\n\t\t\t\t<\/div>\n\t\t\t\t<div class=\"elementor-element elementor-element-f77832a elementor-widget elementor-widget-button\" data-id=\"f77832a\" data-element_type=\"widget\" data-widget_type=\"button.default\">\n\t\t\t\t<div class=\"elementor-widget-container\">\n\t\t\t\t\t\t\t\t\t<div class=\"elementor-button-wrapper\">\n\t\t\t\t\t<a class=\"elementor-button elementor-button-link elementor-size-md\" href=\"#\">\n\t\t\t\t\t\t<span class=\"elementor-button-content-wrapper\">\n\t\t\t\t\t\t\t\t\t<span class=\"elementor-button-text\">D\u00e9couvrez plus<\/span>\n\t\t\t\t\t<\/span>\n\t\t\t\t\t<\/a>\n\t\t\t\t<\/div>\n\t\t\t\t\t\t\t\t<\/div>\n\t\t\t\t<\/div>\n\t\t\t\t<div class=\"elementor-element elementor-element-10a9ab0 elementor-widget elementor-widget-heading\" data-id=\"10a9ab0\" data-element_type=\"widget\" data-widget_type=\"heading.default\">\n\t\t\t\t<div class=\"elementor-widget-container\">\n\t\t\t\t\t<h2 class=\"elementor-heading-title elementor-size-default\">Services de contr\u00f4le qualit\u00e9 avec des agences de classe mondiale\n\n<\/h2>\t\t\t\t<\/div>\n\t\t\t\t<\/div>\n\t\t\t\t<\/div>\n\t\t<div class=\"elementor-element elementor-element-042c6dc e-con-full e-flex wpr-particle-no wpr-jarallax-no wpr-parallax-no wpr-sticky-section-no e-con e-child\" data-id=\"042c6dc\" data-element_type=\"container\">\n\t\t\t\t<\/div>\n\t\t\t\t<\/div>\n\t\t\t\t\t<\/div>\n\t\t\t\t<\/div>\n\t\t\t\t<section class=\"elementor-section elementor-top-section elementor-element elementor-element-8556e7f elementor-section-height-min-height elementor-section-boxed elementor-section-height-default elementor-section-items-middle wpr-particle-no wpr-jarallax-no wpr-parallax-no wpr-sticky-section-no\" data-id=\"8556e7f\" data-element_type=\"section\" data-settings=\"{&quot;background_background&quot;:&quot;classic&quot;}\">\n\t\t\t\t\t\t\t<div class=\"elementor-background-overlay\"><\/div>\n\t\t\t\t\t\t\t<div class=\"elementor-container elementor-column-gap-default\">\n\t\t\t\t\t<div class=\"elementor-column elementor-col-100 elementor-top-column elementor-element elementor-element-8c06de4\" data-id=\"8c06de4\" data-element_type=\"column\">\n\t\t\t<div class=\"elementor-widget-wrap elementor-element-populated\">\n\t\t\t\t\t\t<section class=\"elementor-section elementor-inner-section elementor-element elementor-element-c0f57d9 elementor-section-boxed elementor-section-height-default elementor-section-height-default wpr-particle-no wpr-jarallax-no wpr-parallax-no wpr-sticky-section-no\" data-id=\"c0f57d9\" data-element_type=\"section\">\n\t\t\t\t\t\t<div class=\"elementor-container elementor-column-gap-default\">\n\t\t\t\t\t<div class=\"elementor-column elementor-col-50 elementor-inner-column elementor-element elementor-element-529cd83\" data-id=\"529cd83\" data-element_type=\"column\">\n\t\t\t<div class=\"elementor-widget-wrap elementor-element-populated\">\n\t\t\t\t\t\t<div class=\"elementor-element elementor-element-2801897 elementor-widget elementor-widget-image\" data-id=\"2801897\" data-element_type=\"widget\" data-widget_type=\"image.default\">\n\t\t\t\t<div class=\"elementor-widget-container\">\n\t\t\t\t\t\t\t\t\t\t\t\t\t\t\t<img fetchpriority=\"high\" decoding=\"async\" width=\"483\" height=\"285\" src=\"https:\/\/imkanatinternational.com\/wp-content\/uploads\/2025\/05\/Screenshot-2025-05-05-115059.png\" class=\"elementor-animation-hang attachment-large size-large wp-image-6012\" alt=\"\" srcset=\"https:\/\/imkanatinternational.com\/wp-content\/uploads\/2025\/05\/Screenshot-2025-05-05-115059.png 483w, https:\/\/imkanatinternational.com\/wp-content\/uploads\/2025\/05\/Screenshot-2025-05-05-115059-300x177.png 300w\" sizes=\"(max-width: 483px) 100vw, 483px\" \/>\t\t\t\t\t\t\t\t\t\t\t\t\t\t\t<\/div>\n\t\t\t\t<\/div>\n\t\t\t\t\t<\/div>\n\t\t<\/div>\n\t\t\t\t<div class=\"elementor-column elementor-col-50 elementor-inner-column elementor-element elementor-element-54fae65\" data-id=\"54fae65\" data-element_type=\"column\" data-settings=\"{&quot;background_background&quot;:&quot;classic&quot;}\">\n\t\t\t<div class=\"elementor-widget-wrap elementor-element-populated\">\n\t\t\t\t\t\t<div class=\"elementor-element elementor-element-d6d647f elementor-widget elementor-widget-text-editor\" data-id=\"d6d647f\" data-element_type=\"widget\" data-widget_type=\"text-editor.default\">\n\t\t\t\t<div class=\"elementor-widget-container\">\n\t\t\t\t\t\t\t\t\t<ul><li style=\"font-weight: 400;\" aria-level=\"1\"><span style=\"font-weight: 400;\"><strong data-start=\"157\" data-end=\"194\">Inspection avant production (PPI)<\/strong><br data-start=\"194\" data-end=\"197\" \/><\/span><p data-start=\"87\" data-end=\"501\">\u00c9value les mati\u00e8res premi\u00e8res et les composants avant le d\u00e9but de la production pour garantir le respect des normes de qualit\u00e9.<\/p><\/li><\/ul>\t\t\t\t\t\t\t\t<\/div>\n\t\t\t\t<\/div>\n\t\t\t\t\t<\/div>\n\t\t<\/div>\n\t\t\t\t\t<\/div>\n\t\t<\/section>\n\t\t\t\t<section class=\"elementor-section elementor-inner-section elementor-element elementor-element-f39d545 elementor-reverse-mobile elementor-section-boxed elementor-section-height-default elementor-section-height-default wpr-particle-no wpr-jarallax-no wpr-parallax-no wpr-sticky-section-no\" data-id=\"f39d545\" data-element_type=\"section\">\n\t\t\t\t\t\t<div class=\"elementor-container elementor-column-gap-default\">\n\t\t\t\t\t<div class=\"elementor-column elementor-col-50 elementor-inner-column elementor-element elementor-element-2e6c63a\" data-id=\"2e6c63a\" data-element_type=\"column\" data-settings=\"{&quot;background_background&quot;:&quot;classic&quot;}\">\n\t\t\t<div class=\"elementor-widget-wrap elementor-element-populated\">\n\t\t\t\t\t\t<div class=\"elementor-element elementor-element-89f431d elementor-widget elementor-widget-text-editor\" data-id=\"89f431d\" data-element_type=\"widget\" data-widget_type=\"text-editor.default\">\n\t\t\t\t<div class=\"elementor-widget-container\">\n\t\t\t\t\t\t\t\t\t<ul><li style=\"font-weight: 400;\" aria-level=\"1\"><span style=\"font-weight: 400;\"><strong data-start=\"583\" data-end=\"625\">Inspection pendant la production (DPI)<\/strong><br data-start=\"625\" data-end=\"628\" \/><\/span><p data-start=\"508\" data-end=\"914\">V\u00e9rifie les produits pendant la fabrication pour d\u00e9tecter rapidement les d\u00e9fauts et maintenir une qualit\u00e9 constante.<\/p><\/li><\/ul>\t\t\t\t\t\t\t\t<\/div>\n\t\t\t\t<\/div>\n\t\t\t\t\t<\/div>\n\t\t<\/div>\n\t\t\t\t<div class=\"elementor-column elementor-col-50 elementor-inner-column elementor-element elementor-element-a13efad\" data-id=\"a13efad\" data-element_type=\"column\">\n\t\t\t<div class=\"elementor-widget-wrap elementor-element-populated\">\n\t\t\t\t\t\t<div class=\"elementor-element elementor-element-2eef5d9 elementor-widget elementor-widget-image\" data-id=\"2eef5d9\" data-element_type=\"widget\" data-widget_type=\"image.default\">\n\t\t\t\t<div class=\"elementor-widget-container\">\n\t\t\t\t\t\t\t\t\t\t\t\t\t\t\t<img decoding=\"async\" width=\"740\" height=\"492\" src=\"https:\/\/imkanatinternational.com\/wp-content\/uploads\/2025\/05\/medium-shot-man-scanning-product_23-2148902593.avif\" class=\"elementor-animation-hang attachment-large size-large wp-image-6004\" alt=\"\" srcset=\"https:\/\/imkanatinternational.com\/wp-content\/uploads\/2025\/05\/medium-shot-man-scanning-product_23-2148902593.avif 740w, https:\/\/imkanatinternational.com\/wp-content\/uploads\/2025\/05\/medium-shot-man-scanning-product_23-2148902593-300x199.avif 300w\" sizes=\"(max-width: 740px) 100vw, 740px\" \/>\t\t\t\t\t\t\t\t\t\t\t\t\t\t\t<\/div>\n\t\t\t\t<\/div>\n\t\t\t\t\t<\/div>\n\t\t<\/div>\n\t\t\t\t\t<\/div>\n\t\t<\/section>\n\t\t\t\t\t<\/div>\n\t\t<\/div>\n\t\t\t\t\t<\/div>\n\t\t<\/section>\n\t\t\t\t<section class=\"elementor-section elementor-top-section elementor-element elementor-element-5847528 elementor-section-height-min-height elementor-section-boxed elementor-section-height-default elementor-section-items-middle wpr-particle-no wpr-jarallax-no wpr-parallax-no wpr-sticky-section-no\" data-id=\"5847528\" data-element_type=\"section\" data-settings=\"{&quot;background_background&quot;:&quot;classic&quot;}\">\n\t\t\t\t\t\t\t<div class=\"elementor-background-overlay\"><\/div>\n\t\t\t\t\t\t\t<div class=\"elementor-container elementor-column-gap-default\">\n\t\t\t\t\t<div class=\"elementor-column elementor-col-100 elementor-top-column elementor-element elementor-element-5d3174e\" data-id=\"5d3174e\" data-element_type=\"column\">\n\t\t\t<div class=\"elementor-widget-wrap elementor-element-populated\">\n\t\t\t\t\t\t<section class=\"elementor-section elementor-inner-section elementor-element elementor-element-7b4392f elementor-section-boxed elementor-section-height-default elementor-section-height-default wpr-particle-no wpr-jarallax-no wpr-parallax-no wpr-sticky-section-no\" data-id=\"7b4392f\" data-element_type=\"section\">\n\t\t\t\t\t\t<div class=\"elementor-container elementor-column-gap-default\">\n\t\t\t\t\t<div class=\"elementor-column elementor-col-50 elementor-inner-column elementor-element elementor-element-d2ac03e\" data-id=\"d2ac03e\" data-element_type=\"column\">\n\t\t\t<div class=\"elementor-widget-wrap elementor-element-populated\">\n\t\t\t\t\t\t<div class=\"elementor-element elementor-element-dceff0e elementor-widget elementor-widget-image\" data-id=\"dceff0e\" data-element_type=\"widget\" data-widget_type=\"image.default\">\n\t\t\t\t<div class=\"elementor-widget-container\">\n\t\t\t\t\t\t\t\t\t\t\t\t\t\t\t<img decoding=\"async\" width=\"547\" height=\"302\" src=\"https:\/\/imkanatinternational.com\/wp-content\/uploads\/2025\/05\/Screenshot-2025-05-05-115120.png\" class=\"elementor-animation-hang attachment-large size-large wp-image-6010\" alt=\"\" srcset=\"https:\/\/imkanatinternational.com\/wp-content\/uploads\/2025\/05\/Screenshot-2025-05-05-115120.png 547w, https:\/\/imkanatinternational.com\/wp-content\/uploads\/2025\/05\/Screenshot-2025-05-05-115120-300x166.png 300w\" sizes=\"(max-width: 547px) 100vw, 547px\" \/>\t\t\t\t\t\t\t\t\t\t\t\t\t\t\t<\/div>\n\t\t\t\t<\/div>\n\t\t\t\t\t<\/div>\n\t\t<\/div>\n\t\t\t\t<div class=\"elementor-column elementor-col-50 elementor-inner-column elementor-element elementor-element-51ef8cb\" data-id=\"51ef8cb\" data-element_type=\"column\" data-settings=\"{&quot;background_background&quot;:&quot;classic&quot;}\">\n\t\t\t<div class=\"elementor-widget-wrap elementor-element-populated\">\n\t\t\t\t\t\t<div class=\"elementor-element elementor-element-bca12e4 elementor-widget elementor-widget-text-editor\" data-id=\"bca12e4\" data-element_type=\"widget\" data-widget_type=\"text-editor.default\">\n\t\t\t\t<div class=\"elementor-widget-container\">\n\t\t\t\t\t\t\t\t\t<ul><li style=\"font-weight: 400;\" aria-level=\"1\"><span style=\"font-weight: 400;\"><strong data-start=\"987\" data-end=\"1024\">Inspection avant exp\u00e9dition (PSI)<\/strong><br data-start=\"1024\" data-end=\"1027\" \/><\/span><p data-start=\"921\" data-end=\"1315\">Inspection finale avant exp\u00e9dition pour v\u00e9rifier la qualit\u00e9 du produit, la quantit\u00e9, l&rsquo;\u00e9tiquetage et l&#8217;emballage.<\/p><\/li><\/ul>\t\t\t\t\t\t\t\t<\/div>\n\t\t\t\t<\/div>\n\t\t\t\t\t<\/div>\n\t\t<\/div>\n\t\t\t\t\t<\/div>\n\t\t<\/section>\n\t\t\t\t<section class=\"elementor-section elementor-inner-section elementor-element elementor-element-179ae2c elementor-reverse-mobile elementor-section-boxed elementor-section-height-default elementor-section-height-default wpr-particle-no wpr-jarallax-no wpr-parallax-no wpr-sticky-section-no\" data-id=\"179ae2c\" data-element_type=\"section\">\n\t\t\t\t\t\t<div class=\"elementor-container elementor-column-gap-default\">\n\t\t\t\t\t<div class=\"elementor-column elementor-col-50 elementor-inner-column elementor-element elementor-element-f67e58b\" data-id=\"f67e58b\" data-element_type=\"column\" data-settings=\"{&quot;background_background&quot;:&quot;classic&quot;}\">\n\t\t\t<div class=\"elementor-widget-wrap elementor-element-populated\">\n\t\t\t\t\t\t<div class=\"elementor-element elementor-element-7df2746 elementor-widget elementor-widget-text-editor\" data-id=\"7df2746\" data-element_type=\"widget\" data-widget_type=\"text-editor.default\">\n\t\t\t\t<div class=\"elementor-widget-container\">\n\t\t\t\t\t\t\t\t\t<ul><li style=\"font-weight: 400;\" aria-level=\"1\"><span style=\"font-weight: 400;\"><strong data-start=\"1403\" data-end=\"1453\">Supervision du chargement des conteneurs (CLS)<\/strong><br data-start=\"1453\" data-end=\"1456\" \/><\/span><p data-start=\"1322\" data-end=\"1733\">Assure que la quantit\u00e9 et la qualit\u00e9 correctes des marchandises sont charg\u00e9es en toute s\u00e9curit\u00e9 dans les conteneurs.<\/p><\/li><\/ul>\t\t\t\t\t\t\t\t<\/div>\n\t\t\t\t<\/div>\n\t\t\t\t\t<\/div>\n\t\t<\/div>\n\t\t\t\t<div class=\"elementor-column elementor-col-50 elementor-inner-column elementor-element elementor-element-d9f5aa3\" data-id=\"d9f5aa3\" data-element_type=\"column\">\n\t\t\t<div class=\"elementor-widget-wrap elementor-element-populated\">\n\t\t\t\t\t\t<div class=\"elementor-element elementor-element-dd2b94f elementor-widget elementor-widget-image\" data-id=\"dd2b94f\" data-element_type=\"widget\" data-widget_type=\"image.default\">\n\t\t\t\t<div class=\"elementor-widget-container\">\n\t\t\t\t\t\t\t\t\t\t\t\t\t\t\t<img loading=\"lazy\" decoding=\"async\" width=\"520\" height=\"295\" src=\"https:\/\/imkanatinternational.com\/wp-content\/uploads\/2025\/05\/Screenshot-2025-05-05-115210.png\" class=\"elementor-animation-hang attachment-large size-large wp-image-6008\" alt=\"\" srcset=\"https:\/\/imkanatinternational.com\/wp-content\/uploads\/2025\/05\/Screenshot-2025-05-05-115210.png 520w, https:\/\/imkanatinternational.com\/wp-content\/uploads\/2025\/05\/Screenshot-2025-05-05-115210-300x170.png 300w\" sizes=\"(max-width: 520px) 100vw, 520px\" \/>\t\t\t\t\t\t\t\t\t\t\t\t\t\t\t<\/div>\n\t\t\t\t<\/div>\n\t\t\t\t\t<\/div>\n\t\t<\/div>\n\t\t\t\t\t<\/div>\n\t\t<\/section>\n\t\t\t\t\t<\/div>\n\t\t<\/div>\n\t\t\t\t\t<\/div>\n\t\t<\/section>\n\t\t\t\t<section class=\"elementor-section elementor-top-section elementor-element elementor-element-9afdee9 elementor-section-height-min-height elementor-section-boxed elementor-section-height-default elementor-section-items-middle wpr-particle-no wpr-jarallax-no wpr-parallax-no wpr-sticky-section-no\" data-id=\"9afdee9\" data-element_type=\"section\" data-settings=\"{&quot;background_background&quot;:&quot;classic&quot;}\">\n\t\t\t\t\t\t\t<div class=\"elementor-background-overlay\"><\/div>\n\t\t\t\t\t\t\t<div class=\"elementor-container elementor-column-gap-default\">\n\t\t\t\t\t<div class=\"elementor-column elementor-col-100 elementor-top-column elementor-element elementor-element-bee2db2\" data-id=\"bee2db2\" data-element_type=\"column\">\n\t\t\t<div class=\"elementor-widget-wrap elementor-element-populated\">\n\t\t\t\t\t\t<section class=\"elementor-section elementor-inner-section elementor-element elementor-element-16e52a6 elementor-section-boxed elementor-section-height-default elementor-section-height-default wpr-particle-no wpr-jarallax-no wpr-parallax-no wpr-sticky-section-no\" data-id=\"16e52a6\" data-element_type=\"section\">\n\t\t\t\t\t\t<div class=\"elementor-container elementor-column-gap-default\">\n\t\t\t\t\t<div class=\"elementor-column elementor-col-50 elementor-inner-column elementor-element elementor-element-0905474\" data-id=\"0905474\" data-element_type=\"column\">\n\t\t\t<div class=\"elementor-widget-wrap elementor-element-populated\">\n\t\t\t\t\t\t<div class=\"elementor-element elementor-element-4b9110a elementor-widget elementor-widget-image\" data-id=\"4b9110a\" data-element_type=\"widget\" data-widget_type=\"image.default\">\n\t\t\t\t<div class=\"elementor-widget-container\">\n\t\t\t\t\t\t\t\t\t\t\t\t\t\t\t<img loading=\"lazy\" decoding=\"async\" width=\"740\" height=\"493\" src=\"https:\/\/imkanatinternational.com\/wp-content\/uploads\/2025\/05\/virolog-coducting-experiment-course-coronavirus-pandemic-with-micropipette-chemist-modern-laboratory-doing-research-using-dispenser-global-epidemic-with-covid-19_482257-5737.avif\" class=\"elementor-animation-hang attachment-large size-large wp-image-6002\" alt=\"\" srcset=\"https:\/\/imkanatinternational.com\/wp-content\/uploads\/2025\/05\/virolog-coducting-experiment-course-coronavirus-pandemic-with-micropipette-chemist-modern-laboratory-doing-research-using-dispenser-global-epidemic-with-covid-19_482257-5737.avif 740w, https:\/\/imkanatinternational.com\/wp-content\/uploads\/2025\/05\/virolog-coducting-experiment-course-coronavirus-pandemic-with-micropipette-chemist-modern-laboratory-doing-research-using-dispenser-global-epidemic-with-covid-19_482257-5737-300x200.avif 300w\" sizes=\"(max-width: 740px) 100vw, 740px\" \/>\t\t\t\t\t\t\t\t\t\t\t\t\t\t\t<\/div>\n\t\t\t\t<\/div>\n\t\t\t\t\t<\/div>\n\t\t<\/div>\n\t\t\t\t<div class=\"elementor-column elementor-col-50 elementor-inner-column elementor-element elementor-element-6edae85\" data-id=\"6edae85\" data-element_type=\"column\" data-settings=\"{&quot;background_background&quot;:&quot;classic&quot;}\">\n\t\t\t<div class=\"elementor-widget-wrap elementor-element-populated\">\n\t\t\t\t\t\t<div class=\"elementor-element elementor-element-0bb7885 elementor-widget elementor-widget-text-editor\" data-id=\"0bb7885\" data-element_type=\"widget\" data-widget_type=\"text-editor.default\">\n\t\t\t\t<div class=\"elementor-widget-container\">\n\t\t\t\t\t\t\t\t\t<ul><li style=\"font-weight: 400;\" aria-level=\"1\"><span style=\"font-weight: 400;\"><strong data-start=\"1791\" data-end=\"1815\">Tests de laboratoire<\/strong><br data-start=\"1815\" data-end=\"1818\" \/><\/span><p data-start=\"1740\" data-end=\"2162\">Tests des produits effectu\u00e9s par des laboratoires certifi\u00e9s pour la s\u00e9curit\u00e9, la performance et la conformit\u00e9 aux r\u00e9glementations internationales.<\/p><\/li><\/ul>\t\t\t\t\t\t\t\t<\/div>\n\t\t\t\t<\/div>\n\t\t\t\t\t<\/div>\n\t\t<\/div>\n\t\t\t\t\t<\/div>\n\t\t<\/section>\n\t\t\t\t\t<\/div>\n\t\t<\/div>\n\t\t\t\t\t<\/div>\n\t\t<\/section>\n\t\t\t\t<\/div>\n\t\t","protected":false},"excerpt":{"rendered":"<p>Notre \u00e9quipe d\u00e9vou\u00e9e g\u00e8re soigneusement chaque \u00e9tape du processus d\u2019exportation, de l\u2019approvisionnement \u00e0 l\u2019emballage. Pour garantir que vos produits respectent les normes mondiales, nous proposons des services de contr\u00f4le qualit\u00e9 premium, r\u00e9alis\u00e9s en collaboration avec des agences reconnues internationalement en Inde. Nous garantissons pr\u00e9cision, coh\u00e9rence et conformit\u00e9 \u00e0 chaque \u00e9tape de votre cha\u00eene d\u2019approvisionnement D\u00e9couvrez plus Services de contr\u00f4le qualit\u00e9 avec des agences de classe mondiale Inspection avant production (PPI) \u00c9value les mati\u00e8res premi\u00e8res et les composants avant le d\u00e9but de la production pour garantir le respect des normes de qualit\u00e9. Inspection pendant la production (DPI) V\u00e9rifie les produits pendant la fabrication pour d\u00e9tecter rapidement les d\u00e9fauts et maintenir une qualit\u00e9 constante. Inspection avant exp\u00e9dition (PSI) Inspection finale avant exp\u00e9dition pour v\u00e9rifier la qualit\u00e9 du produit, la quantit\u00e9, l&rsquo;\u00e9tiquetage et l&#8217;emballage. Supervision du chargement des conteneurs (CLS) Assure que la quantit\u00e9 et la qualit\u00e9 correctes des marchandises sont charg\u00e9es en toute s\u00e9curit\u00e9 dans les conteneurs. Tests de laboratoire Tests des produits effectu\u00e9s par des laboratoires certifi\u00e9s pour la s\u00e9curit\u00e9, la performance et la conformit\u00e9 aux r\u00e9glementations internationales.<\/p>\n","protected":false},"author":2,"featured_media":0,"parent":0,"menu_order":0,"comment_status":"closed","ping_status":"closed","template":"","meta":{"site-sidebar-layout":"no-sidebar","site-content-layout":"","ast-site-content-layout":"full-width-container","site-content-style":"default","site-sidebar-style":"default","ast-global-header-display":"","ast-banner-title-visibility":"","ast-main-header-display":"","ast-hfb-above-header-display":"","ast-hfb-below-header-display":"","ast-hfb-mobile-header-display":"","site-post-title":"disabled","ast-breadcrumbs-content":"","ast-featured-img":"disabled","footer-sml-layout":"","theme-transparent-header-meta":"","adv-header-id-meta":"","stick-header-meta":"","header-above-stick-meta":"","header-main-stick-meta":"","header-below-stick-meta":"","astra-migrate-meta-layouts":"default","ast-page-background-enabled":"default","ast-page-background-meta":{"desktop":{"background-color":"var(--ast-global-color-5)","background-image":"","background-repeat":"repeat","background-position":"center center","background-size":"auto","background-attachment":"scroll","background-type":"","background-media":"","overlay-type":"","overlay-color":"","overlay-opacity":"","overlay-gradient":""},"tablet":{"background-color":"","background-image":"","background-repeat":"repeat","background-position":"center center","background-size":"auto","background-attachment":"scroll","background-type":"","background-media":"","overlay-type":"","overlay-color":"","overlay-opacity":"","overlay-gradient":""},"mobile":{"background-color":"","background-image":"","background-repeat":"repeat","background-position":"center center","background-size":"auto","background-attachment":"scroll","background-type":"","background-media":"","overlay-type":"","overlay-color":"","overlay-opacity":"","overlay-gradient":""}},"ast-content-background-meta":{"desktop":{"background-color":"var(--ast-global-color-4)","background-image":"","background-repeat":"repeat","background-position":"center center","background-size":"auto","background-attachment":"scroll","background-type":"","background-media":"","overlay-type":"","overlay-color":"","overlay-opacity":"","overlay-gradient":""},"tablet":{"background-color":"var(--ast-global-color-4)","background-image":"","background-repeat":"repeat","background-position":"center center","background-size":"auto","background-attachment":"scroll","background-type":"","background-media":"","overlay-type":"","overlay-color":"","overlay-opacity":"","overlay-gradient":""},"mobile":{"background-color":"var(--ast-global-color-4)","background-image":"","background-repeat":"repeat","background-position":"center center","background-size":"auto","background-attachment":"scroll","background-type":"","background-media":"","overlay-type":"","overlay-color":"","overlay-opacity":"","overlay-gradient":""}},"footnotes":""},"class_list":["post-6970","page","type-page","status-publish","hentry"],"_links":{"self":[{"href":"https:\/\/imkanatinternational.com\/fr\/wp-json\/wp\/v2\/pages\/6970","targetHints":{"allow":["GET"]}}],"collection":[{"href":"https:\/\/imkanatinternational.com\/fr\/wp-json\/wp\/v2\/pages"}],"about":[{"href":"https:\/\/imkanatinternational.com\/fr\/wp-json\/wp\/v2\/types\/page"}],"author":[{"embeddable":true,"href":"https:\/\/imkanatinternational.com\/fr\/wp-json\/wp\/v2\/users\/2"}],"replies":[{"embeddable":true,"href":"https:\/\/imkanatinternational.com\/fr\/wp-json\/wp\/v2\/comments?post=6970"}],"version-history":[{"count":7,"href":"https:\/\/imkanatinternational.com\/fr\/wp-json\/wp\/v2\/pages\/6970\/revisions"}],"predecessor-version":[{"id":6984,"href":"https:\/\/imkanatinternational.com\/fr\/wp-json\/wp\/v2\/pages\/6970\/revisions\/6984"}],"wp:attachment":[{"href":"https:\/\/imkanatinternational.com\/fr\/wp-json\/wp\/v2\/media?parent=6970"}],"curies":[{"name":"wp","href":"https:\/\/api.w.org\/{rel}","templated":true}]}}