{"id":7010,"date":"2025-04-28T19:59:16","date_gmt":"2025-04-28T19:59:16","guid":{"rendered":"https:\/\/imkanatinternational.com\/sanitary-ware-tiles\/"},"modified":"2025-07-05T19:10:04","modified_gmt":"2025-07-05T19:10:04","slug":"sanitary-ware-tiles","status":"publish","type":"page","link":"https:\/\/imkanatinternational.com\/fr\/sanitary-ware-tiles\/","title":{"rendered":"Articles sanitaires et carreaux"},"content":{"rendered":"\t\t<div data-elementor-type=\"wp-page\" data-elementor-id=\"7010\" class=\"elementor elementor-7010 elementor-2300\" data-elementor-post-type=\"page\">\n\t\t\t\t<div class=\"elementor-element elementor-element-097de94 e-flex e-con-boxed wpr-particle-no wpr-jarallax-no wpr-parallax-no wpr-sticky-section-no e-con e-parent\" data-id=\"097de94\" data-element_type=\"container\" data-settings=\"{&quot;background_background&quot;:&quot;classic&quot;}\">\n\t\t\t\t\t<div class=\"e-con-inner\">\n\t\t<div class=\"elementor-element elementor-element-468f77e e-con-full e-flex wpr-particle-no wpr-jarallax-no wpr-parallax-no wpr-sticky-section-no e-con e-child\" data-id=\"468f77e\" data-element_type=\"container\">\n\t\t<div class=\"elementor-element elementor-element-789b846 e-con-full e-flex wpr-particle-no wpr-jarallax-no wpr-parallax-no wpr-sticky-section-no e-con e-child\" data-id=\"789b846\" data-element_type=\"container\">\n\t\t\t\t<div class=\"elementor-element elementor-element-b3d9271 elementor-widget-mobile__width-initial elementor-widget elementor-widget-text-editor\" data-id=\"b3d9271\" data-element_type=\"widget\" data-widget_type=\"text-editor.default\">\n\t\t\t\t<div class=\"elementor-widget-container\">\n\t\t\t\t\t\t\t\t\t<p>Nous proposons une gamme compl\u00e8te d&rsquo;articles sanitaires et de carreaux haut de gamme pour r\u00e9pondre aux exigences de la construction moderne et du design int\u00e9rieur. Nos produits allient durabilit\u00e9, style et technologie avanc\u00e9e, ce qui en fait le choix parfait pour les projets r\u00e9sidentiels, commerciaux et industriels dans le monde entier.<br data-start=\"761\" data-end=\"764\" \/>D\u00e9couvrez une qualit\u00e9 sup\u00e9rieure, des designs \u00e9l\u00e9gants et des performances fiables \u2014 le tout sous un m\u00eame toit.<\/p>\t\t\t\t\t\t\t\t<\/div>\n\t\t\t\t<\/div>\n\t\t\t\t<div class=\"elementor-element elementor-element-8a896a8 elementor-mobile-align-center elementor-widget elementor-widget-button\" data-id=\"8a896a8\" data-element_type=\"widget\" data-widget_type=\"button.default\">\n\t\t\t\t<div class=\"elementor-widget-container\">\n\t\t\t\t\t\t\t\t\t<div class=\"elementor-button-wrapper\">\n\t\t\t\t\t<a class=\"elementor-button elementor-button-link elementor-size-md\" href=\"https:\/\/imkanatinternational.com\/contact-us\/\">\n\t\t\t\t\t\t<span class=\"elementor-button-content-wrapper\">\n\t\t\t\t\t\t\t\t\t<span class=\"elementor-button-text\">En savoir plus<\/span>\n\t\t\t\t\t<\/span>\n\t\t\t\t\t<\/a>\n\t\t\t\t<\/div>\n\t\t\t\t\t\t\t\t<\/div>\n\t\t\t\t<\/div>\n\t\t\t\t<div class=\"elementor-element elementor-element-b0261f1 elementor-widget elementor-widget-heading\" data-id=\"b0261f1\" data-element_type=\"widget\" data-widget_type=\"heading.default\">\n\t\t\t\t<div class=\"elementor-widget-container\">\n\t\t\t\t\t<h2 class=\"elementor-heading-title elementor-size-default\">Articles sanitaires\n<\/h2>\t\t\t\t<\/div>\n\t\t\t\t<\/div>\n\t\t\t\t<\/div>\n\t\t\t\t<\/div>\n\t\t\t\t\t<\/div>\n\t\t\t\t<\/div>\n\t\t<div class=\"elementor-element elementor-element-48c4e51 e-flex e-con-boxed wpr-particle-no wpr-jarallax-no wpr-parallax-no wpr-sticky-section-no e-con e-parent\" data-id=\"48c4e51\" data-element_type=\"container\">\n\t\t\t\t\t<div class=\"e-con-inner\">\n\t\t<div class=\"elementor-element elementor-element-d807381 e-con-full e-flex wpr-particle-no wpr-jarallax-no wpr-parallax-no wpr-sticky-section-no e-con e-child\" data-id=\"d807381\" data-element_type=\"container\">\n\t\t\t\t<\/div>\n\t\t<div class=\"elementor-element elementor-element-cc934ab e-con-full e-flex wpr-particle-no wpr-jarallax-no wpr-parallax-no wpr-sticky-section-no e-con e-child\" data-id=\"cc934ab\" data-element_type=\"container\">\n\t\t<div class=\"elementor-element elementor-element-8d1d2d3 e-con-full e-flex wpr-particle-no wpr-jarallax-no wpr-parallax-no wpr-sticky-section-no e-con e-child\" data-id=\"8d1d2d3\" data-element_type=\"container\">\n\t\t\t\t<div class=\"elementor-element elementor-element-dae0733 ekit-equal-height-disable elementor-widget elementor-widget-elementskit-image-box\" data-id=\"dae0733\" data-element_type=\"widget\" data-widget_type=\"elementskit-image-box.default\">\n\t\t\t\t<div class=\"elementor-widget-container\">\n\t\t\t\t\t<div class=\"ekit-wid-con\" >\n            <div class=\"elementskit-info-image-box ekit-image-box text-center simple-card\" >\n\n                \n                <div class=\"elementskit-box-header image-box-img-center\">\n\n                    <img fetchpriority=\"high\" decoding=\"async\" width=\"865\" height=\"617\" src=\"https:\/\/imkanatinternational.com\/wp-content\/uploads\/2025\/04\/Screenshot-2025-04-28-230516.png\" class=\"attachment-full size-full wp-image-2327\" alt=\"\" srcset=\"https:\/\/imkanatinternational.com\/wp-content\/uploads\/2025\/04\/Screenshot-2025-04-28-230516.png 865w, https:\/\/imkanatinternational.com\/wp-content\/uploads\/2025\/04\/Screenshot-2025-04-28-230516-300x214.png 300w, https:\/\/imkanatinternational.com\/wp-content\/uploads\/2025\/04\/Screenshot-2025-04-28-230516-768x548.png 768w\" sizes=\"(max-width: 865px) 100vw, 865px\" \/>\n                <\/div>\n                \n                <div class=\"elementskit-box-body ekit-image-box-body\">\n                    <div class=\"elementskit-box-content ekit-image-box-body-inner\">\n                                                <h3 class=\"elementskit-info-box-title\">\n\n                        Toilettes\n                        \n                    <\/h3>\n                                                            <div class=\"elementskit-box-style-content\">\n                        Solutions de toilettes efficaces et \u00e9l\u00e9gantes, comprenant des mod\u00e8les monobloc, deux pi\u00e8ces, suspendus et intelligents.\n\n                    <\/div>\n                                    <\/div>\n\n                            <\/div>\n            <\/div>\n    <\/div>\t\t\t\t<\/div>\n\t\t\t\t<\/div>\n\t\t\t\t<\/div>\n\t\t<div class=\"elementor-element elementor-element-e4a4a96 e-con-full e-flex wpr-particle-no wpr-jarallax-no wpr-parallax-no wpr-sticky-section-no e-con e-child\" data-id=\"e4a4a96\" data-element_type=\"container\">\n\t\t\t\t<div class=\"elementor-element elementor-element-100c2a5 ekit-equal-height-disable elementor-widget elementor-widget-elementskit-image-box\" data-id=\"100c2a5\" data-element_type=\"widget\" data-widget_type=\"elementskit-image-box.default\">\n\t\t\t\t<div class=\"elementor-widget-container\">\n\t\t\t\t\t<div class=\"ekit-wid-con\" >\n            <div class=\"elementskit-info-image-box ekit-image-box text-center simple-card\" >\n\n                \n                <div class=\"elementskit-box-header image-box-img-center\">\n\n                    <img decoding=\"async\" width=\"649\" height=\"520\" src=\"https:\/\/imkanatinternational.com\/wp-content\/uploads\/2025\/04\/Screenshot-2025-04-28-230529-e1745872477236.png\" class=\"attachment-full size-full wp-image-2310\" alt=\"\" srcset=\"https:\/\/imkanatinternational.com\/wp-content\/uploads\/2025\/04\/Screenshot-2025-04-28-230529-e1745872477236.png 649w, https:\/\/imkanatinternational.com\/wp-content\/uploads\/2025\/04\/Screenshot-2025-04-28-230529-e1745872477236-300x240.png 300w\" sizes=\"(max-width: 649px) 100vw, 649px\" \/>\n                <\/div>\n                \n                <div class=\"elementskit-box-body ekit-image-box-body\">\n                    <div class=\"elementskit-box-content ekit-image-box-body-inner\">\n                                                <h3 class=\"elementskit-info-box-title\">\n\n                        Lavabos\n                        \n                    <\/h3>\n                                                            <div class=\"elementskit-box-style-content\">\n                        Lavabos \u00e9l\u00e9gants sur pied, suspendus, sur plan, sous-plan et en vasque pour tous les espaces\n                    <\/div>\n                                    <\/div>\n\n                            <\/div>\n            <\/div>\n    <\/div>\t\t\t\t<\/div>\n\t\t\t\t<\/div>\n\t\t\t\t<\/div>\n\t\t<div class=\"elementor-element elementor-element-7191150 e-con-full e-flex wpr-particle-no wpr-jarallax-no wpr-parallax-no wpr-sticky-section-no e-con e-child\" data-id=\"7191150\" data-element_type=\"container\">\n\t\t\t\t<div class=\"elementor-element elementor-element-c8c70f5 ekit-equal-height-disable elementor-widget elementor-widget-elementskit-image-box\" data-id=\"c8c70f5\" data-element_type=\"widget\" data-widget_type=\"elementskit-image-box.default\">\n\t\t\t\t<div class=\"elementor-widget-container\">\n\t\t\t\t\t<div class=\"ekit-wid-con\" >\n            <div class=\"elementskit-info-image-box ekit-image-box text-center simple-card\" >\n\n                \n                <div class=\"elementskit-box-header image-box-img-center\">\n\n                    <img decoding=\"async\" width=\"616\" height=\"419\" src=\"https:\/\/imkanatinternational.com\/wp-content\/uploads\/2025\/04\/Screenshot-2025-04-28-230538.png\" class=\"attachment-full size-full wp-image-2309\" alt=\"\" srcset=\"https:\/\/imkanatinternational.com\/wp-content\/uploads\/2025\/04\/Screenshot-2025-04-28-230538.png 616w, https:\/\/imkanatinternational.com\/wp-content\/uploads\/2025\/04\/Screenshot-2025-04-28-230538-300x204.png 300w\" sizes=\"(max-width: 616px) 100vw, 616px\" \/>\n                <\/div>\n                \n                <div class=\"elementskit-box-body ekit-image-box-body\">\n                    <div class=\"elementskit-box-content ekit-image-box-body-inner\">\n                                                <h3 class=\"elementskit-info-box-title\">\n\n                        Urinoirs\n                        \n                    <\/h3>\n                                                            <div class=\"elementskit-box-style-content\">\n                         Urinoirs performants mont\u00e9s au mur, en cabine, et actionn\u00e9s par capteur, con\u00e7us pour l\u2019hygi\u00e8ne et l\u2019efficacit\u00e9.\n                    <\/div>\n                                    <\/div>\n\n                            <\/div>\n            <\/div>\n    <\/div>\t\t\t\t<\/div>\n\t\t\t\t<\/div>\n\t\t\t\t<\/div>\n\t\t\t\t<\/div>\n\t\t<div class=\"elementor-element elementor-element-4d753be e-con-full e-flex wpr-particle-no wpr-jarallax-no wpr-parallax-no wpr-sticky-section-no e-con e-child\" data-id=\"4d753be\" data-element_type=\"container\">\n\t\t<div class=\"elementor-element elementor-element-ee7ef0d e-con-full e-flex wpr-particle-no wpr-jarallax-no wpr-parallax-no wpr-sticky-section-no e-con e-child\" data-id=\"ee7ef0d\" data-element_type=\"container\">\n\t\t\t\t<div class=\"elementor-element elementor-element-185adf7 ekit-equal-height-disable elementor-widget elementor-widget-elementskit-image-box\" data-id=\"185adf7\" data-element_type=\"widget\" data-widget_type=\"elementskit-image-box.default\">\n\t\t\t\t<div class=\"elementor-widget-container\">\n\t\t\t\t\t<div class=\"ekit-wid-con\" >\n            <div class=\"elementskit-info-image-box ekit-image-box text-center simple-card\" >\n\n                \n                <div class=\"elementskit-box-header image-box-img-center\">\n\n                    <img loading=\"lazy\" decoding=\"async\" width=\"428\" height=\"322\" src=\"https:\/\/imkanatinternational.com\/wp-content\/uploads\/2025\/04\/Screenshot-2025-04-28-230546-e1745872635600.png\" class=\"attachment-full size-full wp-image-2308\" alt=\"\" srcset=\"https:\/\/imkanatinternational.com\/wp-content\/uploads\/2025\/04\/Screenshot-2025-04-28-230546-e1745872635600.png 428w, https:\/\/imkanatinternational.com\/wp-content\/uploads\/2025\/04\/Screenshot-2025-04-28-230546-e1745872635600-300x226.png 300w\" sizes=\"(max-width: 428px) 100vw, 428px\" \/>\n                <\/div>\n                \n                <div class=\"elementskit-box-body ekit-image-box-body\">\n                    <div class=\"elementskit-box-content ekit-image-box-body-inner\">\n                                                <h3 class=\"elementskit-info-box-title\">\n\n                        Baignoires\n                        \n                    <\/h3>\n                                                            <div class=\"elementskit-box-style-content\">\n                        D\u00e9tendez-vous avec notre gamme luxueuse de baignoires autoportantes, encastr\u00e9es et spa\n                    <\/div>\n                                    <\/div>\n\n                            <\/div>\n            <\/div>\n    <\/div>\t\t\t\t<\/div>\n\t\t\t\t<\/div>\n\t\t\t\t<\/div>\n\t\t<div class=\"elementor-element elementor-element-5331a14 e-con-full e-flex wpr-particle-no wpr-jarallax-no wpr-parallax-no wpr-sticky-section-no e-con e-child\" data-id=\"5331a14\" data-element_type=\"container\">\n\t\t\t\t<div class=\"elementor-element elementor-element-2824f8c ekit-equal-height-disable elementor-widget elementor-widget-elementskit-image-box\" data-id=\"2824f8c\" data-element_type=\"widget\" data-widget_type=\"elementskit-image-box.default\">\n\t\t\t\t<div class=\"elementor-widget-container\">\n\t\t\t\t\t<div class=\"ekit-wid-con\" >\n            <div class=\"elementskit-info-image-box ekit-image-box text-center simple-card\" >\n\n                \n                <div class=\"elementskit-box-header image-box-img-center\">\n\n                    <img loading=\"lazy\" decoding=\"async\" width=\"401\" height=\"237\" src=\"https:\/\/imkanatinternational.com\/wp-content\/uploads\/2025\/04\/OIP-84.jpg\" class=\"attachment-full size-full wp-image-2332\" alt=\"\" srcset=\"https:\/\/imkanatinternational.com\/wp-content\/uploads\/2025\/04\/OIP-84.jpg 401w, https:\/\/imkanatinternational.com\/wp-content\/uploads\/2025\/04\/OIP-84-300x177.jpg 300w\" sizes=\"(max-width: 401px) 100vw, 401px\" \/>\n                <\/div>\n                \n                <div class=\"elementskit-box-body ekit-image-box-body\">\n                    <div class=\"elementskit-box-content ekit-image-box-body-inner\">\n                                                <h3 class=\"elementskit-info-box-title\">\n\n                        Bidets\n                        \n                    <\/h3>\n                                                            <div class=\"elementskit-box-style-content\">\n                        Confort et hygi\u00e8ne avec des bidets au sol et suspendus au mur                    <\/div>\n                                    <\/div>\n\n                            <\/div>\n            <\/div>\n    <\/div>\t\t\t\t<\/div>\n\t\t\t\t<\/div>\n\t\t\t\t<\/div>\n\t\t<div class=\"elementor-element elementor-element-22a46eb e-con-full e-flex wpr-particle-no wpr-jarallax-no wpr-parallax-no wpr-sticky-section-no e-con e-child\" data-id=\"22a46eb\" data-element_type=\"container\">\n\t\t\t\t<div class=\"elementor-element elementor-element-9289a8e ekit-equal-height-disable elementor-widget elementor-widget-elementskit-image-box\" data-id=\"9289a8e\" data-element_type=\"widget\" data-widget_type=\"elementskit-image-box.default\">\n\t\t\t\t<div class=\"elementor-widget-container\">\n\t\t\t\t\t<div class=\"ekit-wid-con\" >\n            <div class=\"elementskit-info-image-box ekit-image-box text-center simple-card\" >\n\n                \n                <div class=\"elementskit-box-header image-box-img-center\">\n\n                    <img loading=\"lazy\" decoding=\"async\" width=\"662\" height=\"405\" src=\"https:\/\/imkanatinternational.com\/wp-content\/uploads\/2025\/04\/Screenshot-2025-04-28-230555.png\" class=\"attachment-full size-full wp-image-2307\" alt=\"\" srcset=\"https:\/\/imkanatinternational.com\/wp-content\/uploads\/2025\/04\/Screenshot-2025-04-28-230555.png 662w, https:\/\/imkanatinternational.com\/wp-content\/uploads\/2025\/04\/Screenshot-2025-04-28-230555-300x184.png 300w\" sizes=\"(max-width: 662px) 100vw, 662px\" \/>\n                <\/div>\n                \n                <div class=\"elementskit-box-body ekit-image-box-body\">\n                    <div class=\"elementskit-box-content ekit-image-box-body-inner\">\n                                                <h3 class=\"elementskit-info-box-title\">\n\n                        Solutions de douche\n                        \n                    <\/h3>\n                                                            <div class=\"elementskit-box-style-content\">\n                        Receveurs et bases de douche modernes con\u00e7us pour le style et la durabilit\u00e9                    <\/div>\n                                    <\/div>\n\n                            <\/div>\n            <\/div>\n    <\/div>\t\t\t\t<\/div>\n\t\t\t\t<\/div>\n\t\t\t\t<\/div>\n\t\t\t\t<\/div>\n\t\t<div class=\"elementor-element elementor-element-b9fd3f6 e-con-full e-flex wpr-particle-no wpr-jarallax-no wpr-parallax-no wpr-sticky-section-no e-con e-child\" data-id=\"b9fd3f6\" data-element_type=\"container\">\n\t\t<div class=\"elementor-element elementor-element-d302028 e-con-full e-flex wpr-particle-no wpr-jarallax-no wpr-parallax-no wpr-sticky-section-no e-con e-child\" data-id=\"d302028\" data-element_type=\"container\">\n\t\t\t\t<div class=\"elementor-element elementor-element-864f079 ekit-equal-height-disable elementor-widget elementor-widget-elementskit-image-box\" data-id=\"864f079\" data-element_type=\"widget\" data-widget_type=\"elementskit-image-box.default\">\n\t\t\t\t<div class=\"elementor-widget-container\">\n\t\t\t\t\t<div class=\"ekit-wid-con\" >\n            <div class=\"elementskit-info-image-box ekit-image-box text-center simple-card\" >\n\n                \n                <div class=\"elementskit-box-header image-box-img-center\">\n\n                    <img loading=\"lazy\" decoding=\"async\" width=\"544\" height=\"538\" src=\"https:\/\/imkanatinternational.com\/wp-content\/uploads\/2025\/04\/Screenshot-2025-04-28-230708.png\" class=\"attachment-full size-full wp-image-2306\" alt=\"\" srcset=\"https:\/\/imkanatinternational.com\/wp-content\/uploads\/2025\/04\/Screenshot-2025-04-28-230708.png 544w, https:\/\/imkanatinternational.com\/wp-content\/uploads\/2025\/04\/Screenshot-2025-04-28-230708-300x297.png 300w\" sizes=\"(max-width: 544px) 100vw, 544px\" \/>\n                <\/div>\n                \n                <div class=\"elementskit-box-body ekit-image-box-body\">\n                    <div class=\"elementskit-box-content ekit-image-box-body-inner\">\n                                                <h3 class=\"elementskit-info-box-title\">\n\n                        Accessoires\n                        \n                    <\/h3>\n                                                            <div class=\"elementskit-box-style-content\">\n                        Compl\u00e9tez vos espaces avec des distributeurs de savon de qualit\u00e9, des porte-serviettes, des miroirs, et plus encore.\n\n                    <\/div>\n                                    <\/div>\n\n                            <\/div>\n            <\/div>\n    <\/div>\t\t\t\t<\/div>\n\t\t\t\t<\/div>\n\t\t\t\t<\/div>\n\t\t\t\t<\/div>\n\t\t\t\t\t<\/div>\n\t\t\t\t<\/div>\n\t\t\t\t<\/div>\n\t\t","protected":false},"excerpt":{"rendered":"<p>Nous proposons une gamme compl\u00e8te d&rsquo;articles sanitaires et de carreaux haut de gamme pour r\u00e9pondre aux exigences de la construction moderne et du design int\u00e9rieur. Nos produits allient durabilit\u00e9, style et technologie avanc\u00e9e, ce qui en fait le choix parfait pour les projets r\u00e9sidentiels, commerciaux et industriels dans le monde entier.D\u00e9couvrez une qualit\u00e9 sup\u00e9rieure, des designs \u00e9l\u00e9gants et des performances fiables \u2014 le tout sous un m\u00eame toit. En savoir plus Articles sanitaires Toilettes Solutions de toilettes efficaces et \u00e9l\u00e9gantes, comprenant des mod\u00e8les monobloc, deux pi\u00e8ces, suspendus et intelligents. Lavabos Lavabos \u00e9l\u00e9gants sur pied, suspendus, sur plan, sous-plan et en vasque pour tous les espaces Urinoirs Urinoirs performants mont\u00e9s au mur, en cabine, et actionn\u00e9s par capteur, con\u00e7us pour l\u2019hygi\u00e8ne et l\u2019efficacit\u00e9. Baignoires D\u00e9tendez-vous avec notre gamme luxueuse de baignoires autoportantes, encastr\u00e9es et spa Bidets Confort et hygi\u00e8ne avec des bidets au sol et suspendus au mur Solutions de douche Receveurs et bases de douche modernes con\u00e7us pour le style et la durabilit\u00e9 Accessoires Compl\u00e9tez vos espaces avec des distributeurs de savon de qualit\u00e9, des porte-serviettes, des miroirs, et plus encore.<\/p>\n","protected":false},"author":2,"featured_media":0,"parent":0,"menu_order":0,"comment_status":"closed","ping_status":"closed","template":"","meta":{"site-sidebar-layout":"no-sidebar","site-content-layout":"","ast-site-content-layout":"full-width-container","site-content-style":"default","site-sidebar-style":"default","ast-global-header-display":"","ast-banner-title-visibility":"","ast-main-header-display":"","ast-hfb-above-header-display":"","ast-hfb-below-header-display":"","ast-hfb-mobile-header-display":"","site-post-title":"disabled","ast-breadcrumbs-content":"","ast-featured-img":"disabled","footer-sml-layout":"","theme-transparent-header-meta":"","adv-header-id-meta":"","stick-header-meta":"","header-above-stick-meta":"","header-main-stick-meta":"","header-below-stick-meta":"","astra-migrate-meta-layouts":"default","ast-page-background-enabled":"default","ast-page-background-meta":{"desktop":{"background-color":"var(--ast-global-color-5)","background-image":"","background-repeat":"repeat","background-position":"center center","background-size":"auto","background-attachment":"scroll","background-type":"","background-media":"","overlay-type":"","overlay-color":"","overlay-opacity":"","overlay-gradient":""},"tablet":{"background-color":"","background-image":"","background-repeat":"repeat","background-position":"center center","background-size":"auto","background-attachment":"scroll","background-type":"","background-media":"","overlay-type":"","overlay-color":"","overlay-opacity":"","overlay-gradient":""},"mobile":{"background-color":"","background-image":"","background-repeat":"repeat","background-position":"center center","background-size":"auto","background-attachment":"scroll","background-type":"","background-media":"","overlay-type":"","overlay-color":"","overlay-opacity":"","overlay-gradient":""}},"ast-content-background-meta":{"desktop":{"background-color":"var(--ast-global-color-4)","background-image":"","background-repeat":"repeat","background-position":"center center","background-size":"auto","background-attachment":"scroll","background-type":"","background-media":"","overlay-type":"","overlay-color":"","overlay-opacity":"","overlay-gradient":""},"tablet":{"background-color":"var(--ast-global-color-4)","background-image":"","background-repeat":"repeat","background-position":"center center","background-size":"auto","background-attachment":"scroll","background-type":"","background-media":"","overlay-type":"","overlay-color":"","overlay-opacity":"","overlay-gradient":""},"mobile":{"background-color":"var(--ast-global-color-4)","background-image":"","background-repeat":"repeat","background-position":"center center","background-size":"auto","background-attachment":"scroll","background-type":"","background-media":"","overlay-type":"","overlay-color":"","overlay-opacity":"","overlay-gradient":""}},"footnotes":""},"class_list":["post-7010","page","type-page","status-publish","hentry"],"_links":{"self":[{"href":"https:\/\/imkanatinternational.com\/fr\/wp-json\/wp\/v2\/pages\/7010","targetHints":{"allow":["GET"]}}],"collection":[{"href":"https:\/\/imkanatinternational.com\/fr\/wp-json\/wp\/v2\/pages"}],"about":[{"href":"https:\/\/imkanatinternational.com\/fr\/wp-json\/wp\/v2\/types\/page"}],"author":[{"embeddable":true,"href":"https:\/\/imkanatinternational.com\/fr\/wp-json\/wp\/v2\/users\/2"}],"replies":[{"embeddable":true,"href":"https:\/\/imkanatinternational.com\/fr\/wp-json\/wp\/v2\/comments?post=7010"}],"version-history":[{"count":7,"href":"https:\/\/imkanatinternational.com\/fr\/wp-json\/wp\/v2\/pages\/7010\/revisions"}],"predecessor-version":[{"id":7025,"href":"https:\/\/imkanatinternational.com\/fr\/wp-json\/wp\/v2\/pages\/7010\/revisions\/7025"}],"wp:attachment":[{"href":"https:\/\/imkanatinternational.com\/fr\/wp-json\/wp\/v2\/media?parent=7010"}],"curies":[{"name":"wp","href":"https:\/\/api.w.org\/{rel}","templated":true}]}}